{"id":191,"date":"2025-09-13T19:19:27","date_gmt":"2025-09-13T19:19:27","guid":{"rendered":"https:\/\/fatburner.to\/contact\/"},"modified":"2025-09-21T15:52:16","modified_gmt":"2025-09-21T15:52:16","slug":"kontakt","status":"publish","type":"page","link":"https:\/\/fatburner.to\/de\/kontakt\/","title":{"rendered":"Kontakt"},"content":{"rendered":"\t\t<div data-elementor-type=\"wp-page\" data-elementor-id=\"191\" class=\"elementor elementor-191 elementor-154\" data-elementor-post-type=\"page\">\n\t\t\t\t<div class=\"elementor-element elementor-element-82a2ea3 e-flex e-con-boxed e-con e-parent\" data-id=\"82a2ea3\" data-element_type=\"container\">\n\t\t\t\t\t<div class=\"e-con-inner\">\n\t\t<div class=\"elementor-element elementor-element-13cfc56 e-con-full e-flex e-con e-child\" data-id=\"13cfc56\" data-element_type=\"container\">\n\t\t\t\t<div class=\"elementor-element elementor-element-577be5e elementor-widget elementor-widget-heading\" data-id=\"577be5e\" data-element_type=\"widget\" data-widget_type=\"heading.default\">\n\t\t\t\t\t<h1 class=\"elementor-heading-title elementor-size-default\">Brauchen Sie Hilfe oder haben Sie Fragen?<\/h1>\t\t\t\t<\/div>\n\t\t\t\t<div class=\"elementor-element elementor-element-d27c66f elementor-widget elementor-widget-text-editor\" data-id=\"d27c66f\" data-element_type=\"widget\" data-widget_type=\"text-editor.default\">\n\t\t\t\t\t\t\t\t\tWenn Sie Fragen zu unseren Produkten zur Gewichtsreduktion haben, pers\u00f6nliche Beratung w\u00fcnschen oder Unterst\u00fctzung bei Ihrer Bestellung ben\u00f6tigen, z\u00f6gern Sie bitte nicht, uns zu kontaktieren. Unser engagiertes <strong>Kundenservice-Team ist jederzeit f\u00fcr Sie da<\/strong>, um Ihnen zu helfen und Sie bei jedem Schritt Ihres Einkaufserlebnisses zu begleiten.\t\t\t\t\t\t\t\t<\/div>\n\t\t\t\t<div class=\"elementor-element elementor-element-4ae62ac elementor-widget elementor-widget-text-editor\" data-id=\"4ae62ac\" data-element_type=\"widget\" data-widget_type=\"text-editor.default\">\n\t\t\t\t\t\t\t\t\tWir sch\u00e4tzen jeden Kunden und wissen, wie wichtig es ist, klare und verl\u00e4ssliche Informationen zu erhalten. Deshalb ist es f\u00fcr uns oberste Priorit\u00e4t, <strong>jede Nachricht so schnell wie m\u00f6glich zu beantworten \u2013 in der Regel innerhalb von 24 Stunden.<\/strong> Ganz gleich, ob es sich um eine einfache Anfrage oder eine detaillierte Produktberatung handelt \u2013 wir sind da, um sicherzustellen, dass Sie sich beim Einkauf bei uns gut informiert und unterst\u00fctzt f\u00fchlen.\t\t\t\t\t\t\t\t<\/div>\n\t\t\t\t<div class=\"elementor-element elementor-element-aeb52e3 elementor-widget elementor-widget-html\" data-id=\"aeb52e3\" data-element_type=\"widget\" data-widget_type=\"html.default\">\n\t\t\t\t\t<div class=\"contact-emails\">\n  <h3>Kontakt per E-Mail<\/h3>\n  <p>Sie k\u00f6nnen uns auch unter den folgenden E-Mail-Adressen erreichen. Schreiben Sie uns, und unser Team wird so schnell wie m\u00f6glich antworten.<\/p>\n  \n  <div class=\"email-row\">\n    <div class=\"email-name\">Allgemeine Informationen:<\/div>\n    <div class=\"email-link\"><a href=\"mailto:support@fatburner.to\">support@fatburner.to<\/a><\/div>\n  <\/div>\n  \n  <div class=\"email-row\">\n    <div class=\"email-name\">Bestellungen:<\/div>\n    <div class=\"email-link\"><a href=\"mailto:orders@fatburner.to\">orders@fatburner.to<\/a><\/div>\n  <\/div>\n<\/div>\n\t\t\t\t<\/div>\n\t\t\t\t<\/div>\n\t\t<div class=\"elementor-element elementor-element-c6764e2 e-con-full e-flex e-con e-child\" data-id=\"c6764e2\" data-element_type=\"container\" data-settings=\"{&quot;background_background&quot;:&quot;classic&quot;}\">\n\t\t\t\t<div class=\"elementor-element elementor-element-8da8d36 elementor-widget elementor-widget-heading\" data-id=\"8da8d36\" data-element_type=\"widget\" data-widget_type=\"heading.default\">\n\t\t\t\t\t<h2 class=\"elementor-heading-title elementor-size-default\">Kontaktieren Sie uns<\/h2>\t\t\t\t<\/div>\n\t\t\t\t<div class=\"elementor-element elementor-element-63681c9 elementor-widget elementor-widget-text-editor\" data-id=\"63681c9\" data-element_type=\"widget\" data-widget_type=\"text-editor.default\">\n\t\t\t\t\t\t\t\t\tBitte f\u00fcllen Sie die folgenden Felder aus, damit wir Ihnen noch effektiver helfen k\u00f6nnen. Wenn Sie uns wegen eines Produktproblems kontaktieren, hilft uns die Angabe Ihrer <strong>Bestellnummer<\/strong>, Ihr Anliegen noch schneller zu bearbeiten.\t\t\t\t\t\t\t\t<\/div>\n\t\t\t\t<div class=\"elementor-element elementor-element-bb4f2ff fluentform-widget-submit-button-full-width elementor-widget elementor-widget-fluent-form-widget\" data-id=\"bb4f2ff\" data-element_type=\"widget\" data-widget_type=\"fluent-form-widget.default\">\n\t\t\t\t<div class=\"elementor-widget-container\">\n\t\t\t\t\t\n            <div class=\"fluentform-widget-wrapper hide-placeholder fluentform-widget-align-default\">\n\n            \n            <div class='fluentform ff-default fluentform_wrapper_1 ffs_default_wrap'><form data-form_id=\"1\" id=\"fluentform_1\" class=\"frm-fluent-form fluent_form_1 ff-el-form-top ff_form_instance_1_1 ff-form-loading ffs_default\" data-form_instance=\"ff_form_instance_1_1\" method=\"POST\" ><fieldset  style=\"border: none!important;margin: 0!important;padding: 0!important;background-color: transparent!important;box-shadow: none!important;outline: none!important; min-inline-size: 100%;\">\n                    <legend class=\"ff_screen_reader_title\" style=\"display: block; margin: 0!important;padding: 0!important;height: 0!important;text-indent: -999999px;width: 0!important;overflow:hidden;\">Contact<\/legend><input type='hidden' name='__fluent_form_embded_post_id' value='191' \/><input type=\"hidden\" id=\"_fluentform_1_fluentformnonce\" name=\"_fluentform_1_fluentformnonce\" value=\"424adf22c3\" \/><input type=\"hidden\" name=\"_wp_http_referer\" value=\"\/de\/wp-json\/wp\/v2\/pages\/191\" \/><div class='ff-el-group'><div class=\"ff-el-input--label ff-el-is-required asterisk-right\"><label for='ff_1_input_text' id='label_ff_1_input_text' aria-label=\"Name\">Name<\/label><\/div><div class='ff-el-input--content'><input type=\"text\" name=\"input_text\" class=\"ff-el-form-control\" data-name=\"input_text\" id=\"ff_1_input_text\"  aria-invalid=\"false\" aria-required=true><\/div><\/div><div class='ff-el-group'><div class=\"ff-el-input--label ff-el-is-required asterisk-right\"><label for='ff_1_email' id='label_ff_1_email' aria-label=\"Email address\">Email address<\/label><\/div><div class='ff-el-input--content'><input type=\"email\" name=\"email\" id=\"ff_1_email\" class=\"ff-el-form-control\" placeholder=\"Email Address\" data-name=\"email\"  aria-invalid=\"false\" aria-required=true><\/div><\/div><div class='ff-el-group'><div class=\"ff-el-input--label asterisk-right\"><label for='ff_1_subject' id='label_ff_1_subject' aria-label=\"Order number\">Order number<\/label><\/div><div class='ff-el-input--content'><input type=\"text\" name=\"subject\" class=\"ff-el-form-control\" data-name=\"subject\" id=\"ff_1_subject\"  aria-invalid=\"false\" aria-required=false><\/div><\/div><div class='ff-el-group'><div class=\"ff-el-input--label ff-el-is-required asterisk-right\"><label for='ff_1_message' id='label_ff_1_message' aria-label=\"Message\">Message<\/label><\/div><div class='ff-el-input--content'><textarea aria-required=\"true\" aria-labelledby=\"label_ff_1_message\" name=\"message\" id=\"ff_1_message\" class=\"ff-el-form-control\" placeholder=\"Message\" rows=\"4\" cols=\"2\" data-name=\"message\" ><\/textarea><\/div><\/div><div class='ff-el-group ff-text-left ff_submit_btn_wrapper'><button type=\"submit\" class=\"ff-btn ff-btn-submit ff-btn-md ff_btn_style\"  aria-label=\"Send message\">Send message<\/button><\/div><\/fieldset><\/form><div id='fluentform_1_errors' class='ff-errors-in-stack ff_form_instance_1_1 ff-form-loading_errors ff_form_instance_1_1_errors'><\/div><\/div>            <script type=\"text\/javascript\">\n                window.fluent_form_ff_form_instance_1_1 = {\"id\":\"1\",\"settings\":{\"layout\":{\"labelPlacement\":\"top\",\"helpMessagePlacement\":\"with_label\",\"errorMessagePlacement\":\"inline\",\"cssClassName\":\"\",\"asteriskPlacement\":\"asterisk-right\"},\"restrictions\":{\"denyEmptySubmission\":{\"enabled\":false}}},\"form_instance\":\"ff_form_instance_1_1\",\"form_id_selector\":\"fluentform_1\",\"rules\":{\"input_text\":{\"required\":{\"value\":true,\"message\":\"Dieses Feld ist erforderlich\",\"global_message\":\"This field is required\",\"global\":true}},\"email\":{\"required\":{\"value\":true,\"message\":\"This field is required\",\"global\":false,\"global_message\":\"This field is required\"},\"email\":{\"value\":true,\"message\":\"This field must contain a valid email\",\"global\":false,\"global_message\":\"This field must contain a valid email\"}},\"subject\":{\"required\":{\"value\":false,\"message\":\"This field is required\",\"global\":false,\"global_message\":\"This field is required\"}},\"message\":{\"required\":{\"value\":true,\"message\":\"This field is required\",\"global\":false,\"global_message\":\"This field is required\"}}},\"debounce_time\":300};\n                            <\/script>\n                        <\/div>\n\n            \t\t\t\t<\/div>\n\t\t\t\t<\/div>\n\t\t\t\t<\/div>\n\t\t\t\t\t<\/div>\n\t\t\t\t<\/div>\n\t\t\t\t<\/div>\n\t\t","protected":false},"excerpt":{"rendered":"<p>Brauchen Sie Hilfe oder haben Sie Fragen? Wenn Sie Fragen zu unseren Produkten zur Gewichtsreduktion haben, pers\u00f6nliche Beratung w\u00fcnschen oder Unterst\u00fctzung bei Ihrer Bestellung ben\u00f6tigen, z\u00f6gern Sie bitte nicht, uns zu kontaktieren. Unser engagiertes Kundenservice-Team ist jederzeit f\u00fcr Sie da, um Ihnen zu helfen und Sie bei jedem Schritt Ihres Einkaufserlebnisses zu begleiten.Wir sch\u00e4tzen jeden &#8230; <a title=\"Kontakt\" class=\"read-more\" href=\"https:\/\/fatburner.to\/de\/kontakt\/\" aria-label=\"Mehr Informationen \u00fcber Kontakt\">Weiterlesen<\/a><\/p>\n","protected":false},"author":1,"featured_media":0,"parent":0,"menu_order":0,"comment_status":"closed","ping_status":"closed","template":"","meta":{"_acf_changed":false,"footnotes":""},"class_list":["post-191","page","type-page","status-publish"],"acf":[],"_links":{"self":[{"href":"https:\/\/fatburner.to\/de\/wp-json\/wp\/v2\/pages\/191","targetHints":{"allow":["GET"]}}],"collection":[{"href":"https:\/\/fatburner.to\/de\/wp-json\/wp\/v2\/pages"}],"about":[{"href":"https:\/\/fatburner.to\/de\/wp-json\/wp\/v2\/types\/page"}],"author":[{"embeddable":true,"href":"https:\/\/fatburner.to\/de\/wp-json\/wp\/v2\/users\/1"}],"replies":[{"embeddable":true,"href":"https:\/\/fatburner.to\/de\/wp-json\/wp\/v2\/comments?post=191"}],"version-history":[{"count":0,"href":"https:\/\/fatburner.to\/de\/wp-json\/wp\/v2\/pages\/191\/revisions"}],"wp:attachment":[{"href":"https:\/\/fatburner.to\/de\/wp-json\/wp\/v2\/media?parent=191"}],"curies":[{"name":"wp","href":"https:\/\/api.w.org\/{rel}","templated":true}]}}