{"id":538,"date":"2025-09-13T08:50:42","date_gmt":"2025-09-13T08:50:42","guid":{"rendered":"https:\/\/fatburner.to\/termek\/wegovy-1-mg\/"},"modified":"2025-09-18T11:07:58","modified_gmt":"2025-09-18T11:07:58","slug":"wegovy-1-mg","status":"publish","type":"product","link":"https:\/\/fatburner.to\/de\/Produkt\/wegovy-1-mg\/","title":{"rendered":"Wegovy 1 mg"},"content":{"rendered":"<h1>Wegovy-Bestellung: Ihr Weg zu effektivem Gewichtsverlust mit Wegovy 1 mg<\/h1>\n<p>Sind Sie bereit, die Kontrolle \u00fcber Ihre Gesundheit zu \u00fcbernehmen und \u00fcbersch\u00fcssige Pfunde loszuwerden? Die Wegovy-Bestellung bringt Ihnen Wegovy 1 mg, ein revolution\u00e4res verschreibungspflichtiges Medikament von Novo Nordisk, das entwickelt wurde, um nachhaltigen Gewichtsverlust zu erm\u00f6glichen. Von der FDA f\u00fcr das Gewichtsmanagement zugelassen, ist Wegovy ideal f\u00fcr Erwachsene und Jugendliche mit Adipositas oder \u00dcbergewicht mit gesundheitlichen Begleiterkrankungen. <strong>Mit der Wegovy-Bestellung k\u00f6nnen Sie Ihren Appetit reduzieren, Fett verbrennen und Ihre Reise zu einem ges\u00fcnderen Ich beginnen.<\/strong> In diesem Leitfaden tauchen wir in den Wirkstoff ein, erkl\u00e4ren, wie er den Gewichtsverlust f\u00f6rdert, und zeigen, warum Wegovy 1 mg die erste Wahl f\u00fcr eine Transformation Ihres Lebensstils ist.<\/p>\n<h2>Was ist Wegovy 1 mg und wie unterst\u00fctzt es den Gewichtsverlust?<\/h2>\n<p>Wegovy 1 mg ist ein einmal w\u00f6chentlich injizierbares Medikament, das von Semaglutid, einem Glucagon-\u00e4hnlichen Peptid-1 (GLP-1)-Rezeptor-Agonisten, angetrieben wird. Es ist f\u00fcr Erwachsene mit Adipositas (BMI \u226530), Erwachsene mit \u00dcbergewicht (BMI \u226527) mit Erkrankungen wie Typ-2-Diabetes oder Bluthochdruck sowie Jugendliche ab 12 Jahren mit Adipositas konzipiert. <strong>Die Wegovy-Bestellung bietet ein Medikament, das den Appetit z\u00fcgelt und das S\u00e4ttigungsgef\u00fchl verst\u00e4rkt, um ein Kaloriendefizit f\u00fcr den Gewichtsverlust zu erreichen.<\/strong> Dies macht es zur idealen Wahl f\u00fcr diejenigen, die sich durch Ern\u00e4hrung und Bewegung dem Abnehmen widmen.<br \/>\nSemaglutid, der Wirkstoff, imitiert ein nat\u00fcrliches Hormon, das den Appetit und den Stoffwechsel reguliert. Durch die Wegovy-Bestellung erhalten Sie Zugang zu einem Medikament, das durch umfangreiche klinische Forschung gest\u00fctzt wird und bei Erwachsenen einen durchschnittlichen Gewichtsverlust von 15 % \u00fcber 68 Wochen zeigt. Wegovy 1 mg dient als Schl\u00fcsseldosis im Titrationsschema, um die Vertr\u00e4glichkeit aufzubauen, bevor die Erhaltungsdosis von 2,4 mg erreicht wird. Seine bew\u00e4hrte Wirksamkeit und einfache Anwendung machen die Wegovy-Bestellung bahnbrechend f\u00fcr das Gewichtsmanagement.<\/p>\n<h3>Der Wirkstoff: Semaglutid<\/h3>\n<p>Die Kraft hinter Wegovy 1 mg liegt in <strong>Semaglutid<\/strong>, einer synthetischen Version des GLP-1-Hormons, das nat\u00fcrlicherweise im Darm produziert wird. Semaglutid bindet an GLP-1-Rezeptoren im Gehirn, signalisiert S\u00e4ttigung und reduziert den Hunger, wodurch Sie weniger essen, ohne sich benachteiligt zu f\u00fchlen. <strong>Die Wegovy-Bestellung nutzt die appetitz\u00fcglerischen Vorteile von Semaglutid, um das Einhalten einer gesunden, kalorienarmen Ern\u00e4hrung zu erleichtern.<\/strong> Es verlangsamt auch die Magenentleerung, h\u00e4lt Sie l\u00e4nger satt und reduziert Hei\u00dfhunger auf kalorienreiche Lebensmittel.<br \/>\nSemaglutid wurde urspr\u00fcnglich f\u00fcr die Behandlung von Typ-2-Diabetes entwickelt (wie in Ozempic und Rybelsus zu sehen) und erhielt 2021 die FDA-Zulassung f\u00fcr den Gewichtsverlust unter dem Markennamen Wegovy. In der STEP-1-Studie verloren 83 % der Erwachsenen, die Wegovy verwendeten, mindestens 5 % ihres K\u00f6rpergewichts, im Vergleich zu 31 % bei Placebo. Die Wegovy-Bestellung liefert ein Medikament mit einer bew\u00e4hrten Erfolgsbilanz, gest\u00fctzt durch die jahrzehntelange Expertise von Novo Nordisk in der Forschung zu metabolischer Gesundheit.<\/p>\n<h2>Wie f\u00f6rdert die Wegovy-Bestellung den Gewichtsverlust?<\/h2>\n<p>Die Wegovy-Bestellung bef\u00e4higt Sie mit einem Medikament, das den Gewichtsverlust durch mehrere Mechanismen f\u00f6rdert. Semaglutid imitiert GLP-1, interagiert mit Gehirnrezeptoren, um den Appetit zu reduzieren und die S\u00e4ttigung zu erh\u00f6hen, was Ihnen hilft, weniger Kalorien zu konsumieren. <strong>Diese Appetitunterdr\u00fcckung macht die Wegovy-Bestellung zu einem kraftvollen Werkzeug f\u00fcr nachhaltigen Gewichtsverlust.<\/strong> Zudem verlangsamt Wegovy die Magenentleerung, was das S\u00e4ttigungsgef\u00fchl verl\u00e4ngert und den Drang zum Naschen reduziert.<br \/>\nIm Gegensatz zu stimulanzienbasierten Abnehm-Medikamenten arbeitet Wegovy im Einklang mit den nat\u00fcrlichen Systemen Ihres K\u00f6rpers, was es zu einer sicheren und effektiven Option f\u00fcr die Langzeitanwendung macht. Klinische Studien zeigen, dass Wegovy-Anwender \u00fcber 68 Wochen bis zu 15 % ihres K\u00f6rpergewichts verlieren k\u00f6nnen, mit signifikanten Verbesserungen des Taillenumfangs, des Blutdrucks und der Cholesterinwerte. Die Wegovy-Bestellung ist darauf ausgelegt, einen gesunden Lebensstil zu erg\u00e4nzen, Ihnen zu helfen, Fett zu verbrennen und Ihre Fortschritte langfristig zu halten.<\/p>\n<h3>Die Wissenschaft hinter dem Wirkmechanismus von Semaglutid<\/h3>\n<p>Bei der Wegovy-Bestellung bindet Semaglutid an GLP-1-Rezeptoren im Hypothalamus, der Gehirnregion, die Hunger und Energiehaushalt reguliert. Diese Bindung reduziert den Appetit, sodass Sie sich mit kleineren Portionen zufrieden f\u00fchlen und weniger wahrscheinlich nach kalorienreichen Lebensmitteln verlangen. Semaglutid verlangsamt auch die Magenentleerung, verz\u00f6gert die Verdauung und verst\u00e4rkt das S\u00e4ttigungsgef\u00fchl. <strong>Die Wegovy-Bestellung unterst\u00fctzt ein Kaloriendefizit durch die Reduktion der Nahrungsaufnahme, was f\u00fcr nachhaltigen Gewichtsverlust entscheidend ist.<\/strong> In einer Studie von 2021 verloren Erwachsene, die Wegovy verwendeten, im Durchschnitt 15 % ihres K\u00f6rpergewichts, im Vergleich zu 2,4 % bei Placebo.<br \/>\nSemaglutid f\u00f6rdert auch die Insulinsekretion und hemmt die Glucagonfreisetzung auf glukoseabh\u00e4ngige Weise, stabilisiert die Blutzuckerwerte und verhindert Energieeinbr\u00fcche, die zu \u00fcberm\u00e4\u00dfigem Essen f\u00fchren. Diese metabolische Regulierung reduziert die Fettspeicherung und unterst\u00fctzt die Fettverbrennung. Bei Jugendlichen reduzierte Wegovy den BMI \u00fcber 68 Wochen um 16,1 %, wobei 77 % mindestens eine 5 %-Reduktion erreichten. Die Wegovy-Bestellung bietet einen wissenschaftlich validierten Ansatz f\u00fcr den Gewichtsverlust, der sowohl Appetit als auch Stoffwechsel f\u00fcr optimale Ergebnisse anspricht.<\/p>\n<h4>Wie Wegovy die Fettverbrennung ausl\u00f6st<\/h4>\n<p>Die Wegovy-Bestellung f\u00f6rdert die Fettverbrennung, indem sie durch reduzierten Appetit und langsamere Verdauung ein Kaloriendefizit schafft. Durch den Verzehr von weniger Kalorien greift Ihr K\u00f6rper auf gespeicherte Fettreserven zur\u00fcck, was zu Gewichtsverlust f\u00fchrt. Klinische Studien zeigen, dass 66 % der Wegovy-Anwender mindestens 10 % ihres K\u00f6rpergewichts verlieren, einige erreichen bis zu 20 % Verlust (etwa 21 kg bei einem Startgewicht von 105 kg). <strong>Die Wegovy-Bestellung f\u00f6rdert die Verbrennung von Fettreserven, insbesondere in Kombination mit Bewegung und einer kalorienarmen Ern\u00e4hrung.<\/strong><br \/>\nDie Wirkung von Semaglutid auf die Insulinsensitivit\u00e4t reduziert auch die Fettspeicherung und f\u00f6rdert Fettverbrennungsprozesse. Durch die Stabilisierung des Blutzuckers verhindert Wegovy Spitzen, die zu Hei\u00dfhunger f\u00fchren, und hilft Ihnen, ein konstantes Kaloriendefizit aufrechtzuerhalten. Studien haben Reduktionen des viszeralen Fetts gezeigt, das mit Herzkrankheiten und Diabetes verbunden ist, und verbessern die allgemeine Gesundheit. Die Wegovy-Bestellung ist ein kraftvolles Werkzeug f\u00fcr diejenigen, die Fett verbrennen und eine schlankere Figur erreichen m\u00f6chten.<\/p>\n<h3>Die Rolle von Wegovy im langfristigen Gewichtsmanagement<\/h3>\n<p>Die Aufrechterhaltung des Gewichtsverlusts ist oft schwieriger als der anf\u00e4ngliche Verlust. Die Wegovy-Bestellung unterst\u00fctzt langfristigen Erfolg durch anhaltende Appetitunterdr\u00fcckung und die F\u00f6rderung gesunder Essgewohnheiten. In einer 68-w\u00f6chigen Studie verloren Wegovy-Anwender, die die Behandlung nach 20 Wochen fortsetzten, zus\u00e4tzlich 8 % ihres K\u00f6rpergewichts, w\u00e4hrend diejenigen, die auf Placebo wechselten, 7 % wieder zunahmen. <strong>Die Wegovy-Bestellung hilft Ihnen, den Gewichtsverlust zu halten, indem sie den Hunger im Zaum h\u00e4lt und einen ausgewogenen Lebensstil unterst\u00fctzt.<\/strong><br \/>\nWegovy ist am effektivsten in Kombination mit einer kalorienreduzierten Ern\u00e4hrung und erh\u00f6hter k\u00f6rperlicher Aktivit\u00e4t. Ihr Arzt wird Ihren Fortschritt nach 12 Wochen bei der Erhaltungsdosis (typischerweise 2,4 mg, obwohl einige bei 1 mg bleiben, wenn besser vertr\u00e4glich) \u00fcberwachen. Wenn Sie keinen Gewichtsverlust von mindestens 5 % erreichen, k\u00f6nnen alternative Behandlungen in Betracht gezogen werden. Die Wegovy-Bestellung bietet einen strukturierten Ansatz f\u00fcr das Gewichtsmanagement, der Ihnen hilft, dauerhafte Gewohnheiten f\u00fcr eine ges\u00fcndere Zukunft aufzubauen.<\/p>\n<h2>Wichtige Hinweise zur Wegovy-Bestellung<\/h2>\n<p>Die Wegovy-Bestellung bietet eine kraftvolle L\u00f6sung f\u00fcr den Gewichtsverlust, ist jedoch nicht f\u00fcr jeden geeignet. Sie ist kontraindiziert f\u00fcr Personen mit einer pers\u00f6nlichen oder famili\u00e4ren Vorgeschichte von medull\u00e4rem Schilddr\u00fcsenkarzinom (MTC), Multiplem Endokrinem Neoplasie-Syndrom Typ 2 (MEN 2) oder \u00dcberempfindlichkeit gegen Semaglutid. <strong>Konsultieren Sie immer Ihren Arzt, bevor Sie mit der Wegovy-Bestellung beginnen, um sicherzustellen, dass es f\u00fcr Ihre Gesundheitsbed\u00fcrfnisse sicher ist.<\/strong> H\u00e4ufige Nebenwirkungen sind \u00dcbelkeit, Durchfall, Erbrechen und Verstopfung, die in der Regel mit der Zeit abnehmen, wenn sich Ihr K\u00f6rper anpasst.<br \/>\nSchwere Risiken wie Pankreatitis, Gallenblasenprobleme oder Schilddr\u00fcsentumore sind selten, erfordern jedoch sofortige medizinische Aufmerksamkeit. Wegovy kann mit Diabetes-Medikamenten wie Sulfonylharnstoffen oder Insulin interagieren und das Risiko einer Hypoglyk\u00e4mie erh\u00f6hen. Informieren Sie Ihren Arzt \u00fcber alle Medikamente und Nahrungserg\u00e4nzungsmittel, die Sie einnehmen. Die Wegovy-Bestellung sollte unter \u00e4rztlicher Aufsicht verwendet werden, um Sicherheit und Wirksamkeit zu gew\u00e4hrleisten.<\/p>\n<h3>Warum ist die Wegovy-Bestellung effektiv f\u00fcr den Gewichtsverlust?<\/h3>\n<p>Die Wegovy-Bestellung ist effektiv, weil sie die Hauptursachen f\u00fcr \u00fcberm\u00e4\u00dfiges Essen anspricht. Die F\u00e4higkeit von Semaglutid, den Appetit zu reduzieren und die Magenentleerung zu verlangsamen, hilft Ihnen, weniger Kalorien zu konsumieren und sich l\u00e4nger satt zu f\u00fchlen. <strong>Klinische Studien zeigen, dass 83 % der Erwachsenen, die die Wegovy-Bestellung nutzen, mindestens 5 % ihres K\u00f6rpergewichts verlieren, was es zu einer zuverl\u00e4ssigen Wahl f\u00fcr das Adipositas-Management macht.<\/strong> Es verbessert auch die metabolische Gesundheit, indem es Blutdruck, Cholesterin und Blutzuckerwerte senkt.<br \/>\nNeben dem Gewichtsverlust hat sich gezeigt, dass Wegovy das Risiko kardiovaskul\u00e4rer Ereignisse wie Herzinfarkt und Schlaganfall bei Erwachsenen mit Herzkrankheiten und Adipositas reduziert. Eine Studie von 2021 berichtete von einem kleineren Taillenumfang und niedrigerem Blutdruck bei Wegovy-Anwendern, was die umfassenderen gesundheitlichen Vorteile unterstreicht. Die Wegovy-Bestellung bef\u00e4higt Sie, nachhaltigen Gewichtsverlust zu erreichen und Ihre allgemeine Gesundheit mit der richtigen \u00e4rztlichen Anleitung zu verbessern.<\/p>\n<h2>Warum die Wegovy-Bestellung f\u00fcr Ihre Gewichtsverlustreise w\u00e4hlen?<\/h2>\n<p>Die Wegovy-Bestellung bietet eine wissenschaftlich bew\u00e4hrte L\u00f6sung f\u00fcr diejenigen, die mit Adipositas oder gewichtsbedingten Gesundheitsproblemen k\u00e4mpfen. Angetrieben von Semaglutid unterdr\u00fcckt Wegovy den Appetit, verlangsamt die Verdauung und unterst\u00fctzt die Fettverbrennung, um signifikanten Gewichtsverlust zu erm\u00f6glichen. <strong>Mit der Wegovy-Bestellung k\u00f6nnen Sie Ihre Gesundheit transformieren und nachhaltige Gewohnheiten f\u00fcr langfristigen Erfolg entwickeln.<\/strong> Die einmal w\u00f6chentliche Injektion ist einfach zu verabreichen und passt nahtlos in Ihren Lebensstil.<br \/>\nWenn Sie bereit sind, den n\u00e4chsten Schritt zu machen, sprechen Sie mit Ihrem Arzt \u00fcber die Wegovy-Bestellung. Mit der Expertise von Novo Nordisk und einem Engagement f\u00fcr eine gesunde Ern\u00e4hrung und Bewegung kann Wegovy 1 mg Ihnen helfen, Ihre Gewichtsverlustziele zu erreichen und ein ges\u00fcnderes, selbstbewussteres Ich zu entfalten. Starten Sie Ihre Reise heute mit der Wegovy-Bestellung und erschlie\u00dfen Sie eine strahlendere Zukunft!<\/p>\n","protected":false},"excerpt":{"rendered":"<p>Wegovy 1 mg, angetrieben von <strong>Semaglutid<\/strong>, ist eine bew\u00e4hrte L\u00f6sung zur Gewichtsreduktion, die den Appetit z\u00fcgelt und die Fettverbrennung f\u00f6rdert. Wegovy hilft Ihnen, ein Kaloriendefizit f\u00fcr nachhaltigen Gewichtsverlust zu erreichen. <strong>Ideal f\u00fcr alle, die \u00fcbersch\u00fcssiges Gewicht verlieren m\u00f6chten, funktioniert Wegovy am besten in Kombination mit einer kalorienarmen Ern\u00e4hrung und Bewegung.<\/strong> Starten Sie Ihre Transformation heute mit Wegovy!<\/p>\n","protected":false},"featured_media":710,"comment_status":"open","ping_status":"closed","template":"","meta":{"_acf_changed":false},"product_brand":[],"product_cat":[38],"product_tag":[],"class_list":{"0":"post-538","1":"product","2":"type-product","3":"status-publish","4":"has-post-thumbnail","6":"product_cat-semaglutide-de","8":"first","9":"instock","10":"sale","11":"shipping-taxable","12":"purchasable","13":"product-type-simple"},"acf":[],"_links":{"self":[{"href":"https:\/\/fatburner.to\/de\/wp-json\/wp\/v2\/product\/538","targetHints":{"allow":["GET"]}}],"collection":[{"href":"https:\/\/fatburner.to\/de\/wp-json\/wp\/v2\/product"}],"about":[{"href":"https:\/\/fatburner.to\/de\/wp-json\/wp\/v2\/types\/product"}],"replies":[{"embeddable":true,"href":"https:\/\/fatburner.to\/de\/wp-json\/wp\/v2\/comments?post=538"}],"wp:featuredmedia":[{"embeddable":true,"href":"https:\/\/fatburner.to\/de\/wp-json\/wp\/v2\/media\/710"}],"wp:attachment":[{"href":"https:\/\/fatburner.to\/de\/wp-json\/wp\/v2\/media?parent=538"}],"wp:term":[{"taxonomy":"product_brand","embeddable":true,"href":"https:\/\/fatburner.to\/de\/wp-json\/wp\/v2\/product_brand?post=538"},{"taxonomy":"product_cat","embeddable":true,"href":"https:\/\/fatburner.to\/de\/wp-json\/wp\/v2\/product_cat?post=538"},{"taxonomy":"product_tag","embeddable":true,"href":"https:\/\/fatburner.to\/de\/wp-json\/wp\/v2\/product_tag?post=538"}],"curies":[{"name":"wp","href":"https:\/\/api.w.org\/{rel}","templated":true}]}}