{"id":683,"date":"2025-09-08T15:59:58","date_gmt":"2025-09-08T15:59:58","guid":{"rendered":"https:\/\/fatburner.to\/termek\/novo-nordisk-ozempic-1-mg\/"},"modified":"2025-09-19T16:39:09","modified_gmt":"2025-09-19T16:39:09","slug":"novo-nordisk-ozempic-1-mg","status":"publish","type":"product","link":"https:\/\/fatburner.to\/de\/Produkt\/novo-nordisk-ozempic-1-mg\/","title":{"rendered":"Ozempic 1 mg"},"content":{"rendered":"<h2>Ozempic Bestellung: Ihr Weg zum Gewichtsverlust mit Ozempic 1 mg von Novo Nordisk<\/h2>\n<p>Sind Sie bereit, Ihr Gewicht und Ihre Gesundheit in die Hand zu nehmen? Die Bestellung von Ozempic bietet eine leistungsstarke, wissenschaftlich fundierte L\u00f6sung f\u00fcr diejenigen, die \u00fcbersch\u00fcssige Pfunde verlieren und ihr Wohlbefinden verbessern m\u00f6chten. Entwickelt von Novo Nordisk, einem seit 1923 vertrauensw\u00fcrdigen Namen im Gesundheitswesen, ist Ozempic 1 mg ein verschreibungspflichtiges Medikament, das haupts\u00e4chlich zur Behandlung von Typ-2-Diabetes entwickelt wurde, aber aufgrund seiner signifikanten Vorteile beim Gewichtsverlust Aufmerksamkeit erregt hat. <strong>Mit der Bestellung von Ozempic erhalten Sie Zugang zu einem Medikament, das Ihnen hilft, sich l\u00e4nger satt zu f\u00fchlen, weniger zu essen und Fett effektiv zu verbrennen, alles durch einen praktischen vorgef\u00fcllten Pen.<\/strong> In diesem Leitfaden untersuchen wir, wie Ozempic wirkt, seine aktive Substanz und warum es ein Game-Changer f\u00fcr das Gewichtsmanagement ist.<\/p>\n<h2>Was ist Ozempic und wie unterst\u00fctzt es den Gewichtsverlust?<\/h2>\n<p>Ozempic ist ein w\u00f6chentlich injizierbares Medikament, das das Leben vieler Menschen durch Unterst\u00fctzung beim Gewichtsverlust und Verbesserung der metabolischen Gesundheit ver\u00e4ndert hat. Hergestellt von Novo Nordisk, ist Ozempic von der FDA f\u00fcr Erwachsene mit Typ-2-Diabetes zugelassen, um die Blutzuckerkontrolle zu verbessern und das Risiko schwerwiegender kardiovaskul\u00e4rer Ereignisse, wie Herzinfarkt oder Schlaganfall, bei Personen mit bekannter Herzkrankheit zu reduzieren. <strong>Obwohl es nicht ausdr\u00fccklich f\u00fcr den Gewichtsverlust zugelassen ist, ist die Bestellung von Ozempic bei denen beliebt geworden, die \u00fcbersch\u00fcssiges Gewicht verlieren m\u00f6chten, aufgrund seiner bew\u00e4hrten F\u00e4higkeit, den Appetit zu reduzieren und die Fettverbrennung zu f\u00f6rdern.<\/strong> Es ist auch f\u00fcr Erwachsene mit chronischer Nierenerkrankung geeignet, wo es hilft, das Risiko von Nierenkomplikationen zu verringern.<\/p>\n<p>Die aktive Substanz in Ozempic, Semaglutid, ist ein Glucagon-\u00e4hnlicher Peptid-1 (GLP-1)-Rezeptor-Agonist, der ein nat\u00fcrliches Hormon in Ihrem K\u00f6rper nachahmt. Durch die Bestellung von Ozempic erhalten Sie Zugang zu einem Medikament, das zusammen mit einer gesunden Ern\u00e4hrung und Bewegung Ihnen hilft, nachhaltigen Gewichtsverlust zu erreichen. Seine Benutzerfreundlichkeit und Wirksamkeit machen es zu einer attraktiven Wahl f\u00fcr diejenigen, die entschlossen sind, Pfunde zu verlieren und einen ges\u00fcnderen Lebensstil zu f\u00fchren.<\/p>\n<h3>Die aktive Substanz: Semaglutid<\/h3>\n<p>Im Kern der Wirksamkeit von Ozempic liegt <strong>Semaglutid<\/strong>, eine synthetische Version des GLP-1-Hormons, das im Darm produziert wird. Dieses Hormon reguliert Blutzucker, Verdauung und Appetit und spielt eine entscheidende Rolle f\u00fcr die metabolische Gesundheit. Wenn Sie Ozempic bestellen, hilft Semaglutid, ein Gef\u00fchl der S\u00e4ttigung zu erzeugen, den Hunger zu reduzieren und das Einhalten einer kalorienreduzierten Ern\u00e4hrung zu erleichtern. <strong>Die Bestellung von Ozempic bietet ein Medikament, das die einzigartigen Eigenschaften von Semaglutid nutzt, um den Gewichtsverlust zu unterst\u00fctzen und die allgemeine Gesundheit zu verbessern.<\/strong><\/p>\n<p>Semaglutid wurde von Novo Nordisk als l\u00e4nger wirkende Alternative zu fr\u00fcheren GLP-1-Rezeptor-Agonisten wie Liraglutid entwickelt. 2017 von der FDA f\u00fcr Typ-2-Diabetes zugelassen, erregte Semaglutid schnell Aufmerksamkeit f\u00fcr sein Gewichtsverlustpotenzial, wie in den SUSTAIN-Klinikstudien gezeigt. In diesen Studien erlebten Patienten, die Ozempic 1 mg verwendeten, im Durchschnitt einen Gewichtsverlust von 3,5 kg mehr als Placebo \u00fcber 30 Wochen, was zeigt, warum die Bestellung von Ozempic eine \u00fcberzeugende Option f\u00fcr diejenigen ist, die Fett verbrennen m\u00f6chten.<\/p>\n<h2>Wie f\u00f6rdert Ozempic den Gewichtsverlust?<\/h2>\n<p>Der einzigartige Wirkmechanismus von Ozempic unterscheidet es von anderen L\u00f6sungen zur Gewichtsreduktion. Durch die Nachahmung des GLP-1-Hormons interagiert Semaglutid mit Rezeptoren im Hypothalamus des Gehirns, der Appetit und S\u00e4ttigung kontrolliert. <strong>Diese Interaktion reduziert den Hunger, hilft Ihnen, sich mit kleineren Portionen zufrieden zu f\u00fchlen und Hei\u00dfhunger auf kalorienreiche Lebensmittel zu z\u00fcgeln.<\/strong> Die Bestellung von Ozempic bietet ein Werkzeug, das im Einklang mit den nat\u00fcrlichen Systemen Ihres K\u00f6rpers arbeitet, um nachhaltigen Gewichtsverlust zu unterst\u00fctzen.<\/p>\n<p>Jenseits der Appetitunterdr\u00fcckung verlangsamt Ozempic die Magenentleerung, was bedeutet, dass die Nahrung l\u00e4nger in Ihrem Magen bleibt und das S\u00e4ttigungsgef\u00fchl verst\u00e4rkt. Diese doppelte Wirkung \u2013 Reduktion des Appetits und Verl\u00e4ngerung der S\u00e4ttigung \u2013 macht die Bestellung von Ozempic zu einer kraftvollen Wahl f\u00fcr diejenigen, die abnehmen m\u00f6chten. Lassen Sie uns tiefer in die Wissenschaft hinter seinem Wirkmechanismus eintauchen.<\/p>\n<h3>Die Wissenschaft hinter dem Wirkmechanismus von Ozempic<\/h3>\n<p>Wenn Sie Ozempic injizieren, bindet Semaglutid an GLP-1-Rezeptoren im Hypothalamus und signalisiert Ihrem Gehirn, den Appetit zu senken und das S\u00e4ttigungsgef\u00fchl zu erh\u00f6hen. Dies hilft Ihnen, weniger Kalorien zu konsumieren, ohne sich benachteiligt zu f\u00fchlen. Zus\u00e4tzlich regt Semaglutid die Insulinsekretion an und hemmt die Glucagonfreisetzung auf glukoseabh\u00e4ngige Weise, stabilisiert die Blutzuckerspiegel und verhindert Energieschwankungen, die zu \u00fcberm\u00e4\u00dfigem Essen f\u00fchren k\u00f6nnen. <strong>Die Bestellung von Ozempic bef\u00e4higt Sie, ein Kaloriendefizit aufrechtzuerhalten, einen Schl\u00fcsselfaktor f\u00fcr nachhaltigen Gewichtsverlust.<\/strong><\/p>\n<p>Klinische Studien wie die SUSTAIN-1-Studie (NCT02054897) haben die Wirksamkeit von Ozempic gezeigt. In einer 30-w\u00f6chigen Studie verloren Patienten, die Ozempic 1 mg verwendeten, im Durchschnitt 3,5 kg mehr als diejenigen mit Placebo, wobei 73 % einen A1C-Wert von 7 % oder weniger erreichten. Obwohl Ozempic nicht f\u00fcr den Gewichtsverlust von der FDA zugelassen ist, nutzt sein Schwestermedikament Wegovy eine h\u00f6here Dosis von Semaglutid f\u00fcr diesen Zweck. <strong>Mit der Bestellung von Ozempic k\u00f6nnen Sie diese Vorteile nutzen, um Ihre Gewichtsverlustreise zu unterst\u00fctzen, wenn sie mit Ern\u00e4hrung und Bewegung kombiniert wird.<\/strong><\/p>\n<p>Ozempic verbessert auch metabolische Gesundheitsmarker wie die Insulinsensitivit\u00e4t, was die Fettspeicherung reduzieren und die Fettverbrennung f\u00f6rdern kann. Durch die Stabilisierung des Blutzuckers hilft Ozempic, Spitzen und Einbr\u00fcche zu vermeiden, die oft Hei\u00dfhungerattacken ausl\u00f6sen, was das Einhalten eines gesunden Ern\u00e4hrungsplans erleichtert. Die Bestellung von Ozempic ist ein praktischer Schritt, um Ihre Gewichtsverlustziele mit einem wissenschaftlich fundierten Ansatz zu erreichen.<\/p>\n<h4>Wie Ozempic die Fettverbrennung ausl\u00f6st<\/h4>\n<p>Ozempic verbrennt nicht direkt Fett, sondern schafft die Bedingungen daf\u00fcr, dass Ihr K\u00f6rper dies effizient tut. Durch die Reduktion des Appetits und F\u00f6rderung der S\u00e4ttigung hilft Ozempic Ihnen, weniger Kalorien zu konsumieren, was zu einem Kaloriendefizit f\u00fchrt. Wenn Ihr K\u00f6rper mehr Kalorien verbraucht als er aufnimmt, beginnt er, gespeichertes Fett f\u00fcr Energie zu verbrennen. <strong>Die Bestellung von Ozempic unterst\u00fctzt diesen Prozess, indem es das Aufrechterhalten eines Kaloriendefizits erleichtert, insbesondere in Kombination mit regelm\u00e4\u00dfiger Bewegung und einer ausgewogenen Ern\u00e4hrung.<\/strong><\/p>\n<p>Die Wirkung von Semaglutid auf die Insulinsensitivit\u00e4t spielt ebenfalls eine Rolle bei der Fettverbrennung. Durch die Verbesserung der Art und Weise, wie Ihr K\u00f6rper Glukose verarbeitet, reduziert Ozempic die Wahrscheinlichkeit, dass \u00fcbersch\u00fcssige Kalorien als Fett gespeichert werden. In klinischen Studien erlebten Patienten, die Ozempic verwendeten, signifikante Reduktionen des K\u00f6rpergewichts, wobei einige \u00fcber l\u00e4ngere Zeitr\u00e4ume bis zu 6,4 kg verloren. <strong>Die Bestellung von Ozempic bietet ein zuverl\u00e4ssiges Werkzeug, um Fett zu verbrennen und eine ges\u00fcndere K\u00f6rperzusammensetzung zu erreichen.<\/strong><\/p>\n<h3>Die Rolle von Ozempic im langfristigen Gewichtsmanagement<\/h3>\n<p>Die Aufrechterhaltung des Gewichtsverlusts ist oft schwieriger als der anf\u00e4ngliche Verlust. Ozempic ist f\u00fcr den Langzeitgebrauch konzipiert und hilft Ihnen, Ihren Fortschritt \u00fcber die Zeit hinweg zu erhalten. In klinischen Studien erlebten Patienten, die Ozempic verwendeten, \u00fcber 30\u201356 Wochen einen kontinuierlichen Gewichtsverlust, wobei viele ihre Ergebnisse bei fortlaufender Behandlung beibehielten. <strong>Die Bestellung von Ozempic bietet eine nachhaltige L\u00f6sung f\u00fcr diejenigen, die sich dem langfristigen Gewichtsmanagement verschrieben haben.<\/strong><\/p>\n<p>Ozempic wirkt am besten in Kombination mit Lebensstil\u00e4nderungen, wie der Einf\u00fchrung einer n\u00e4hrstoffreichen Ern\u00e4hrung und erh\u00f6hter k\u00f6rperlicher Aktivit\u00e4t. Ihr Gesundheitsdienstleister wird Ihren Fortschritt nach 12\u201316 Wochen bei der Erhaltungsdosis (1 mg oder 2 mg w\u00f6chentlich) \u00fcberwachen. Wenn der Gewichtsverlust oder die Blutzuckerkontrolle nicht ausreichend ist, kann Ihr Plan angepasst werden. Die Bestellung von Ozempic unterst\u00fctzt einen umfassenden Ansatz f\u00fcr das Gewichtsmanagement und hilft Ihnen, Gewohnheiten f\u00fcr dauerhaften Erfolg aufzubauen.<\/p>\n<h2>Die Bequemlichkeit des vorgef\u00fcllten Ozempic-Pens<\/h2>\n<p>Die Bestellung von Ozempic gibt Ihnen Zugang zum <strong>Ozempic FlexTouch Pen<\/strong>, einem vorgef\u00fcllten, f\u00fcr den einmaligen Gebrauch bestimmten Pen, der w\u00f6chentliche Injektionen einfach und bequem macht. Jeder Pen enth\u00e4lt eine 1,34 mg\/ml-L\u00f6sung von Semaglutid und liefert Dosen von 0,25 mg, 0,5 mg oder 1 mg, mit einer 2-mg-Option f\u00fcr einige Patienten. <strong>Der Ozempic FlexTouch Pen ist f\u00fcr Benutzerfreundlichkeit konzipiert und macht die Bestellung von Ozempic zu einer praktischen Wahl f\u00fcr vielbesch\u00e4ftigte Personen.<\/strong> Seine Tragbarkeit und unkompliziertes Design sorgen daf\u00fcr, dass Sie Ihren Behandlungsplan \u00fcberall und jederzeit einhalten k\u00f6nnen.<\/p>\n<h3>Wie man den vorgef\u00fcllten Ozempic-Pen verwendet<\/h3>\n<p>Der Ozempic FlexTouch Pen ist benutzerfreundlich, auch f\u00fcr diejenigen, die neu bei injizierbaren Medikamenten sind. Er ist f\u00fcr die subkutane Injektion unter die Haut von Bauch, Oberschenkel oder Oberarm konzipiert und kann einmal w\u00f6chentlich, mit oder ohne Mahlzeiten, verabreicht werden. <strong>Die Bestellung von Ozempic vereinfacht Ihre Routine mit einem Pen, der kein Mischen oder Messen erfordert und jedes Mal eine genaue Dosierung gew\u00e4hrleistet.<\/strong> Der Pen wird mit NovoFine Plus 32G 4 mm-Nadeln geliefert, die zu den d\u00fcnnsten verf\u00fcgbaren geh\u00f6ren und Beschwerden minimieren.<\/p>\n<p>Um den Pen zu verwenden, befestigen Sie eine neue Nadel, w\u00e4hlen die vorgeschriebene Dosis und injizieren. Der Vorgang dauert Sekunden, und die klare, farblose L\u00f6sung des Pens sollte vor der Verwendung \u00fcberpr\u00fcft werden. Beginnen Sie mit 0,25 mg w\u00f6chentlich f\u00fcr vier Wochen, dann erh\u00f6hen Sie auf 0,5 mg oder 1 mg, wie von Ihrem Arzt angewiesen, um Nebenwirkungen wie \u00dcbelkeit zu minimieren. Novo Nordisk bietet Unterst\u00fctzung durch die Ozempic-Hotline (1-888-693-6742) und Online-Ressourcen, um Sie zu f\u00fchren. Die Bestellung von Ozempic stellt sicher, dass Sie die Werkzeuge und Unterst\u00fctzung f\u00fcr eine sichere Anwendung haben.<\/p>\n<h4>Warum der vorgef\u00fcllte Pen ein Game-Changer ist<\/h4>\n<p>Der Ozempic FlexTouch Pen revolutioniert das Gewichtsmanagement mit seiner Einfachheit und Tragbarkeit. Sein kompaktes Design passt leicht in eine Tasche oder einen Beutel und erm\u00f6glicht diskrete Injektionen unterwegs. Der Dosisw\u00e4hler und die feinen Nadeln des Pens machen Injektionen schnell und nahezu schmerzlos und f\u00f6rdern die Einhaltung. <strong>Die Bestellung von Ozempic mit dem FlexTouch Pen beseitigt die Komplexit\u00e4t traditioneller Behandlungen und l\u00e4sst Sie sich auf Ihre Gewichtsverlustreise konzentrieren.<\/strong><\/p>\n<p>Die Haltbarkeit des Pens erm\u00f6glicht die Lagerung bei Raumtemperatur f\u00fcr bis zu 56 Tage nach dem ersten Gebrauch, was seine Bequemlichkeit erh\u00f6ht. Jeder Pen liefert vier Dosen, und Novo Nordisk f\u00fcgt jeder Packung Einwegnadeln bei. <strong>Die Bestellung von Ozempic bietet eine problemlose L\u00f6sung, die es Ihnen erm\u00f6glicht, Ihre Behandlung konsequent fortzusetzen.<\/strong><\/p>\n<h2>Wer kann von der Bestellung von Ozempic profitieren?<\/h2>\n<p>Die Bestellung von Ozempic ist ideal f\u00fcr Erwachsene mit Typ-2-Diabetes, die ihre Blutzuckerkontrolle verbessern und Gewicht verlieren m\u00f6chten, insbesondere f\u00fcr diejenigen mit gewichtsbedingten Erkrankungen wie Herzkrankheiten oder chronischer Nierenerkrankung. Obwohl es nicht von der FDA f\u00fcr den Gewichtsverlust zugelassen ist, machen seine Vorteile es zu einer beliebten Wahl f\u00fcr diejenigen, die mit Adipositas oder \u00dcbergewicht k\u00e4mpfen. <strong>Die Bestellung von Ozempic bietet ein bew\u00e4hrtes Medikament f\u00fcr Personen, die sich der Transformation ihrer Gesundheit durch Ern\u00e4hrung, Bewegung und medizinische Unterst\u00fctzung verschrieben haben.<\/strong><\/p>\n<p>Ozempic ist nicht f\u00fcr jeden geeignet. Es ist kontraindiziert f\u00fcr Personen mit einer pers\u00f6nlichen oder famili\u00e4ren Vorgeschichte von medull\u00e4rem Schilddr\u00fcsenkarzinom (MTC), Multiplem Endokrinem Neoplasie-Syndrom Typ 2 (MEN 2) oder \u00dcberempfindlichkeit gegen Semaglutid. H\u00e4ufige Nebenwirkungen sind \u00dcbelkeit, Erbrechen und Durchfall, die normalerweise mild sind und mit der Zeit abnehmen. Konsultieren Sie Ihren Arzt, um sicherzustellen, dass die Bestellung von Ozempic f\u00fcr Sie geeignet ist.<\/p>\n<h3>M\u00f6gliche Nebenwirkungen und \u00dcberlegungen<\/h3>\n<p>Wie jedes Medikament kann Ozempic Nebenwirkungen verursachen, wobei die h\u00e4ufigsten \u00dcbelkeit, Erbrechen, Durchfall und Verstopfung sind, die mehr als 5 % der Anwender betreffen. Diese sind normalerweise mild und kurzlebig. Schwere Risiken wie Pankreatitis oder Schilddr\u00fcsentumore sind selten, erfordern jedoch sofortige Aufmerksamkeit. <strong>Ihr Gesundheitsdienstleister wird Ihre Gesundheit \u00fcberwachen, um sicherzustellen, dass die Bestellung von Ozempic sicher und effektiv f\u00fcr Ihre Bed\u00fcrfnisse ist.<\/strong><\/p>\n<p>Aufgrund der hohen Nachfrage kann die Verf\u00fcgbarkeit von Ozempic zeitweise begrenzt sein. Novo Nordisk arbeitet an der L\u00f6sung dieser Engp\u00e4sse, aber besprechen Sie Alternativen mit Ihrem Arzt, falls erforderlich. Die Bestellung von Ozempic \u00fcber vertrauensw\u00fcrdige Plattformen wie NovoCare gew\u00e4hrleistet den Zugang zu authentischem Medikament.<\/p>\n<h2>Warum die Bestellung von Ozempic f\u00fcr den Gewichtsverlust w\u00e4hlen?<\/h2>\n<p>Die Bestellung von Ozempic bietet eine wissenschaftlich fundierte L\u00f6sung f\u00fcr diejenigen, die bereit sind, Gewicht zu verlieren und ihre Gesundheit zu verbessern. Mit der F\u00e4higkeit von Semaglutid, den Appetit zu reduzieren und die Fettverbrennung zu unterst\u00fctzen, hilft Ozempic Ihnen, bedeutende Ergebnisse zu erzielen. Der Ozempic FlexTouch Pen macht w\u00f6chentliche Injektionen m\u00fchelos und passt in jeden Lebensstil. <strong>Durch die Kombination der Bestellung von Ozempic mit einer gesunden Ern\u00e4hrung und Bewegung k\u00f6nnen Sie ein ges\u00fcnderes, selbstbewussteres Ich freischalten.<\/strong><\/p>\n<p>Sprechen Sie noch heute mit Ihrem Gesundheitsdienstleister \u00fcber die Bestellung von Ozempic. Mit der Expertise von Novo Nordisk und einem umfassenden Gewichtsmanagementplan sind Sie einen Schritt n\u00e4her daran, Ihre Gewichtsverlustziele zu erreichen und ein lebendiges, gesundes Leben zu f\u00fchren.<\/p>\n","protected":false},"excerpt":{"rendered":"<p>Die Bestellung von Ozempic bietet eine leistungsstarke L\u00f6sung f\u00fcr Gewichtsverlust und die Behandlung von Typ-2-Diabetes von Novo Nordisk. Mit <strong>Semaglutid<\/strong> reduziert es den Appetit und f\u00f6rdert die Fettverbrennung, um nachhaltige Ergebnisse zu erzielen. Der <strong>Ozempic FlexTouch Pen<\/strong> vereinfacht w\u00f6chentliche Injektionen und passt m\u00fchelos in Ihren Alltag. Starten Sie noch heute mit der Bestellung von Ozempic, um Ihre Gesundheit mit einem wissenschaftlich fundierten Ansatz zu transformieren.<\/p>\n","protected":false},"featured_media":681,"comment_status":"open","ping_status":"closed","template":"","meta":{"_acf_changed":false},"product_brand":[52],"product_cat":[38],"product_tag":[],"class_list":{"0":"post-683","1":"product","2":"type-product","3":"status-publish","4":"has-post-thumbnail","6":"product_brand-novo-nordisk","7":"product_cat-semaglutide-de","9":"first","10":"instock","11":"shipping-taxable","12":"purchasable","13":"product-type-simple"},"acf":[],"_links":{"self":[{"href":"https:\/\/fatburner.to\/de\/wp-json\/wp\/v2\/product\/683","targetHints":{"allow":["GET"]}}],"collection":[{"href":"https:\/\/fatburner.to\/de\/wp-json\/wp\/v2\/product"}],"about":[{"href":"https:\/\/fatburner.to\/de\/wp-json\/wp\/v2\/types\/product"}],"replies":[{"embeddable":true,"href":"https:\/\/fatburner.to\/de\/wp-json\/wp\/v2\/comments?post=683"}],"wp:featuredmedia":[{"embeddable":true,"href":"https:\/\/fatburner.to\/de\/wp-json\/wp\/v2\/media\/681"}],"wp:attachment":[{"href":"https:\/\/fatburner.to\/de\/wp-json\/wp\/v2\/media?parent=683"}],"wp:term":[{"taxonomy":"product_brand","embeddable":true,"href":"https:\/\/fatburner.to\/de\/wp-json\/wp\/v2\/product_brand?post=683"},{"taxonomy":"product_cat","embeddable":true,"href":"https:\/\/fatburner.to\/de\/wp-json\/wp\/v2\/product_cat?post=683"},{"taxonomy":"product_tag","embeddable":true,"href":"https:\/\/fatburner.to\/de\/wp-json\/wp\/v2\/product_tag?post=683"}],"curies":[{"name":"wp","href":"https:\/\/api.w.org\/{rel}","templated":true}]}}