{"id":200,"date":"2025-09-13T19:19:27","date_gmt":"2025-09-13T19:19:27","guid":{"rendered":"https:\/\/fatburner.to\/contact\/"},"modified":"2025-09-21T15:51:49","modified_gmt":"2025-09-21T15:51:49","slug":"kontakt","status":"publish","type":"page","link":"https:\/\/fatburner.to\/sk\/kontakt\/","title":{"rendered":"Kontakt"},"content":{"rendered":"\t\t<div data-elementor-type=\"wp-page\" data-elementor-id=\"200\" class=\"elementor elementor-200 elementor-154\" data-elementor-post-type=\"page\">\n\t\t\t\t<div class=\"elementor-element elementor-element-82a2ea3 e-flex e-con-boxed e-con e-parent\" data-id=\"82a2ea3\" data-element_type=\"container\">\n\t\t\t\t\t<div class=\"e-con-inner\">\n\t\t<div class=\"elementor-element elementor-element-13cfc56 e-con-full e-flex e-con e-child\" data-id=\"13cfc56\" data-element_type=\"container\">\n\t\t\t\t<div class=\"elementor-element elementor-element-577be5e elementor-widget elementor-widget-heading\" data-id=\"577be5e\" data-element_type=\"widget\" data-widget_type=\"heading.default\">\n\t\t\t\t\t<h1 class=\"elementor-heading-title elementor-size-default\">Potrebujete pomoc alebo m\u00e1te ot\u00e1zky?<\/h1>\t\t\t\t<\/div>\n\t\t\t\t<div class=\"elementor-element elementor-element-d27c66f elementor-widget elementor-widget-text-editor\" data-id=\"d27c66f\" data-element_type=\"widget\" data-widget_type=\"text-editor.default\">\n\t\t\t\t\t\t\t\t\tAk m\u00e1te ak\u00e9ko\u013evek ot\u00e1zky t\u00fdkaj\u00face sa na\u0161ich produktov na chudnutie, chcete osobn\u00e9 poradenstvo alebo potrebujete podporu pri svojej objedn\u00e1vke, nev\u00e1hajte n\u00e1s kontaktova\u0165. N\u00e1\u0161 oddan\u00fd <strong>z\u00e1kazn\u00edcky servisn\u00fd t\u00edm je v\u00e1m v\u017edy k dispoz\u00edcii<\/strong>, aby v\u00e1m pomohol a sprev\u00e1dzal v\u00e1s ka\u017ed\u00fdm krokom v\u00e1\u0161ho n\u00e1kupn\u00e9ho procesu.\t\t\t\t\t\t\t\t<\/div>\n\t\t\t\t<div class=\"elementor-element elementor-element-4ae62ac elementor-widget elementor-widget-text-editor\" data-id=\"4ae62ac\" data-element_type=\"widget\" data-widget_type=\"text-editor.default\">\n\t\t\t\t\t\t\t\t\tV\u00e1\u017eime si ka\u017ed\u00e9ho z\u00e1kazn\u00edka a ch\u00e1peme, ak\u00e9 d\u00f4le\u017eit\u00e9 je ma\u0165 jasn\u00e9 a spo\u013eahliv\u00e9 inform\u00e1cie. Preto je na\u0161ou prioritou <strong>odpoveda\u0165 na ka\u017ed\u00fa spr\u00e1vu \u010do najr\u00fdchlej\u0161ie \u2013 zvy\u010dajne do 24 hod\u00edn.<\/strong> \u010ci u\u017e ide o jednoduch\u00fa ot\u00e1zku alebo o detailn\u00e9 produktov\u00e9 poradenstvo, sme tu na to, aby ste sa pri n\u00e1kupe u n\u00e1s c\u00edtili sebavedomo a mali istotu, \u017ee ste v dobr\u00fdch ruk\u00e1ch.\t\t\t\t\t\t\t\t<\/div>\n\t\t\t\t<div class=\"elementor-element elementor-element-aeb52e3 elementor-widget elementor-widget-html\" data-id=\"aeb52e3\" data-element_type=\"widget\" data-widget_type=\"html.default\">\n\t\t\t\t\t<div class=\"contact-emails\">\n  <h3>Kontaktujte n\u00e1s e-mailom<\/h3>\n  <p>M\u00f4\u017eete n\u00e1s kontaktova\u0165 aj na nasleduj\u00facich e-mailov\u00fdch adres\u00e1ch. Nap\u00ed\u0161te n\u00e1m a n\u00e1\u0161 t\u00edm v\u00e1m odpovie \u010do najsk\u00f4r.<\/p>\n  \n  <div class=\"email-row\">\n    <div class=\"email-name\">V\u0161eobecn\u00e9 inform\u00e1cie:<\/div>\n    <div class=\"email-link\"><a href=\"mailto:support@fatburner.to\">support@fatburner.to<\/a><\/div>\n  <\/div>\n  \n  <div class=\"email-row\">\n    <div class=\"email-name\">Objedn\u00e1vky:<\/div>\n    <div class=\"email-link\"><a href=\"mailto:orders@fatburner.to\">orders@fatburner.to<\/a><\/div>\n  <\/div>\n<\/div>\t\t\t\t<\/div>\n\t\t\t\t<\/div>\n\t\t<div class=\"elementor-element elementor-element-c6764e2 e-con-full e-flex e-con e-child\" data-id=\"c6764e2\" data-element_type=\"container\" data-settings=\"{&quot;background_background&quot;:&quot;classic&quot;}\">\n\t\t\t\t<div class=\"elementor-element elementor-element-8da8d36 elementor-widget elementor-widget-heading\" data-id=\"8da8d36\" data-element_type=\"widget\" data-widget_type=\"heading.default\">\n\t\t\t\t\t<h2 class=\"elementor-heading-title elementor-size-default\">Kontaktujte n\u00e1s<\/h2>\t\t\t\t<\/div>\n\t\t\t\t<div class=\"elementor-element elementor-element-63681c9 elementor-widget elementor-widget-text-editor\" data-id=\"63681c9\" data-element_type=\"widget\" data-widget_type=\"text-editor.default\">\n\t\t\t\t\t\t\t\t\tVypl\u0148te, pros\u00edm, ni\u017e\u0161ie uveden\u00e9 polia, aby sme v\u00e1m mohli pom\u00f4c\u0165 e\u0161te efekt\u00edvnej\u0161ie. Ak n\u00e1s kontaktujete kv\u00f4li probl\u00e9mu s produktom, uvedenie va\u0161ej <strong>\u010d\u00edsla objedn\u00e1vky<\/strong> n\u00e1m umo\u017en\u00ed vyrie\u0161i\u0165 va\u0161u po\u017eiadavku e\u0161te r\u00fdchlej\u0161ie.\t\t\t\t\t\t\t\t<\/div>\n\t\t\t\t<div class=\"elementor-element elementor-element-bb4f2ff fluentform-widget-submit-button-full-width elementor-widget elementor-widget-fluent-form-widget\" data-id=\"bb4f2ff\" data-element_type=\"widget\" data-widget_type=\"fluent-form-widget.default\">\n\t\t\t\t<div class=\"elementor-widget-container\">\n\t\t\t\t\t\n            <div class=\"fluentform-widget-wrapper hide-placeholder fluentform-widget-align-default\">\n\n            \n            <div class='fluentform ff-default fluentform_wrapper_1 ffs_default_wrap'><form data-form_id=\"1\" id=\"fluentform_1\" class=\"frm-fluent-form fluent_form_1 ff-el-form-top ff_form_instance_1_1 ff-form-loading ffs_default\" data-form_instance=\"ff_form_instance_1_1\" method=\"POST\" ><fieldset  style=\"border: none!important;margin: 0!important;padding: 0!important;background-color: transparent!important;box-shadow: none!important;outline: none!important; min-inline-size: 100%;\">\n                    <legend class=\"ff_screen_reader_title\" style=\"display: block; margin: 0!important;padding: 0!important;height: 0!important;text-indent: -999999px;width: 0!important;overflow:hidden;\">Contact<\/legend><input type='hidden' name='__fluent_form_embded_post_id' value='200' \/><input type=\"hidden\" id=\"_fluentform_1_fluentformnonce\" name=\"_fluentform_1_fluentformnonce\" value=\"13e8bfa2ca\" \/><input type=\"hidden\" name=\"_wp_http_referer\" value=\"\/sk\/wp-json\/wp\/v2\/pages\/200\" \/><div class='ff-el-group'><div class=\"ff-el-input--label ff-el-is-required asterisk-right\"><label for='ff_1_input_text' id='label_ff_1_input_text' aria-label=\"Name\">Name<\/label><\/div><div class='ff-el-input--content'><input type=\"text\" name=\"input_text\" class=\"ff-el-form-control\" data-name=\"input_text\" id=\"ff_1_input_text\"  aria-invalid=\"false\" aria-required=true><\/div><\/div><div class='ff-el-group'><div class=\"ff-el-input--label ff-el-is-required asterisk-right\"><label for='ff_1_email' id='label_ff_1_email' aria-label=\"Email address\">Email address<\/label><\/div><div class='ff-el-input--content'><input type=\"email\" name=\"email\" id=\"ff_1_email\" class=\"ff-el-form-control\" placeholder=\"Email Address\" data-name=\"email\"  aria-invalid=\"false\" aria-required=true><\/div><\/div><div class='ff-el-group'><div class=\"ff-el-input--label asterisk-right\"><label for='ff_1_subject' id='label_ff_1_subject' aria-label=\"Order number\">Order number<\/label><\/div><div class='ff-el-input--content'><input type=\"text\" name=\"subject\" class=\"ff-el-form-control\" data-name=\"subject\" id=\"ff_1_subject\"  aria-invalid=\"false\" aria-required=false><\/div><\/div><div class='ff-el-group'><div class=\"ff-el-input--label ff-el-is-required asterisk-right\"><label for='ff_1_message' id='label_ff_1_message' aria-label=\"Message\">Message<\/label><\/div><div class='ff-el-input--content'><textarea aria-required=\"true\" aria-labelledby=\"label_ff_1_message\" name=\"message\" id=\"ff_1_message\" class=\"ff-el-form-control\" placeholder=\"Message\" rows=\"4\" cols=\"2\" data-name=\"message\" ><\/textarea><\/div><\/div><div class='ff-el-group ff-text-left ff_submit_btn_wrapper'><button type=\"submit\" class=\"ff-btn ff-btn-submit ff-btn-md ff_btn_style\"  aria-label=\"Send message\">Send message<\/button><\/div><\/fieldset><\/form><div id='fluentform_1_errors' class='ff-errors-in-stack ff_form_instance_1_1 ff-form-loading_errors ff_form_instance_1_1_errors'><\/div><\/div>            <script type=\"text\/javascript\">\n                window.fluent_form_ff_form_instance_1_1 = {\"id\":\"1\",\"settings\":{\"layout\":{\"labelPlacement\":\"top\",\"helpMessagePlacement\":\"with_label\",\"errorMessagePlacement\":\"inline\",\"cssClassName\":\"\",\"asteriskPlacement\":\"asterisk-right\"},\"restrictions\":{\"denyEmptySubmission\":{\"enabled\":false}}},\"form_instance\":\"ff_form_instance_1_1\",\"form_id_selector\":\"fluentform_1\",\"rules\":{\"input_text\":{\"required\":{\"value\":true,\"message\":\"Toto pole je povinn\\u00e9\",\"global_message\":\"This field is required\",\"global\":true}},\"email\":{\"required\":{\"value\":true,\"message\":\"This field is required\",\"global\":false,\"global_message\":\"This field is required\"},\"email\":{\"value\":true,\"message\":\"This field must contain a valid email\",\"global\":false,\"global_message\":\"This field must contain a valid email\"}},\"subject\":{\"required\":{\"value\":false,\"message\":\"This field is required\",\"global\":false,\"global_message\":\"This field is required\"}},\"message\":{\"required\":{\"value\":true,\"message\":\"This field is required\",\"global\":false,\"global_message\":\"This field is required\"}}},\"debounce_time\":300};\n                            <\/script>\n                        <\/div>\n\n            \t\t\t\t<\/div>\n\t\t\t\t<\/div>\n\t\t\t\t<\/div>\n\t\t\t\t\t<\/div>\n\t\t\t\t<\/div>\n\t\t\t\t<\/div>\n\t\t","protected":false},"excerpt":{"rendered":"<p>Potrebujete pomoc alebo m\u00e1te ot\u00e1zky? Ak m\u00e1te ak\u00e9ko\u013evek ot\u00e1zky t\u00fdkaj\u00face sa na\u0161ich produktov na chudnutie, chcete osobn\u00e9 poradenstvo alebo potrebujete podporu pri svojej objedn\u00e1vke, nev\u00e1hajte n\u00e1s kontaktova\u0165. N\u00e1\u0161 oddan\u00fd z\u00e1kazn\u00edcky servisn\u00fd t\u00edm je v\u00e1m v\u017edy k dispoz\u00edcii, aby v\u00e1m pomohol a sprev\u00e1dzal v\u00e1s ka\u017ed\u00fdm krokom v\u00e1\u0161ho n\u00e1kupn\u00e9ho procesu.V\u00e1\u017eime si ka\u017ed\u00e9ho z\u00e1kazn\u00edka a ch\u00e1peme, ak\u00e9 d\u00f4le\u017eit\u00e9 &#8230; <a title=\"Kontakt\" class=\"read-more\" href=\"https:\/\/fatburner.to\/sk\/kontakt\/\" aria-label=\"Pre\u010d\u00edtajte si viac o Kontakt\">\u010c\u00edta\u0165 viac<\/a><\/p>\n","protected":false},"author":1,"featured_media":0,"parent":0,"menu_order":0,"comment_status":"closed","ping_status":"closed","template":"","meta":{"_acf_changed":false,"footnotes":""},"class_list":["post-200","page","type-page","status-publish"],"acf":[],"_links":{"self":[{"href":"https:\/\/fatburner.to\/sk\/wp-json\/wp\/v2\/pages\/200","targetHints":{"allow":["GET"]}}],"collection":[{"href":"https:\/\/fatburner.to\/sk\/wp-json\/wp\/v2\/pages"}],"about":[{"href":"https:\/\/fatburner.to\/sk\/wp-json\/wp\/v2\/types\/page"}],"author":[{"embeddable":true,"href":"https:\/\/fatburner.to\/sk\/wp-json\/wp\/v2\/users\/1"}],"replies":[{"embeddable":true,"href":"https:\/\/fatburner.to\/sk\/wp-json\/wp\/v2\/comments?post=200"}],"version-history":[{"count":0,"href":"https:\/\/fatburner.to\/sk\/wp-json\/wp\/v2\/pages\/200\/revisions"}],"wp:attachment":[{"href":"https:\/\/fatburner.to\/sk\/wp-json\/wp\/v2\/media?parent=200"}],"curies":[{"name":"wp","href":"https:\/\/api.w.org\/{rel}","templated":true}]}}