{"id":68,"date":"2025-08-29T14:50:50","date_gmt":"2025-08-29T14:50:50","guid":{"rendered":"https:\/\/fatburner.to\/kosik\/"},"modified":"2025-09-08T09:16:45","modified_gmt":"2025-09-08T09:16:45","slug":"kosik","status":"publish","type":"page","link":"https:\/\/fatburner.to\/sk\/kosik\/","title":{"rendered":"Ko\u0161\u00edk"},"content":{"rendered":"\n<div data-block-name=\"woocommerce\/cart\" class=\"wp-block-woocommerce-cart alignwide is-loading\">\n<div data-block-name=\"woocommerce\/filled-cart-block\" class=\"wp-block-woocommerce-filled-cart-block\">\n<div data-block-name=\"woocommerce\/cart-items-block\" class=\"wp-block-woocommerce-cart-items-block\">\n<div data-block-name=\"woocommerce\/cart-line-items-block\" class=\"wp-block-woocommerce-cart-line-items-block\"><\/div>\n\n\n\n<div data-block-name=\"woocommerce\/cart-cross-sells-block\" class=\"wp-block-woocommerce-cart-cross-sells-block\">\n<h2 class=\"wp-block-heading has-large-font-size\">Mohlo by v\u00e1s zauj\u00edma\u0165\u2026<\/h2>\n\n\n\n<div data-block-name=\"woocommerce\/cart-cross-sells-products-block\" class=\"wp-block-woocommerce-cart-cross-sells-products-block\"><\/div>\n<\/div>\n<\/div>\n\n\n\n<div data-block-name=\"woocommerce\/cart-totals-block\" class=\"wp-block-woocommerce-cart-totals-block\">\n<div data-block-name=\"woocommerce\/cart-order-summary-block\" class=\"wp-block-woocommerce-cart-order-summary-block\">\n<div data-block-name=\"woocommerce\/cart-order-summary-heading-block\" class=\"wp-block-woocommerce-cart-order-summary-heading-block\"><\/div><div data-block-name=\"woocommerce\/cart-order-summary-coupon-form-block\" class=\"wp-block-woocommerce-cart-order-summary-coupon-form-block\"><\/div><div data-block-name=\"woocommerce\/cart-order-summary-totals-block\" class=\"wp-block-woocommerce-cart-order-summary-totals-block\">\n<div data-block-name=\"woocommerce\/cart-order-summary-subtotal-block\" class=\"wp-block-woocommerce-cart-order-summary-subtotal-block\"><\/div>\n<div data-block-name=\"woocommerce\/cart-order-summary-discount-block\" class=\"wp-block-woocommerce-cart-order-summary-discount-block\"><\/div>\n<div data-block-name=\"woocommerce\/cart-order-summary-fee-block\" class=\"wp-block-woocommerce-cart-order-summary-fee-block\"><\/div>\n<div data-block-name=\"woocommerce\/cart-order-summary-shipping-block\" class=\"wp-block-woocommerce-cart-order-summary-shipping-block\"><\/div>\n<div data-block-name=\"woocommerce\/cart-order-summary-taxes-block\" class=\"wp-block-woocommerce-cart-order-summary-taxes-block\"><\/div><\/div>\n<\/div>\n\n\n\n<div data-block-name=\"woocommerce\/cart-express-payment-block\" class=\"wp-block-woocommerce-cart-express-payment-block\"><\/div>\n\n\n\n<div data-block-name=\"woocommerce\/proceed-to-checkout-block\" class=\"wp-block-woocommerce-proceed-to-checkout-block\"><\/div>\n\n\n\n<div data-block-name=\"woocommerce\/cart-accepted-payment-methods-block\" class=\"wp-block-woocommerce-cart-accepted-payment-methods-block\"><\/div>\n<\/div>\n<\/div>\n\n\n\n<div data-block-name=\"woocommerce\/empty-cart-block\" class=\"wp-block-woocommerce-empty-cart-block\">\n<h2 class=\"wp-block-heading has-text-align-center with-empty-cart-icon wc-block-cart__empty-cart__title\">V\u00e1\u0161 ko\u0161\u00edk je moment\u00e1lne pr\u00e1zdny!<\/h2>\n\n\n\n<hr class=\"wp-block-separator has-alpha-channel-opacity is-style-dots\"\/>\n\n\n\n<h2 class=\"wp-block-heading has-text-align-center\">Novinky v obchode<\/h2>\n\n\n<div data-block-name=\"woocommerce\/product-new\" data-columns=\"4\" data-rows=\"1\" class=\"wc-block-grid wp-block-product-new wp-block-woocommerce-product-new wc-block-product-new has-4-columns\"><ul class=\"wc-block-grid__products\"><li class=\"wc-block-grid__product\">\n\t\t\t\t<a href=\"https:\/\/fatburner.to\/sk\/produkt\/nouveaux-clenbuterol-hydrochloride-0-04mg\/\" class=\"wc-block-grid__product-link\">\n\t\t\t\t\t\n\t\t\t\t\t<div class=\"wc-block-grid__product-image\"><img fetchpriority=\"high\" decoding=\"async\" width=\"300\" height=\"300\" src=\"https:\/\/fatburner.to\/wp-content\/uploads\/2025\/09\/nouveaux-clenbuterol-hydrochloride-0.04mg-300x300.jpg\" class=\"attachment-woocommerce_thumbnail size-woocommerce_thumbnail\" alt=\"Nouveaux - Clenbuterol Hydrochloride 0.04mg\" srcset=\"https:\/\/fatburner.to\/wp-content\/uploads\/2025\/09\/nouveaux-clenbuterol-hydrochloride-0.04mg-300x300.jpg 300w, https:\/\/fatburner.to\/wp-content\/uploads\/2025\/09\/nouveaux-clenbuterol-hydrochloride-0.04mg-150x150.jpg 150w, https:\/\/fatburner.to\/wp-content\/uploads\/2025\/09\/nouveaux-clenbuterol-hydrochloride-0.04mg-768x768.jpg 768w, https:\/\/fatburner.to\/wp-content\/uploads\/2025\/09\/nouveaux-clenbuterol-hydrochloride-0.04mg-600x600.jpg 600w, https:\/\/fatburner.to\/wp-content\/uploads\/2025\/09\/nouveaux-clenbuterol-hydrochloride-0.04mg-100x100.jpg 100w, https:\/\/fatburner.to\/wp-content\/uploads\/2025\/09\/nouveaux-clenbuterol-hydrochloride-0.04mg.jpg 1000w\" sizes=\"(max-width: 300px) 100vw, 300px\" \/><\/div>\n\t\t\t\t\t<div class=\"wc-block-grid__product-title\">Nouveaux &#8211; Clenbuterol Hydrochloride 0.04mg<\/div>\n\t\t\t\t<\/a>\n\t\t\t\t<div class=\"wc-block-grid__product-price price\"><span class=\"woocommerce-Price-amount amount\">12,12&nbsp;<span class=\"woocommerce-Price-currencySymbol\">&euro;<\/span><\/span><\/div>\n\t\t\t\t\n\t\t\t\t<div class=\"wp-block-button wc-block-grid__product-add-to-cart\"><a href=\"\/sk\/wp-json\/wp\/v2\/pages\/68?add-to-cart=686\" aria-label=\"Prida\u0165 do ko\u0161\u00edka: \u201eNouveaux - Clenbuterol Hydrochloride 0.04mg\u201c\" data-quantity=\"1\" data-product_id=\"686\" data-product_sku=\"\" data-price=\"12.12\" rel=\"nofollow\" class=\"wp-block-button__link  add_to_cart_button ajax_add_to_cart\">Prida\u0165 do ko\u0161\u00edka<\/a><\/div>\n\t\t\t<\/li><li class=\"wc-block-grid__product\">\n\t\t\t\t<a href=\"https:\/\/fatburner.to\/sk\/produkt\/bioniche-pharma-clena-med-0-04mg\/\" class=\"wc-block-grid__product-link\">\n\t\t\t\t\t\n\t\t\t\t\t<div class=\"wc-block-grid__product-image\"><img decoding=\"async\" width=\"300\" height=\"300\" src=\"https:\/\/fatburner.to\/wp-content\/uploads\/2025\/09\/bioniche-pharma-clena-med-0.04mg-300x300.jpg\" class=\"attachment-woocommerce_thumbnail size-woocommerce_thumbnail\" alt=\"Bioniche Pharma - Clena-med 0.04mg\" srcset=\"https:\/\/fatburner.to\/wp-content\/uploads\/2025\/09\/bioniche-pharma-clena-med-0.04mg-300x300.jpg 300w, https:\/\/fatburner.to\/wp-content\/uploads\/2025\/09\/bioniche-pharma-clena-med-0.04mg-150x150.jpg 150w, https:\/\/fatburner.to\/wp-content\/uploads\/2025\/09\/bioniche-pharma-clena-med-0.04mg-768x768.jpg 768w, https:\/\/fatburner.to\/wp-content\/uploads\/2025\/09\/bioniche-pharma-clena-med-0.04mg-600x600.jpg 600w, https:\/\/fatburner.to\/wp-content\/uploads\/2025\/09\/bioniche-pharma-clena-med-0.04mg-100x100.jpg 100w, https:\/\/fatburner.to\/wp-content\/uploads\/2025\/09\/bioniche-pharma-clena-med-0.04mg.jpg 1000w\" sizes=\"(max-width: 300px) 100vw, 300px\" \/><\/div>\n\t\t\t\t\t<div class=\"wc-block-grid__product-title\">Bioniche Pharma &#8211; Clena-med 0.04mg<\/div>\n\t\t\t\t<\/a>\n\t\t\t\t<div class=\"wc-block-grid__product-price price\"><span class=\"woocommerce-Price-amount amount\">26,75&nbsp;<span class=\"woocommerce-Price-currencySymbol\">&euro;<\/span><\/span><\/div>\n\t\t\t\t\n\t\t\t\t<div class=\"wp-block-button wc-block-grid__product-add-to-cart\"><a href=\"\/sk\/wp-json\/wp\/v2\/pages\/68?add-to-cart=674\" aria-label=\"Prida\u0165 do ko\u0161\u00edka: \u201eBioniche Pharma - Clena-med 0.04mg\u201c\" data-quantity=\"1\" data-product_id=\"674\" data-product_sku=\"\" data-price=\"26.75\" rel=\"nofollow\" class=\"wp-block-button__link  add_to_cart_button ajax_add_to_cart\">Prida\u0165 do ko\u0161\u00edka<\/a><\/div>\n\t\t\t<\/li><li class=\"wc-block-grid__product\">\n\t\t\t\t<a href=\"https:\/\/fatburner.to\/sk\/produkt\/bioniche-pharma-sibi-med-sibutramine-20mg\/\" class=\"wc-block-grid__product-link\">\n\t\t\t\t\t\n\t\t\t\t\t<div class=\"wc-block-grid__product-image\"><img decoding=\"async\" width=\"300\" height=\"300\" src=\"https:\/\/fatburner.to\/wp-content\/uploads\/2025\/09\/bioniche-pharma-sibi-med-sibutramine-20mg-300x300.jpg\" class=\"attachment-woocommerce_thumbnail size-woocommerce_thumbnail\" alt=\"Bioniche Pharma - Sibi-Med Sibutramine 20mg\" srcset=\"https:\/\/fatburner.to\/wp-content\/uploads\/2025\/09\/bioniche-pharma-sibi-med-sibutramine-20mg-300x300.jpg 300w, https:\/\/fatburner.to\/wp-content\/uploads\/2025\/09\/bioniche-pharma-sibi-med-sibutramine-20mg-150x150.jpg 150w, https:\/\/fatburner.to\/wp-content\/uploads\/2025\/09\/bioniche-pharma-sibi-med-sibutramine-20mg-768x768.jpg 768w, https:\/\/fatburner.to\/wp-content\/uploads\/2025\/09\/bioniche-pharma-sibi-med-sibutramine-20mg-600x600.jpg 600w, https:\/\/fatburner.to\/wp-content\/uploads\/2025\/09\/bioniche-pharma-sibi-med-sibutramine-20mg-100x100.jpg 100w, https:\/\/fatburner.to\/wp-content\/uploads\/2025\/09\/bioniche-pharma-sibi-med-sibutramine-20mg.jpg 1000w\" sizes=\"(max-width: 300px) 100vw, 300px\" \/><\/div>\n\t\t\t\t\t<div class=\"wc-block-grid__product-title\">Bioniche Pharma &#8211; Sibi-Med Sibutramine 20mg<\/div>\n\t\t\t\t<\/a>\n\t\t\t\t<div class=\"wc-block-grid__product-price price\"><span class=\"woocommerce-Price-amount amount\">14,62&nbsp;<span class=\"woocommerce-Price-currencySymbol\">&euro;<\/span><\/span><\/div>\n\t\t\t\t\n\t\t\t\t<div class=\"wp-block-button wc-block-grid__product-add-to-cart\"><a href=\"\/sk\/wp-json\/wp\/v2\/pages\/68?add-to-cart=671\" aria-label=\"Prida\u0165 do ko\u0161\u00edka: \u201eBioniche Pharma - Sibi-Med Sibutramine 20mg\u201c\" data-quantity=\"1\" data-product_id=\"671\" data-product_sku=\"\" data-price=\"14.62\" rel=\"nofollow\" class=\"wp-block-button__link  add_to_cart_button ajax_add_to_cart\">Prida\u0165 do ko\u0161\u00edka<\/a><\/div>\n\t\t\t<\/li><li class=\"wc-block-grid__product\">\n\t\t\t\t<a href=\"https:\/\/fatburner.to\/sk\/produkt\/hades-clenbuterol-0-04-mg\/\" class=\"wc-block-grid__product-link\">\n\t\t\t\t\t\n\t\t\t\t\t<div class=\"wc-block-grid__product-image\"><img loading=\"lazy\" decoding=\"async\" width=\"300\" height=\"300\" src=\"https:\/\/fatburner.to\/wp-content\/uploads\/2025\/09\/hades-clenbuterol-0.04-mg-300x300.jpg\" class=\"attachment-woocommerce_thumbnail size-woocommerce_thumbnail\" alt=\"Hades - Clenbuterol 0.04 mg\" srcset=\"https:\/\/fatburner.to\/wp-content\/uploads\/2025\/09\/hades-clenbuterol-0.04-mg-300x300.jpg 300w, https:\/\/fatburner.to\/wp-content\/uploads\/2025\/09\/hades-clenbuterol-0.04-mg-150x150.jpg 150w, https:\/\/fatburner.to\/wp-content\/uploads\/2025\/09\/hades-clenbuterol-0.04-mg-768x768.jpg 768w, https:\/\/fatburner.to\/wp-content\/uploads\/2025\/09\/hades-clenbuterol-0.04-mg-600x600.jpg 600w, https:\/\/fatburner.to\/wp-content\/uploads\/2025\/09\/hades-clenbuterol-0.04-mg-100x100.jpg 100w, https:\/\/fatburner.to\/wp-content\/uploads\/2025\/09\/hades-clenbuterol-0.04-mg.jpg 1000w\" sizes=\"(max-width: 300px) 100vw, 300px\" \/><\/div>\n\t\t\t\t\t<div class=\"wc-block-grid__product-title\">Hades &#8211; Clenbuterol 0.04 mg<\/div>\n\t\t\t\t<\/a>\n\t\t\t\t<div class=\"wc-block-grid__product-price price\"><span class=\"woocommerce-Price-amount amount\">18,00&nbsp;<span class=\"woocommerce-Price-currencySymbol\">&euro;<\/span><\/span><\/div>\n\t\t\t\t\n\t\t\t\t<div class=\"wp-block-button wc-block-grid__product-add-to-cart\"><a href=\"\/sk\/wp-json\/wp\/v2\/pages\/68?add-to-cart=666\" aria-label=\"Prida\u0165 do ko\u0161\u00edka: \u201eHades - Clenbuterol 0.04 mg\u201c\" data-quantity=\"1\" data-product_id=\"666\" data-product_sku=\"\" data-price=\"18\" rel=\"nofollow\" class=\"wp-block-button__link  add_to_cart_button ajax_add_to_cart\">Prida\u0165 do ko\u0161\u00edka<\/a><\/div>\n\t\t\t<\/li><\/ul><\/div><\/div>\n<\/div>\n","protected":false},"excerpt":{"rendered":"","protected":false},"author":1,"featured_media":0,"parent":0,"menu_order":0,"comment_status":"closed","ping_status":"closed","template":"","meta":{"_acf_changed":false,"footnotes":""},"class_list":["post-68","page","type-page","status-publish"],"acf":[],"_links":{"self":[{"href":"https:\/\/fatburner.to\/sk\/wp-json\/wp\/v2\/pages\/68","targetHints":{"allow":["GET"]}}],"collection":[{"href":"https:\/\/fatburner.to\/sk\/wp-json\/wp\/v2\/pages"}],"about":[{"href":"https:\/\/fatburner.to\/sk\/wp-json\/wp\/v2\/types\/page"}],"author":[{"embeddable":true,"href":"https:\/\/fatburner.to\/sk\/wp-json\/wp\/v2\/users\/1"}],"replies":[{"embeddable":true,"href":"https:\/\/fatburner.to\/sk\/wp-json\/wp\/v2\/comments?post=68"}],"version-history":[{"count":0,"href":"https:\/\/fatburner.to\/sk\/wp-json\/wp\/v2\/pages\/68\/revisions"}],"wp:attachment":[{"href":"https:\/\/fatburner.to\/sk\/wp-json\/wp\/v2\/media?parent=68"}],"curies":[{"name":"wp","href":"https:\/\/api.w.org\/{rel}","templated":true}]}}