{"id":852,"date":"2025-09-08T10:13:14","date_gmt":"2025-09-08T10:13:14","guid":{"rendered":"https:\/\/fatburner.to\/semaglutide\/"},"modified":"2025-09-21T16:03:35","modified_gmt":"2025-09-21T16:03:35","slug":"semaglutide","status":"publish","type":"page","link":"https:\/\/fatburner.to\/sk\/semaglutide\/","title":{"rendered":"Semaglutide"},"content":{"rendered":"\t\t<div data-elementor-type=\"wp-page\" data-elementor-id=\"852\" class=\"elementor elementor-852 elementor-78\" data-elementor-post-type=\"page\">\n\t\t\t\t<div class=\"elementor-element elementor-element-af64379 e-flex e-con-boxed e-con e-parent\" data-id=\"af64379\" data-element_type=\"container\">\n\t\t\t\t\t<div class=\"e-con-inner\">\n\t\t\t\t<div class=\"elementor-element elementor-element-c6f64be elementor-widget elementor-widget-shortcode\" data-id=\"c6f64be\" data-element_type=\"widget\" data-widget_type=\"shortcode.default\">\n\t\t\t\t\t\t\t<div class=\"elementor-shortcode\"><div class=\"product-display-grid columns-3\"><div class=\"product-item\"><div class=\"product-image-wrapper\"><a href=\"https:\/\/fatburner.to\/sk\/produkt\/genheal-semaglutide-3mg\/\"><div class=\"no-image\">No Image<\/div><\/a><\/div><div class=\"product-info\"><div class=\"product-category\">Semaglutide<\/div><h3 class=\"product-title\"><a href=\"https:\/\/fatburner.to\/sk\/produkt\/genheal-semaglutide-3mg\/\">Genheal - Semaglutide 3mg<\/a><\/h3><div class=\"product-price\"><span class=\"woocommerce-Price-amount amount\"><bdi>66,00&nbsp;<span class=\"woocommerce-Price-currencySymbol\">&euro;<\/span><\/bdi><\/span><\/div><div class=\"product-actions\"><div class=\"add-to-cart-wrapper\"><p class=\"product woocommerce add_to_cart_inline \" style=\"\"><a rel=\"nofollow\" href=\"\/sk\/wp-json\/wp\/v2\/pages\/852?add-to-cart=651\" aria-describedby=\"woocommerce_loop_add_to_cart_link_describedby_651\" data-quantity=\"1\" class=\"button product_type_simple add_to_cart_button ajax_add_to_cart\" data-product_id=\"651\" data-product_sku=\"\" aria-label=\"Prida\u0165 do ko\u0161\u00edka: \u201eGenheal - Semaglutide 3mg\u201c\" rel=\"nofollow\" data-success_message=\"\u201eGenheal - Semaglutide 3mg\u201c bol pridan\u00fd do v\u00e1\u0161ho ko\u0161\u00edka\" role=\"button\">Prida\u0165 do ko\u0161\u00edka<\/a>\t<span id=\"woocommerce_loop_add_to_cart_link_describedby_651\" class=\"screen-reader-text\">\n\t\t\t<\/span>\n<\/p><\/div><a href=\"https:\/\/fatburner.to\/sk\/produkt\/genheal-semaglutide-3mg\/\" class=\"more-info-link\" rel=\"nofollow\">Viac inform\u00e1ci\u00ed<\/a><\/div><\/div><\/div><div class=\"product-item\"><div class=\"product-image-wrapper\"><a href=\"https:\/\/fatburner.to\/sk\/produkt\/bio-peptide-semaglutide-3mg\/\"><img fetchpriority=\"high\" decoding=\"async\" width=\"300\" height=\"300\" src=\"https:\/\/fatburner.to\/wp-content\/uploads\/2025\/09\/bio-peptide-semaglutide-3mg-300x300.jpg\" class=\"attachment-medium size-medium\" alt=\"Bio-Peptide - Semaglutide 3mg\" srcset=\"https:\/\/fatburner.to\/wp-content\/uploads\/2025\/09\/bio-peptide-semaglutide-3mg-300x300.jpg 300w, https:\/\/fatburner.to\/wp-content\/uploads\/2025\/09\/bio-peptide-semaglutide-3mg-150x150.jpg 150w, https:\/\/fatburner.to\/wp-content\/uploads\/2025\/09\/bio-peptide-semaglutide-3mg-768x768.jpg 768w, https:\/\/fatburner.to\/wp-content\/uploads\/2025\/09\/bio-peptide-semaglutide-3mg-600x600.jpg 600w, https:\/\/fatburner.to\/wp-content\/uploads\/2025\/09\/bio-peptide-semaglutide-3mg-100x100.jpg 100w, https:\/\/fatburner.to\/wp-content\/uploads\/2025\/09\/bio-peptide-semaglutide-3mg.jpg 1000w\" sizes=\"(max-width: 300px) 100vw, 300px\" \/><\/a><\/div><div class=\"product-info\"><div class=\"product-category\">Semaglutide<\/div><h3 class=\"product-title\"><a href=\"https:\/\/fatburner.to\/sk\/produkt\/bio-peptide-semaglutide-3mg\/\">Bio-Peptide - Semaglutide 3mg<\/a><\/h3><div class=\"product-price\"><span class=\"woocommerce-Price-amount amount\"><bdi>65,88&nbsp;<span class=\"woocommerce-Price-currencySymbol\">&euro;<\/span><\/bdi><\/span><\/div><div class=\"product-actions\"><div class=\"add-to-cart-wrapper\"><p class=\"product woocommerce add_to_cart_inline \" style=\"\"><a rel=\"nofollow\" href=\"\/sk\/wp-json\/wp\/v2\/pages\/852?add-to-cart=644\" aria-describedby=\"woocommerce_loop_add_to_cart_link_describedby_644\" data-quantity=\"1\" class=\"button product_type_simple add_to_cart_button ajax_add_to_cart\" data-product_id=\"644\" data-product_sku=\"\" aria-label=\"Prida\u0165 do ko\u0161\u00edka: \u201eBio-Peptide - Semaglutide 3mg\u201c\" rel=\"nofollow\" data-success_message=\"\u201eBio-Peptide - Semaglutide 3mg\u201c bol pridan\u00fd do v\u00e1\u0161ho ko\u0161\u00edka\" role=\"button\">Prida\u0165 do ko\u0161\u00edka<\/a>\t<span id=\"woocommerce_loop_add_to_cart_link_describedby_644\" class=\"screen-reader-text\">\n\t\t\t<\/span>\n<\/p><\/div><a href=\"https:\/\/fatburner.to\/sk\/produkt\/bio-peptide-semaglutide-3mg\/\" class=\"more-info-link\" rel=\"nofollow\">Viac inform\u00e1ci\u00ed<\/a><\/div><\/div><\/div><div class=\"product-item\"><div class=\"product-image-wrapper\"><a href=\"https:\/\/fatburner.to\/sk\/produkt\/saxenda-kupit-trvale-chudnutie-flexpen\/\"><img decoding=\"async\" width=\"300\" height=\"300\" src=\"https:\/\/fatburner.to\/wp-content\/uploads\/2025\/09\/saxenda-300x300.jpg\" class=\"attachment-medium size-medium\" alt=\"Saxenda\" srcset=\"https:\/\/fatburner.to\/wp-content\/uploads\/2025\/09\/saxenda-300x300.jpg 300w, https:\/\/fatburner.to\/wp-content\/uploads\/2025\/09\/saxenda-150x150.jpg 150w, https:\/\/fatburner.to\/wp-content\/uploads\/2025\/09\/saxenda-768x768.jpg 768w, https:\/\/fatburner.to\/wp-content\/uploads\/2025\/09\/saxenda-600x600.jpg 600w, https:\/\/fatburner.to\/wp-content\/uploads\/2025\/09\/saxenda-100x100.jpg 100w, https:\/\/fatburner.to\/wp-content\/uploads\/2025\/09\/saxenda.jpg 1000w\" sizes=\"(max-width: 300px) 100vw, 300px\" \/><\/a><span class=\"sale-badge\">Z\u013eava<\/span><\/div><div class=\"product-info\"><div class=\"product-category\">Semaglutide<\/div><h3 class=\"product-title\"><a href=\"https:\/\/fatburner.to\/sk\/produkt\/saxenda-kupit-trvale-chudnutie-flexpen\/\">Saxenda<\/a><\/h3><div class=\"product-price\"><del aria-hidden=\"true\"><span class=\"woocommerce-Price-amount amount\"><bdi>188,00&nbsp;<span class=\"woocommerce-Price-currencySymbol\">&euro;<\/span><\/bdi><\/span><\/del> <span class=\"screen-reader-text\">P\u00f4vodn\u00e1 cena bola: 188,00&nbsp;&euro;.<\/span><ins aria-hidden=\"true\"><span class=\"woocommerce-Price-amount amount\"><bdi>180,00&nbsp;<span class=\"woocommerce-Price-currencySymbol\">&euro;<\/span><\/bdi><\/span><\/ins><span class=\"screen-reader-text\">Aktu\u00e1lna cena je: 180,00&nbsp;&euro;.<\/span><\/div><div class=\"product-actions\"><div class=\"add-to-cart-wrapper\"><p class=\"product woocommerce add_to_cart_inline \" style=\"\"><a rel=\"nofollow\" href=\"\/sk\/wp-json\/wp\/v2\/pages\/852?add-to-cart=101\" aria-describedby=\"woocommerce_loop_add_to_cart_link_describedby_101\" data-quantity=\"1\" class=\"button product_type_simple add_to_cart_button ajax_add_to_cart\" data-product_id=\"101\" data-product_sku=\"\" aria-label=\"Prida\u0165 do ko\u0161\u00edka: \u201eSaxenda\u201c\" rel=\"nofollow\" data-success_message=\"\u201eSaxenda\u201c bol pridan\u00fd do v\u00e1\u0161ho ko\u0161\u00edka\" role=\"button\">Prida\u0165 do ko\u0161\u00edka<\/a>\t<span id=\"woocommerce_loop_add_to_cart_link_describedby_101\" class=\"screen-reader-text\">\n\t\t\t<\/span>\n<\/p><\/div><a href=\"https:\/\/fatburner.to\/sk\/produkt\/saxenda-kupit-trvale-chudnutie-flexpen\/\" class=\"more-info-link\" rel=\"nofollow\">Viac inform\u00e1ci\u00ed<\/a><\/div><\/div><\/div><div class=\"product-item\"><div class=\"product-image-wrapper\"><a href=\"https:\/\/fatburner.to\/sk\/produkt\/wegovy-24-mg\/\"><img decoding=\"async\" width=\"300\" height=\"300\" src=\"https:\/\/fatburner.to\/wp-content\/uploads\/2025\/09\/wegovy-24-mg-300x300.jpg\" class=\"attachment-medium size-medium\" alt=\"Wegovy 2,4 mg\" srcset=\"https:\/\/fatburner.to\/wp-content\/uploads\/2025\/09\/wegovy-24-mg-300x300.jpg 300w, https:\/\/fatburner.to\/wp-content\/uploads\/2025\/09\/wegovy-24-mg-150x150.jpg 150w, https:\/\/fatburner.to\/wp-content\/uploads\/2025\/09\/wegovy-24-mg-768x768.jpg 768w, https:\/\/fatburner.to\/wp-content\/uploads\/2025\/09\/wegovy-24-mg-600x600.jpg 600w, https:\/\/fatburner.to\/wp-content\/uploads\/2025\/09\/wegovy-24-mg-100x100.jpg 100w, https:\/\/fatburner.to\/wp-content\/uploads\/2025\/09\/wegovy-24-mg.jpg 1000w\" sizes=\"(max-width: 300px) 100vw, 300px\" \/><\/a><\/div><div class=\"product-info\"><div class=\"product-category\">Semaglutide<\/div><h3 class=\"product-title\"><a href=\"https:\/\/fatburner.to\/sk\/produkt\/wegovy-24-mg\/\">Wegovy 2,4 mg<\/a><\/h3><div class=\"product-price\"><span class=\"woocommerce-Price-amount amount\"><bdi>277,48&nbsp;<span class=\"woocommerce-Price-currencySymbol\">&euro;<\/span><\/bdi><\/span><\/div><div class=\"product-actions\"><div class=\"add-to-cart-wrapper\"><p class=\"product woocommerce add_to_cart_inline \" style=\"\"><a rel=\"nofollow\" href=\"\/sk\/wp-json\/wp\/v2\/pages\/852?add-to-cart=96\" aria-describedby=\"woocommerce_loop_add_to_cart_link_describedby_96\" data-quantity=\"1\" class=\"button product_type_simple add_to_cart_button ajax_add_to_cart\" data-product_id=\"96\" data-product_sku=\"\" aria-label=\"Prida\u0165 do ko\u0161\u00edka: \u201eWegovy 2,4 mg\u201c\" rel=\"nofollow\" data-success_message=\"\u201eWegovy 2,4 mg\u201c bol pridan\u00fd do v\u00e1\u0161ho ko\u0161\u00edka\" role=\"button\">Prida\u0165 do ko\u0161\u00edka<\/a>\t<span id=\"woocommerce_loop_add_to_cart_link_describedby_96\" class=\"screen-reader-text\">\n\t\t\t<\/span>\n<\/p><\/div><a href=\"https:\/\/fatburner.to\/sk\/produkt\/wegovy-24-mg\/\" class=\"more-info-link\" rel=\"nofollow\">Viac inform\u00e1ci\u00ed<\/a><\/div><\/div><\/div><div class=\"product-item\"><div class=\"product-image-wrapper\"><a href=\"https:\/\/fatburner.to\/sk\/produkt\/wegovy-1-mg\/\"><img loading=\"lazy\" decoding=\"async\" width=\"300\" height=\"300\" src=\"https:\/\/fatburner.to\/wp-content\/uploads\/2025\/09\/wegovy-1-mg-300x300.jpg\" class=\"attachment-medium size-medium\" alt=\"Wegovy 1 mg\" srcset=\"https:\/\/fatburner.to\/wp-content\/uploads\/2025\/09\/wegovy-1-mg-300x300.jpg 300w, https:\/\/fatburner.to\/wp-content\/uploads\/2025\/09\/wegovy-1-mg-150x150.jpg 150w, https:\/\/fatburner.to\/wp-content\/uploads\/2025\/09\/wegovy-1-mg-768x768.jpg 768w, https:\/\/fatburner.to\/wp-content\/uploads\/2025\/09\/wegovy-1-mg-600x600.jpg 600w, https:\/\/fatburner.to\/wp-content\/uploads\/2025\/09\/wegovy-1-mg-100x100.jpg 100w, https:\/\/fatburner.to\/wp-content\/uploads\/2025\/09\/wegovy-1-mg.jpg 1000w\" sizes=\"(max-width: 300px) 100vw, 300px\" \/><\/a><span class=\"sale-badge\">Z\u013eava<\/span><\/div><div class=\"product-info\"><div class=\"product-category\">Semaglutide<\/div><h3 class=\"product-title\"><a href=\"https:\/\/fatburner.to\/sk\/produkt\/wegovy-1-mg\/\">Wegovy 1 mg<\/a><\/h3><div class=\"product-price\"><del aria-hidden=\"true\"><span class=\"woocommerce-Price-amount amount\"><bdi>163,22&nbsp;<span class=\"woocommerce-Price-currencySymbol\">&euro;<\/span><\/bdi><\/span><\/del> <span class=\"screen-reader-text\">P\u00f4vodn\u00e1 cena bola: 163,22&nbsp;&euro;.<\/span><ins aria-hidden=\"true\"><span class=\"woocommerce-Price-amount amount\"><bdi>156,47&nbsp;<span class=\"woocommerce-Price-currencySymbol\">&euro;<\/span><\/bdi><\/span><\/ins><span class=\"screen-reader-text\">Aktu\u00e1lna cena je: 156,47&nbsp;&euro;.<\/span><\/div><div class=\"product-actions\"><div class=\"add-to-cart-wrapper\"><p class=\"product woocommerce add_to_cart_inline \" style=\"\"><a rel=\"nofollow\" href=\"\/sk\/wp-json\/wp\/v2\/pages\/852?add-to-cart=539\" aria-describedby=\"woocommerce_loop_add_to_cart_link_describedby_539\" data-quantity=\"1\" class=\"button product_type_simple add_to_cart_button ajax_add_to_cart\" data-product_id=\"539\" data-product_sku=\"\" aria-label=\"Prida\u0165 do ko\u0161\u00edka: \u201eWegovy 1 mg\u201c\" rel=\"nofollow\" data-success_message=\"\u201eWegovy 1 mg\u201c bol pridan\u00fd do v\u00e1\u0161ho ko\u0161\u00edka\" role=\"button\">Prida\u0165 do ko\u0161\u00edka<\/a>\t<span id=\"woocommerce_loop_add_to_cart_link_describedby_539\" class=\"screen-reader-text\">\n\t\t\t<\/span>\n<\/p><\/div><a href=\"https:\/\/fatburner.to\/sk\/produkt\/wegovy-1-mg\/\" class=\"more-info-link\" rel=\"nofollow\">Viac inform\u00e1ci\u00ed<\/a><\/div><\/div><\/div><div class=\"product-item\"><div class=\"product-image-wrapper\"><a href=\"https:\/\/fatburner.to\/sk\/produkt\/novo-nordisk-wegovy-17-mg\/\"><img loading=\"lazy\" decoding=\"async\" width=\"300\" height=\"300\" src=\"https:\/\/fatburner.to\/wp-content\/uploads\/2025\/09\/wegovy-1-7-mg-300x300.jpg\" class=\"attachment-medium size-medium\" alt=\"Wegovy 1,7 mg\" srcset=\"https:\/\/fatburner.to\/wp-content\/uploads\/2025\/09\/wegovy-1-7-mg-300x300.jpg 300w, https:\/\/fatburner.to\/wp-content\/uploads\/2025\/09\/wegovy-1-7-mg-150x150.jpg 150w, https:\/\/fatburner.to\/wp-content\/uploads\/2025\/09\/wegovy-1-7-mg-768x768.jpg 768w, https:\/\/fatburner.to\/wp-content\/uploads\/2025\/09\/wegovy-1-7-mg-600x600.jpg 600w, https:\/\/fatburner.to\/wp-content\/uploads\/2025\/09\/wegovy-1-7-mg-100x100.jpg 100w, https:\/\/fatburner.to\/wp-content\/uploads\/2025\/09\/wegovy-1-7-mg.jpg 1000w\" sizes=\"(max-width: 300px) 100vw, 300px\" \/><\/a><span class=\"sale-badge\">Z\u013eava<\/span><\/div><div class=\"product-info\"><div class=\"product-category\">Semaglutide<\/div><h3 class=\"product-title\"><a href=\"https:\/\/fatburner.to\/sk\/produkt\/novo-nordisk-wegovy-17-mg\/\">Wegovy 1,7 mg<\/a><\/h3><div class=\"product-price\"><del aria-hidden=\"true\"><span class=\"woocommerce-Price-amount amount\"><bdi>222,38&nbsp;<span class=\"woocommerce-Price-currencySymbol\">&euro;<\/span><\/bdi><\/span><\/del> <span class=\"screen-reader-text\">P\u00f4vodn\u00e1 cena bola: 222,38&nbsp;&euro;.<\/span><ins aria-hidden=\"true\"><span class=\"woocommerce-Price-amount amount\"><bdi>218,03&nbsp;<span class=\"woocommerce-Price-currencySymbol\">&euro;<\/span><\/bdi><\/span><\/ins><span class=\"screen-reader-text\">Aktu\u00e1lna cena je: 218,03&nbsp;&euro;.<\/span><\/div><div class=\"product-actions\"><div class=\"add-to-cart-wrapper\"><p class=\"product woocommerce add_to_cart_inline \" style=\"\"><a rel=\"nofollow\" href=\"\/sk\/wp-json\/wp\/v2\/pages\/852?add-to-cart=85\" aria-describedby=\"woocommerce_loop_add_to_cart_link_describedby_85\" data-quantity=\"1\" class=\"button product_type_simple add_to_cart_button ajax_add_to_cart\" data-product_id=\"85\" data-product_sku=\"\" aria-label=\"Prida\u0165 do ko\u0161\u00edka: \u201eWegovy 1,7 mg\u201c\" rel=\"nofollow\" data-success_message=\"\u201eWegovy 1,7 mg\u201c bol pridan\u00fd do v\u00e1\u0161ho ko\u0161\u00edka\" role=\"button\">Prida\u0165 do ko\u0161\u00edka<\/a>\t<span id=\"woocommerce_loop_add_to_cart_link_describedby_85\" class=\"screen-reader-text\">\n\t\t\t<\/span>\n<\/p><\/div><a href=\"https:\/\/fatburner.to\/sk\/produkt\/novo-nordisk-wegovy-17-mg\/\" class=\"more-info-link\" rel=\"nofollow\">Viac inform\u00e1ci\u00ed<\/a><\/div><\/div><\/div><div class=\"product-item\"><div class=\"product-image-wrapper\"><a href=\"https:\/\/fatburner.to\/sk\/produkt\/novo-nordisk-ozempic-1-mg\/\"><img loading=\"lazy\" decoding=\"async\" width=\"300\" height=\"300\" src=\"https:\/\/fatburner.to\/wp-content\/uploads\/2025\/09\/ozempic-1-mg-300x300.jpg\" class=\"attachment-medium size-medium\" alt=\"Ozempic 1 mg\" srcset=\"https:\/\/fatburner.to\/wp-content\/uploads\/2025\/09\/ozempic-1-mg-300x300.jpg 300w, https:\/\/fatburner.to\/wp-content\/uploads\/2025\/09\/ozempic-1-mg-150x150.jpg 150w, https:\/\/fatburner.to\/wp-content\/uploads\/2025\/09\/ozempic-1-mg-768x768.jpg 768w, https:\/\/fatburner.to\/wp-content\/uploads\/2025\/09\/ozempic-1-mg-600x600.jpg 600w, https:\/\/fatburner.to\/wp-content\/uploads\/2025\/09\/ozempic-1-mg-100x100.jpg 100w, https:\/\/fatburner.to\/wp-content\/uploads\/2025\/09\/ozempic-1-mg.jpg 1000w\" sizes=\"(max-width: 300px) 100vw, 300px\" \/><\/a><\/div><div class=\"product-info\"><div class=\"product-category\">Semaglutide<\/div><h3 class=\"product-title\"><a href=\"https:\/\/fatburner.to\/sk\/produkt\/novo-nordisk-ozempic-1-mg\/\">Ozempic 1 mg<\/a><\/h3><div class=\"product-price\"><span class=\"woocommerce-Price-amount amount\"><bdi>172,25&nbsp;<span class=\"woocommerce-Price-currencySymbol\">&euro;<\/span><\/bdi><\/span><\/div><div class=\"product-actions\"><div class=\"add-to-cart-wrapper\"><p class=\"product woocommerce add_to_cart_inline \" style=\"\"><a rel=\"nofollow\" href=\"\/sk\/wp-json\/wp\/v2\/pages\/852?add-to-cart=684\" aria-describedby=\"woocommerce_loop_add_to_cart_link_describedby_684\" data-quantity=\"1\" class=\"button product_type_simple add_to_cart_button ajax_add_to_cart\" data-product_id=\"684\" data-product_sku=\"\" aria-label=\"Prida\u0165 do ko\u0161\u00edka: \u201eOzempic 1 mg\u201c\" rel=\"nofollow\" data-success_message=\"\u201eOzempic 1 mg\u201c bol pridan\u00fd do v\u00e1\u0161ho ko\u0161\u00edka\" role=\"button\">Prida\u0165 do ko\u0161\u00edka<\/a>\t<span id=\"woocommerce_loop_add_to_cart_link_describedby_684\" class=\"screen-reader-text\">\n\t\t\t<\/span>\n<\/p><\/div><a href=\"https:\/\/fatburner.to\/sk\/produkt\/novo-nordisk-ozempic-1-mg\/\" class=\"more-info-link\" rel=\"nofollow\">Viac inform\u00e1ci\u00ed<\/a><\/div><\/div><\/div><\/div><\/div>\n\t\t\t\t\t\t<\/div>\n\t\t\t\t\t<\/div>\n\t\t\t\t<\/div>\n\t\t\t\t<\/div>\n\t\t","protected":false},"excerpt":{"rendered":"","protected":false},"author":1,"featured_media":0,"parent":0,"menu_order":0,"comment_status":"closed","ping_status":"closed","template":"","meta":{"_acf_changed":false,"footnotes":""},"class_list":["post-852","page","type-page","status-publish"],"acf":[],"_links":{"self":[{"href":"https:\/\/fatburner.to\/sk\/wp-json\/wp\/v2\/pages\/852","targetHints":{"allow":["GET"]}}],"collection":[{"href":"https:\/\/fatburner.to\/sk\/wp-json\/wp\/v2\/pages"}],"about":[{"href":"https:\/\/fatburner.to\/sk\/wp-json\/wp\/v2\/types\/page"}],"author":[{"embeddable":true,"href":"https:\/\/fatburner.to\/sk\/wp-json\/wp\/v2\/users\/1"}],"replies":[{"embeddable":true,"href":"https:\/\/fatburner.to\/sk\/wp-json\/wp\/v2\/comments?post=852"}],"version-history":[{"count":0,"href":"https:\/\/fatburner.to\/sk\/wp-json\/wp\/v2\/pages\/852\/revisions"}],"wp:attachment":[{"href":"https:\/\/fatburner.to\/sk\/wp-json\/wp\/v2\/media?parent=852"}],"curies":[{"name":"wp","href":"https:\/\/api.w.org\/{rel}","templated":true}]}}