{"id":854,"date":"2025-09-16T17:55:10","date_gmt":"2025-09-16T17:55:10","guid":{"rendered":"https:\/\/fatburner.to\/tirzepatide\/"},"modified":"2025-09-21T16:03:38","modified_gmt":"2025-09-21T16:03:38","slug":"tirzepatide","status":"publish","type":"page","link":"https:\/\/fatburner.to\/sk\/tirzepatide\/","title":{"rendered":"Tirzepatide"},"content":{"rendered":"\t\t<div data-elementor-type=\"wp-page\" data-elementor-id=\"854\" class=\"elementor elementor-854 elementor-429\" data-elementor-post-type=\"page\">\n\t\t\t\t<div class=\"elementor-element elementor-element-3d6f93d e-flex e-con-boxed e-con e-parent\" data-id=\"3d6f93d\" data-element_type=\"container\">\n\t\t\t\t\t<div class=\"e-con-inner\">\n\t\t\t\t<div class=\"elementor-element elementor-element-9dce91e elementor-widget elementor-widget-shortcode\" data-id=\"9dce91e\" data-element_type=\"widget\" data-widget_type=\"shortcode.default\">\n\t\t\t\t\t\t\t<div class=\"elementor-shortcode\"><div class=\"product-display-grid columns-3\"><div class=\"product-item\"><div class=\"product-image-wrapper\"><a href=\"https:\/\/fatburner.to\/sk\/produkt\/bio-peptide-tirzepatide-20-mg\/\"><img fetchpriority=\"high\" decoding=\"async\" width=\"300\" height=\"300\" src=\"https:\/\/fatburner.to\/wp-content\/uploads\/2025\/09\/bio-peptide-tirzepatide-20-mg-300x300.jpg\" class=\"attachment-medium size-medium\" alt=\"BIO-Peptide - Tirzepatide 20 mg\" srcset=\"https:\/\/fatburner.to\/wp-content\/uploads\/2025\/09\/bio-peptide-tirzepatide-20-mg-300x300.jpg 300w, https:\/\/fatburner.to\/wp-content\/uploads\/2025\/09\/bio-peptide-tirzepatide-20-mg-150x150.jpg 150w, https:\/\/fatburner.to\/wp-content\/uploads\/2025\/09\/bio-peptide-tirzepatide-20-mg-768x768.jpg 768w, https:\/\/fatburner.to\/wp-content\/uploads\/2025\/09\/bio-peptide-tirzepatide-20-mg-600x600.jpg 600w, https:\/\/fatburner.to\/wp-content\/uploads\/2025\/09\/bio-peptide-tirzepatide-20-mg-100x100.jpg 100w, https:\/\/fatburner.to\/wp-content\/uploads\/2025\/09\/bio-peptide-tirzepatide-20-mg.jpg 1000w\" sizes=\"(max-width: 300px) 100vw, 300px\" \/><\/a><\/div><div class=\"product-info\"><div class=\"product-category\">Tirzepatide<\/div><h3 class=\"product-title\"><a href=\"https:\/\/fatburner.to\/sk\/produkt\/bio-peptide-tirzepatide-20-mg\/\">BIO-Peptide - Tirzepatide 20 mg<\/a><\/h3><div class=\"product-price\"><span class=\"woocommerce-Price-amount amount\"><bdi>127,50&nbsp;<span class=\"woocommerce-Price-currencySymbol\">&euro;<\/span><\/bdi><\/span><\/div><div class=\"product-actions\"><div class=\"add-to-cart-wrapper\"><p class=\"product woocommerce add_to_cart_inline \" style=\"\"><a rel=\"nofollow\" href=\"\/sk\/wp-json\/wp\/v2\/pages\/854?add-to-cart=647\" aria-describedby=\"woocommerce_loop_add_to_cart_link_describedby_647\" data-quantity=\"1\" class=\"button product_type_simple add_to_cart_button ajax_add_to_cart\" data-product_id=\"647\" data-product_sku=\"\" aria-label=\"Prida\u0165 do ko\u0161\u00edka: \u201eBIO-Peptide - Tirzepatide 20 mg\u201c\" rel=\"nofollow\" data-success_message=\"\u201eBIO-Peptide - Tirzepatide 20 mg\u201c bol pridan\u00fd do v\u00e1\u0161ho ko\u0161\u00edka\" role=\"button\">Prida\u0165 do ko\u0161\u00edka<\/a>\t<span id=\"woocommerce_loop_add_to_cart_link_describedby_647\" class=\"screen-reader-text\">\n\t\t\t<\/span>\n<\/p><\/div><a href=\"https:\/\/fatburner.to\/sk\/produkt\/bio-peptide-tirzepatide-20-mg\/\" class=\"more-info-link\" rel=\"nofollow\">Viac inform\u00e1ci\u00ed<\/a><\/div><\/div><\/div><div class=\"product-item\"><div class=\"product-image-wrapper\"><a href=\"https:\/\/fatburner.to\/sk\/produkt\/eli-lilly-mounjaro-10mg\/\"><div class=\"no-image\">No Image<\/div><\/a><\/div><div class=\"product-info\"><div class=\"product-category\">Tirzepatide<\/div><h3 class=\"product-title\"><a href=\"https:\/\/fatburner.to\/sk\/produkt\/eli-lilly-mounjaro-10mg\/\">Eli Lilly - Mounjaro 10mg<\/a><\/h3><div class=\"product-price\"><span class=\"woocommerce-Price-amount amount\"><bdi>465,00&nbsp;<span class=\"woocommerce-Price-currencySymbol\">&euro;<\/span><\/bdi><\/span><\/div><div class=\"product-actions\"><div class=\"add-to-cart-wrapper\"><p class=\"product woocommerce add_to_cart_inline \" style=\"\"><a rel=\"nofollow\" href=\"\/sk\/wp-json\/wp\/v2\/pages\/854?add-to-cart=609\" aria-describedby=\"woocommerce_loop_add_to_cart_link_describedby_609\" data-quantity=\"1\" class=\"button product_type_simple add_to_cart_button ajax_add_to_cart\" data-product_id=\"609\" data-product_sku=\"\" aria-label=\"Prida\u0165 do ko\u0161\u00edka: \u201eEli Lilly - Mounjaro 10mg\u201c\" rel=\"nofollow\" data-success_message=\"\u201eEli Lilly - Mounjaro 10mg\u201c bol pridan\u00fd do v\u00e1\u0161ho ko\u0161\u00edka\" role=\"button\">Prida\u0165 do ko\u0161\u00edka<\/a>\t<span id=\"woocommerce_loop_add_to_cart_link_describedby_609\" class=\"screen-reader-text\">\n\t\t\t<\/span>\n<\/p><\/div><a href=\"https:\/\/fatburner.to\/sk\/produkt\/eli-lilly-mounjaro-10mg\/\" class=\"more-info-link\" rel=\"nofollow\">Viac inform\u00e1ci\u00ed<\/a><\/div><\/div><\/div><div class=\"product-item\"><div class=\"product-image-wrapper\"><a href=\"https:\/\/fatburner.to\/sk\/produkt\/eli-lilly-mounjaro-25-mg\/\"><div class=\"no-image\">No Image<\/div><\/a><span class=\"sale-badge\">Z\u013eava<\/span><\/div><div class=\"product-info\"><div class=\"product-category\">Tirzepatide<\/div><h3 class=\"product-title\"><a href=\"https:\/\/fatburner.to\/sk\/produkt\/eli-lilly-mounjaro-25-mg\/\">Eli Lilly - Mounjaro 2,5 mg<\/a><\/h3><div class=\"product-price\"><del aria-hidden=\"true\"><span class=\"woocommerce-Price-amount amount\"><bdi>126,00&nbsp;<span class=\"woocommerce-Price-currencySymbol\">&euro;<\/span><\/bdi><\/span><\/del> <span class=\"screen-reader-text\">P\u00f4vodn\u00e1 cena bola: 126,00&nbsp;&euro;.<\/span><ins aria-hidden=\"true\"><span class=\"woocommerce-Price-amount amount\"><bdi>115,75&nbsp;<span class=\"woocommerce-Price-currencySymbol\">&euro;<\/span><\/bdi><\/span><\/ins><span class=\"screen-reader-text\">Aktu\u00e1lna cena je: 115,75&nbsp;&euro;.<\/span><\/div><div class=\"product-actions\"><div class=\"add-to-cart-wrapper\"><p class=\"product woocommerce add_to_cart_inline \" style=\"\"><a rel=\"nofollow\" href=\"\/sk\/wp-json\/wp\/v2\/pages\/854?add-to-cart=595\" aria-describedby=\"woocommerce_loop_add_to_cart_link_describedby_595\" data-quantity=\"1\" class=\"button product_type_simple add_to_cart_button ajax_add_to_cart\" data-product_id=\"595\" data-product_sku=\"\" aria-label=\"Prida\u0165 do ko\u0161\u00edka: \u201eEli Lilly - Mounjaro 2,5 mg\u201c\" rel=\"nofollow\" data-success_message=\"\u201eEli Lilly - Mounjaro 2,5 mg\u201c bol pridan\u00fd do v\u00e1\u0161ho ko\u0161\u00edka\" role=\"button\">Prida\u0165 do ko\u0161\u00edka<\/a>\t<span id=\"woocommerce_loop_add_to_cart_link_describedby_595\" class=\"screen-reader-text\">\n\t\t\t<\/span>\n<\/p><\/div><a href=\"https:\/\/fatburner.to\/sk\/produkt\/eli-lilly-mounjaro-25-mg\/\" class=\"more-info-link\" rel=\"nofollow\">Viac inform\u00e1ci\u00ed<\/a><\/div><\/div><\/div><div class=\"product-item\"><div class=\"product-image-wrapper\"><a href=\"https:\/\/fatburner.to\/sk\/produkt\/genheal-tirzepatide-20mg\/\"><img decoding=\"async\" width=\"300\" height=\"300\" src=\"https:\/\/fatburner.to\/wp-content\/uploads\/2025\/09\/genheal-tirzepatide-20mg-300x300.jpg\" class=\"attachment-medium size-medium\" alt=\"Genheal - Tirzepatide 20mg\" srcset=\"https:\/\/fatburner.to\/wp-content\/uploads\/2025\/09\/genheal-tirzepatide-20mg-300x300.jpg 300w, https:\/\/fatburner.to\/wp-content\/uploads\/2025\/09\/genheal-tirzepatide-20mg-150x150.jpg 150w, https:\/\/fatburner.to\/wp-content\/uploads\/2025\/09\/genheal-tirzepatide-20mg-768x768.jpg 768w, https:\/\/fatburner.to\/wp-content\/uploads\/2025\/09\/genheal-tirzepatide-20mg-600x600.jpg 600w, https:\/\/fatburner.to\/wp-content\/uploads\/2025\/09\/genheal-tirzepatide-20mg-100x100.jpg 100w, https:\/\/fatburner.to\/wp-content\/uploads\/2025\/09\/genheal-tirzepatide-20mg.jpg 1000w\" sizes=\"(max-width: 300px) 100vw, 300px\" \/><\/a><span class=\"sale-badge\">Z\u013eava<\/span><\/div><div class=\"product-info\"><div class=\"product-category\">Tirzepatide<\/div><h3 class=\"product-title\"><a href=\"https:\/\/fatburner.to\/sk\/produkt\/genheal-tirzepatide-20mg\/\">Genheal - Tirzepatide 20mg<\/a><\/h3><div class=\"product-price\"><del aria-hidden=\"true\"><span class=\"woocommerce-Price-amount amount\"><bdi>152,00&nbsp;<span class=\"woocommerce-Price-currencySymbol\">&euro;<\/span><\/bdi><\/span><\/del> <span class=\"screen-reader-text\">P\u00f4vodn\u00e1 cena bola: 152,00&nbsp;&euro;.<\/span><ins aria-hidden=\"true\"><span class=\"woocommerce-Price-amount amount\"><bdi>142,50&nbsp;<span class=\"woocommerce-Price-currencySymbol\">&euro;<\/span><\/bdi><\/span><\/ins><span class=\"screen-reader-text\">Aktu\u00e1lna cena je: 142,50&nbsp;&euro;.<\/span><\/div><div class=\"product-actions\"><div class=\"add-to-cart-wrapper\"><p class=\"product woocommerce add_to_cart_inline \" style=\"\"><a rel=\"nofollow\" href=\"\/sk\/wp-json\/wp\/v2\/pages\/854?add-to-cart=579\" aria-describedby=\"woocommerce_loop_add_to_cart_link_describedby_579\" data-quantity=\"1\" class=\"button product_type_simple add_to_cart_button ajax_add_to_cart\" data-product_id=\"579\" data-product_sku=\"\" aria-label=\"Prida\u0165 do ko\u0161\u00edka: \u201eGenheal - Tirzepatide 20mg\u201c\" rel=\"nofollow\" data-success_message=\"\u201eGenheal - Tirzepatide 20mg\u201c bol pridan\u00fd do v\u00e1\u0161ho ko\u0161\u00edka\" role=\"button\">Prida\u0165 do ko\u0161\u00edka<\/a>\t<span id=\"woocommerce_loop_add_to_cart_link_describedby_579\" class=\"screen-reader-text\">\n\t\t\t<\/span>\n<\/p><\/div><a href=\"https:\/\/fatburner.to\/sk\/produkt\/genheal-tirzepatide-20mg\/\" class=\"more-info-link\" rel=\"nofollow\">Viac inform\u00e1ci\u00ed<\/a><\/div><\/div><\/div><\/div><\/div>\n\t\t\t\t\t\t<\/div>\n\t\t\t\t\t<\/div>\n\t\t\t\t<\/div>\n\t\t\t\t<\/div>\n\t\t","protected":false},"excerpt":{"rendered":"","protected":false},"author":1,"featured_media":0,"parent":0,"menu_order":0,"comment_status":"closed","ping_status":"closed","template":"","meta":{"_acf_changed":false,"footnotes":""},"class_list":["post-854","page","type-page","status-publish"],"acf":[],"_links":{"self":[{"href":"https:\/\/fatburner.to\/sk\/wp-json\/wp\/v2\/pages\/854","targetHints":{"allow":["GET"]}}],"collection":[{"href":"https:\/\/fatburner.to\/sk\/wp-json\/wp\/v2\/pages"}],"about":[{"href":"https:\/\/fatburner.to\/sk\/wp-json\/wp\/v2\/types\/page"}],"author":[{"embeddable":true,"href":"https:\/\/fatburner.to\/sk\/wp-json\/wp\/v2\/users\/1"}],"replies":[{"embeddable":true,"href":"https:\/\/fatburner.to\/sk\/wp-json\/wp\/v2\/comments?post=854"}],"version-history":[{"count":0,"href":"https:\/\/fatburner.to\/sk\/wp-json\/wp\/v2\/pages\/854\/revisions"}],"wp:attachment":[{"href":"https:\/\/fatburner.to\/sk\/wp-json\/wp\/v2\/media?parent=854"}],"curies":[{"name":"wp","href":"https:\/\/api.w.org\/{rel}","templated":true}]}}