{"id":539,"date":"2025-09-13T08:50:42","date_gmt":"2025-09-13T08:50:42","guid":{"rendered":"https:\/\/fatburner.to\/termek\/wegovy-1-mg\/"},"modified":"2025-09-18T11:16:54","modified_gmt":"2025-09-18T11:16:54","slug":"wegovy-1-mg","status":"publish","type":"product","link":"https:\/\/fatburner.to\/sk\/produkt\/wegovy-1-mg\/","title":{"rendered":"Wegovy 1 mg"},"content":{"rendered":"<h2>Objedn\u00e1vka Wegovy: V\u00e1\u0161 sprievodca efekt\u00edvnym chudnut\u00edm s Wegovy 1 mg<\/h2>\n<p>Ste pripraven\u00ed prevzia\u0165 kontrolu nad svoj\u00edm zdrav\u00edm a zbavi\u0165 sa nadbyto\u010dn\u00fdch kilogramov? Objedn\u00e1vka Wegovy v\u00e1m prin\u00e1\u0161a Wegovy 1 mg, revolu\u010dn\u00fd liek na predpis od Novo Nordisk navrhnut\u00fd na dosiahnutie udr\u017eate\u013en\u00e9ho chudnutia. Schv\u00e1len\u00fd FDA na mana\u017ement hmotnosti, Wegovy je ide\u00e1lny pre dospel\u00fdch a dospievaj\u00facich s obezitou alebo pre t\u00fdch, ktor\u00ed maj\u00fa nadv\u00e1hu s pridru\u017een\u00fdmi zdravotn\u00fdmi probl\u00e9mami. <strong>S objedn\u00e1vkou Wegovy m\u00f4\u017eete zn\u00ed\u017ei\u0165 chu\u0165 do jedla, spa\u013eova\u0165 tuky a na\u0161tartova\u0165 svoju cestu k zdrav\u0161iemu ja.<\/strong> V tomto sprievodcovi sa ponor\u00edme do \u00fa\u010dinnej l\u00e1tky, ako podporuje chudnutie a pre\u010do je Wegovy 1 mg najlep\u0161ou vo\u013ebou na transform\u00e1ciu v\u00e1\u0161ho \u017eivotn\u00e9ho \u0161t\u00fdlu.<\/p>\n<h2>\u010co je Wegovy 1 mg a ako podporuje chudnutie?<\/h2>\n<p>Wegovy 1 mg je injek\u010dn\u00fd liek pod\u00e1van\u00fd raz t\u00fd\u017edenne, poh\u00e1\u0148an\u00fd semaglutidom, agonistom receptora glukag\u00f3nu podobn\u00e9ho peptidu-1 (GLP-1). Je ur\u010den\u00fd pre dospel\u00fdch s obezitou (BMI \u226530), dospel\u00fdch s nadv\u00e1hou (BMI \u226527) s ochoreniami ako cukrovka 2. typu alebo hypertenzia a pre dospievaj\u00facich od 12 rokov s obezitou. <strong>Objedn\u00e1vka Wegovy poskytuje liek, ktor\u00fd potl\u00e1\u010da chu\u0165 do jedla a zvy\u0161uje pocit s\u00fdtosti, \u010d\u00edm v\u00e1m pom\u00e1ha dosiahnu\u0165 kalorick\u00fd deficit pre chudnutie.<\/strong> To z neho rob\u00ed ide\u00e1lnu vo\u013ebu pre t\u00fdch, ktor\u00ed sa zaviazali chudn\u00fa\u0165 prostredn\u00edctvom stravy a cvi\u010denia.<br \/>\nSemaglutid, \u00fa\u010dinn\u00e1 l\u00e1tka, napodob\u0148uje prirodzen\u00fd horm\u00f3n, ktor\u00fd reguluje chu\u0165 do jedla a metabolizmus. Prostredn\u00edctvom objedn\u00e1vky Wegovy z\u00edskate pr\u00edstup k lieku podporen\u00e9mu rozsiahlym klinick\u00fdm v\u00fdskumom, ktor\u00fd ukazuje priemern\u00fd \u00fabytok hmotnosti 15 % za 68 t\u00fd\u017ed\u0148ov u dospel\u00fdch. Wegovy 1 mg sl\u00fa\u017ei ako k\u013e\u00fa\u010dov\u00e1 d\u00e1vka v titra\u010dnom sch\u00e9me, pom\u00e1ha pou\u017e\u00edvate\u013eom vybudova\u0165 toleranciu pred dosiahnut\u00edm udr\u017eiavacej d\u00e1vky 2,4 mg. Jeho preuk\u00e1zan\u00e1 \u00fa\u010dinnos\u0165 a jednoduch\u00e9 pou\u017e\u00edvanie robia z objedn\u00e1vky Wegovy prelom v mana\u017emente hmotnosti.<\/p>\n<h3>\u00da\u010dinn\u00e1 l\u00e1tka: semaglutid<\/h3>\n<p>Sila Wegovy 1 mg spo\u010d\u00edva v <strong>semaglutide<\/strong>, syntetickej verzii horm\u00f3nu GLP-1, ktor\u00fd sa prirodzene produkuje v \u010drev\u00e1ch. Semaglutid sa via\u017ee na receptory GLP-1 v mozgu, signalizuje s\u00fdtos\u0165 a zni\u017euje hlad, \u010do v\u00e1m pom\u00e1ha jes\u0165 menej bez pocitu depriv\u00e1cie. <strong>Objedn\u00e1vka Wegovy vyu\u017e\u00edva v\u00fdhody semaglutidu potl\u00e1\u010daj\u00face chu\u0165 do jedla, \u010d\u00edm u\u013eah\u010duje dodr\u017eiavanie zdravej, n\u00edzkokalorickej di\u00e9ty.<\/strong> Spoma\u013euje aj vypr\u00e1zd\u0148ovanie \u017eal\u00fadka, \u010d\u00edm v\u00e1s udr\u017euje dlh\u0161ie s\u00fdtych a zni\u017euje chute na vysokokalorick\u00e9 potraviny.<br \/>\nSemaglutid bol p\u00f4vodne vyvinut\u00fd na lie\u010dbu cukrovky 2. typu (ako je vidie\u0165 v Ozempicu a Rybelsuse), ale v roku 2021 z\u00edskal schv\u00e1lenie FDA na chudnutie pod zna\u010dkou Wegovy. V klinickej \u0161t\u00fadii STEP 1 stratilo 83 % dospel\u00fdch pou\u017e\u00edvaj\u00facich Wegovy aspo\u0148 5 % svojej telesnej hmotnosti v porovnan\u00ed s 31 % pri placebe. Objedn\u00e1vka Wegovy prin\u00e1\u0161a liek s osved\u010denou hist\u00f3riou, podporen\u00fd desa\u0165ro\u010diami odborn\u00fdch znalost\u00ed Novo Nordisk vo v\u00fdskume metabolick\u00e9ho zdravia.<\/p>\n<h2>Ako objedn\u00e1vka Wegovy podporuje chudnutie?<\/h2>\n<p>Objedn\u00e1vka Wegovy v\u00e1m poskytuje liek, ktor\u00fd podporuje chudnutie prostredn\u00edctvom viacer\u00fdch mechanizmov. Semaglutid napodob\u0148uje GLP-1, interaguje s mozgov\u00fdmi receptormi, aby zn\u00ed\u017eil chu\u0165 do jedla a zv\u00fd\u0161il s\u00fdtos\u0165, \u010d\u00edm v\u00e1m pom\u00e1ha konzumova\u0165 menej kal\u00f3ri\u00ed. <strong>Toto potla\u010denie chuti do jedla rob\u00ed z objedn\u00e1vky Wegovy siln\u00fd n\u00e1stroj na dosiahnutie udr\u017eate\u013en\u00e9ho chudnutia.<\/strong> Okrem toho Wegovy spoma\u013euje vypr\u00e1zd\u0148ovanie \u017eal\u00fadka, \u010do predl\u017euje pocit s\u00fdtosti a zni\u017euje nutkanie na ma\u0161krtenie.<br \/>\nNa rozdiel od liekov na chudnutie zalo\u017een\u00fdch na stimulantoch Wegovy funguje v harm\u00f3nii s prirodzen\u00fdmi syst\u00e9mami v\u00e1\u0161ho tela, \u010do z neho rob\u00ed bezpe\u010dn\u00fa a efekt\u00edvnu mo\u017enos\u0165 na dlhodob\u00e9 pou\u017eitie. Klinick\u00e9 \u0161t\u00fadie uk\u00e1zali, \u017ee pou\u017e\u00edvatelia Wegovy m\u00f4\u017eu strati\u0165 a\u017e 15 % svojej telesnej hmotnosti za 68 t\u00fd\u017ed\u0148ov, s v\u00fdrazn\u00fdmi zlep\u0161eniami obvodu p\u00e1sa, krvn\u00e9ho tlaku a hlad\u00edn cholesterolu. Objedn\u00e1vka Wegovy je navrhnut\u00e1 tak, aby dop\u013a\u0148ala zdrav\u00fd \u017eivotn\u00fd \u0161t\u00fdl, pom\u00e1hala v\u00e1m spa\u013eova\u0165 tuky a udr\u017ea\u0165 si pokroky v \u010dase.<\/p>\n<h3>Veda za mechanizmom chudnutia semaglutidu<\/h3>\n<p>Pri objedn\u00e1vke Wegovy sa semaglutid via\u017ee na receptory GLP-1 v hypotalame, oblasti mozgu, ktor\u00e1 reguluje hlad a energetick\u00fa rovnov\u00e1hu. T\u00e1to v\u00e4zba zni\u017euje chu\u0165 do jedla, tak\u017ee sa c\u00edtite spokojn\u00ed s men\u0161\u00edmi porciami a menej pravdepodobne t\u00fa\u017eite po vysokokalorick\u00fdch potravin\u00e1ch. Semaglutid tie\u017e spoma\u013euje vypr\u00e1zd\u0148ovanie \u017eal\u00fadka, \u010d\u00edm oneskoruje tr\u00e1venie a zvy\u0161uje pocity s\u00fdtosti. <strong>Objedn\u00e1vka Wegovy podporuje kalorick\u00fd deficit zn\u00ed\u017een\u00edm pr\u00edjmu potravy, \u010do je k\u013e\u00fa\u010dov\u00e9 pre udr\u017eate\u013en\u00e9 chudnutie.<\/strong> V \u0161t\u00fadii z roku 2021 dospel\u00ed pou\u017e\u00edvaj\u00faci Wegovy stratili v priemere 15 % svojej telesnej hmotnosti v porovnan\u00ed s 2,4 % pri placebe.<br \/>\nSemaglutid zvy\u0161uje sekr\u00e9ciu inzul\u00ednu a inhibuje uvo\u013e\u0148ovanie glukag\u00f3nu gluk\u00f3zovo z\u00e1visl\u00fdm sp\u00f4sobom, \u010d\u00edm stabilizuje hladiny krvn\u00e9ho cukru a zabra\u0148uje energetick\u00fdm poklesom, ktor\u00e9 sp\u00fa\u0161\u0165aj\u00fa prejedanie. T\u00e1to metabolick\u00e1 regul\u00e1cia zni\u017euje ukladanie tukov a podporuje spa\u013eovanie tukov. U dospievaj\u00facich Wegovy zn\u00ed\u017eil BMI o 16,1 % za 68 t\u00fd\u017ed\u0148ov, pri\u010dom 77 % dosiahlo aspo\u0148 5 % redukciu. Objedn\u00e1vka Wegovy pon\u00faka vedecky overen\u00fd pr\u00edstup k chudnutiu, ktor\u00fd rie\u0161i chu\u0165 do jedla aj metabolizmus pre optim\u00e1lne v\u00fdsledky.<\/p>\n<h4>Ako Wegovy sp\u00fa\u0161\u0165a spa\u013eovanie tukov<\/h4>\n<p>Objedn\u00e1vka Wegovy podporuje spa\u013eovanie tukov vytvoren\u00edm kalorick\u00e9ho deficitu prostredn\u00edctvom zn\u00ed\u017eenej chuti do jedla a pomal\u0161ieho tr\u00e1venia. Konzum\u00e1ciou menej kal\u00f3ri\u00ed va\u0161e telo \u010derp\u00e1 energiu z ulo\u017een\u00fdch tukov\u00fdch z\u00e1sob, \u010do vedie k chudnutiu. Klinick\u00e9 \u0161t\u00fadie ukazuj\u00fa, \u017ee 66 % pou\u017e\u00edvate\u013eov Wegovy str\u00e1ca aspo\u0148 10 % svojej telesnej hmotnosti, pri\u010dom niektor\u00ed dosahuj\u00fa a\u017e 20 % \u00fabytok (pribli\u017ene 21 kg pri po\u010diato\u010dnej hmotnosti 105 kg). <strong>Objedn\u00e1vka Wegovy podporuje spa\u013eovanie tukov\u00fdch z\u00e1sob, najm\u00e4 v kombin\u00e1cii s cvi\u010den\u00edm a n\u00edzkokalorickou di\u00e9tou.<\/strong><br \/>\n\u00da\u010dinky semaglutidu na citlivos\u0165 na inzul\u00edn zni\u017euj\u00fa ukladanie tukov a zvy\u0161uj\u00fa procesy spa\u013eovania tukov. Stabiliz\u00e1ciou krvn\u00e9ho cukru Wegovy zabra\u0148uje v\u00fdkyvom, ktor\u00e9 ved\u00fa k chutiam, \u010d\u00edm v\u00e1m pom\u00e1ha udr\u017ea\u0165 konzistentn\u00fd kalorick\u00fd deficit. \u0160t\u00fadie uk\u00e1zali zn\u00ed\u017eenie viscer\u00e1lneho tuku, ktor\u00fd je spojen\u00fd so srdcov\u00fdmi ochoreniami a cukrovkou, \u010d\u00edm zlep\u0161uj\u00fa celkov\u00e9 zdravie. Objedn\u00e1vka Wegovy je siln\u00fd n\u00e1stroj pre t\u00fdch, ktor\u00ed chc\u00fa spa\u013eova\u0165 tuky a dosiahnu\u0165 \u0161t\u00edhlej\u0161iu postavu.<\/p>\n<h3>\u00daloha Wegovy v dlhodobom mana\u017emente hmotnosti<\/h3>\n<p>Udr\u017eanie \u00fabytku hmotnosti je \u010dasto n\u00e1ro\u010dnej\u0161ie ako jeho po\u010diato\u010dn\u00e9 dosiahnutie. Objedn\u00e1vka Wegovy podporuje dlhodob\u00fd \u00faspech udr\u017eiavan\u00edm potla\u010denia chuti do jedla a podporou zdrav\u00fdch stravovac\u00edch n\u00e1vykov. V 68-t\u00fd\u017ed\u0148ovej \u0161t\u00fadii pou\u017e\u00edvatelia Wegovy, ktor\u00ed pokra\u010dovali v lie\u010dbe po 20 t\u00fd\u017ed\u0148och, stratili \u010fal\u0161ie 8 % svojej telesnej hmotnosti, zatia\u013e \u010do t\u00ed, ktor\u00ed pre\u0161li na placebo, op\u00e4\u0165 pribrali 7 %. <strong>Objedn\u00e1vka Wegovy v\u00e1m pom\u00e1ha udr\u017ea\u0165 \u00fabytok hmotnosti kontrolou hladu a podporou vyv\u00e1\u017een\u00e9ho \u017eivotn\u00e9ho \u0161t\u00fdlu.<\/strong><br \/>\nWegovy je najefekt\u00edvnej\u0161\u00ed v kombin\u00e1cii s n\u00edzkokalorickou di\u00e9tou a zv\u00fd\u0161enou fyzickou aktivitou. V\u00e1\u0161 lek\u00e1r bude sledova\u0165 v\u00e1\u0161 pokrok po 12 t\u00fd\u017ed\u0148och pri udr\u017eiavacej d\u00e1vke (zvy\u010dajne 2,4 mg, hoci niektor\u00ed zost\u00e1vaj\u00fa pri 1 mg, ak je lep\u0161ie tolerovan\u00e1). Ak nedosiahnete aspo\u0148 5 % \u00fabytok hmotnosti, m\u00f4\u017eu by\u0165 zv\u00e1\u017een\u00e9 alternat\u00edvne lie\u010dby. Objedn\u00e1vka Wegovy poskytuje \u0161trukt\u00farovan\u00fd pr\u00edstup k mana\u017ementu hmotnosti, ktor\u00fd v\u00e1m pom\u00e1ha vybudova\u0165 trval\u00e9 n\u00e1vyky pre zdrav\u0161iu bud\u00facnos\u0165.<\/p>\n<h2>D\u00f4le\u017eit\u00e9 \u00favahy pri objedn\u00e1vke Wegovy<\/h2>\n<p>Objedn\u00e1vka Wegovy pon\u00faka siln\u00e9 rie\u0161enie na chudnutie, ale nie je vhodn\u00e1 pre ka\u017ed\u00e9ho. Je kontraindikovan\u00e1 pre osoby s osobnou alebo rodinnou anamn\u00e9zou medul\u00e1rneho karcin\u00f3mu \u0161t\u00edtnej \u017e\u013eazy (MTC), syndr\u00f3mom mnohopo\u010detnej endokrinnej neopl\u00e1zie typu 2 (MEN 2) alebo precitlivenos\u0165ou na semaglutid. <strong>V\u017edy sa pora\u010fte so svoj\u00edm poskytovate\u013eom zdravotnej starostlivosti pred za\u010dat\u00edm objedn\u00e1vky Wegovy, aby ste sa uistili, \u017ee je bezpe\u010dn\u00e1 pre va\u0161e zdravotn\u00e9 potreby.<\/strong> Be\u017en\u00e9 ved\u013eaj\u0161ie \u00fa\u010dinky zah\u0155\u0148aj\u00fa nevo\u013enos\u0165, hna\u010dku, zvracanie a z\u00e1pchu, ktor\u00e9 zvy\u010dajne \u010dasom ustupuj\u00fa, ke\u010f sa va\u0161e telo prisp\u00f4sob\u00ed.<br \/>\nV\u00e1\u017ene rizik\u00e1, ako je pankreatit\u00edda, probl\u00e9my so \u017el\u010dn\u00edkom alebo n\u00e1dory \u0161t\u00edtnej \u017e\u013eazy, s\u00fa zriedkav\u00e9, ale vy\u017eaduj\u00fa okam\u017eit\u00fa lek\u00e1rsku pozornos\u0165. Wegovy m\u00f4\u017ee interagova\u0165 s liekmi na cukrovku, ako s\u00fa sulfonylmo\u010doviny alebo inzul\u00edn, \u010d\u00edm zvy\u0161uje riziko hypoglyk\u00e9mie. Informujte svojho lek\u00e1ra o v\u0161etk\u00fdch liekoch a doplnkoch, ktor\u00e9 u\u017e\u00edvate. Objedn\u00e1vka Wegovy by mala by\u0165 pou\u017e\u00edvan\u00e1 pod lek\u00e1rskym doh\u013eadom, aby sa zabezpe\u010dila bezpe\u010dnos\u0165 a \u00fa\u010dinnos\u0165.<\/p>\n<h3>Pre\u010do je objedn\u00e1vka Wegovy efekt\u00edvna na chudnutie?<\/h3>\n<p>Objedn\u00e1vka Wegovy je efekt\u00edvna, preto\u017ee cieli na hlavn\u00e9 pr\u00ed\u010diny prejedania. Schopnos\u0165 semaglutidu zn\u00ed\u017ei\u0165 chu\u0165 do jedla a spomali\u0165 vypr\u00e1zd\u0148ovanie \u017eal\u00fadka v\u00e1m pom\u00e1ha konzumova\u0165 menej kal\u00f3ri\u00ed a c\u00edti\u0165 sa dlh\u0161ie s\u00fdty. <strong>Klinick\u00e9 \u0161t\u00fadie ukazuj\u00fa, \u017ee 83 % dospel\u00fdch pou\u017e\u00edvaj\u00facich objedn\u00e1vku Wegovy str\u00e1ca aspo\u0148 5 % svojej telesnej hmotnosti, \u010do z neho rob\u00ed spo\u013eahliv\u00fa vo\u013ebu pre mana\u017ement obezity.<\/strong> Zlep\u0161uje aj metabolick\u00e9 zdravie zn\u00ed\u017een\u00edm krvn\u00e9ho tlaku, cholesterolu a hlad\u00edn krvn\u00e9ho cukru.<br \/>\nOkrem chudnutia bolo preuk\u00e1zan\u00e9, \u017ee Wegovy zni\u017euje riziko kardiovaskul\u00e1rnych udalost\u00ed, ako s\u00fa infarkt a m\u0155tvica, u dospel\u00fdch so srdcov\u00fdmi ochoreniami a obezitou. \u0160t\u00fadia z roku 2021 uviedla men\u0161\u00ed obvod p\u00e1sa a ni\u017e\u0161\u00ed krvn\u00fd tlak u pou\u017e\u00edvate\u013eov Wegovy, \u010do zd\u00f4raz\u0148uje jeho \u0161ir\u0161ie zdravotn\u00e9 v\u00fdhody. Objedn\u00e1vka Wegovy v\u00e1m umo\u017e\u0148uje dosiahnu\u0165 udr\u017eate\u013en\u00e9 chudnutie a zlep\u0161i\u0165 celkov\u00e9 zdravie s n\u00e1le\u017eit\u00fdm lek\u00e1rskym veden\u00edm.<\/p>\n<h2>Pre\u010do si vybra\u0165 objedn\u00e1vku Wegovy pre va\u0161u cestu chudnutia?<\/h2>\n<p>Objedn\u00e1vka Wegovy pon\u00faka vedecky overen\u00e9 rie\u0161enie pre t\u00fdch, ktor\u00ed bojuj\u00fa s obezitou alebo zdravotn\u00fdmi probl\u00e9mami s\u00favisiacimi s hmotnos\u0165ou. Poh\u00e1\u0148an\u00fd semaglutidom, Wegovy potl\u00e1\u010da chu\u0165 do jedla, spoma\u013euje tr\u00e1venie a podporuje spa\u013eovanie tukov, \u010d\u00edm v\u00e1m pom\u00e1ha dosiahnu\u0165 v\u00fdrazn\u00e9 chudnutie. <strong>S objedn\u00e1vkou Wegovy m\u00f4\u017eete transformova\u0165 svoje zdravie a vybudova\u0165 udr\u017eate\u013en\u00e9 n\u00e1vyky pre dlhodob\u00fd \u00faspech.<\/strong> Jeho raz t\u00fd\u017edenn\u00e1 injekcia je jednoduch\u00e1 na podanie a bezprobl\u00e9movo zapad\u00e1 do v\u00e1\u0161ho \u017eivotn\u00e9ho \u0161t\u00fdlu.<br \/>\nAk ste pripraven\u00ed urobi\u0165 \u010fal\u0161\u00ed krok, pora\u010fte sa so svoj\u00edm poskytovate\u013eom zdravotnej starostlivosti o objedn\u00e1vke Wegovy. S odborn\u00fdmi znalos\u0165ami Novo Nordisk a z\u00e1v\u00e4zkom k zdravej strave a cvi\u010deniu v\u00e1m Wegovy 1 mg m\u00f4\u017ee pom\u00f4c\u0165 dosiahnu\u0165 va\u0161e ciele chudnutia a prija\u0165 zdrav\u0161ie, sebavedomej\u0161ie ja. Za\u010dnite svoju cestu dnes s objedn\u00e1vkou Wegovy a odomknite jasnej\u0161iu bud\u00facnos\u0165!<\/p>\n","protected":false},"excerpt":{"rendered":"<p>Wegovy 1 mg, poh\u00e1\u0148an\u00fd <strong>semaglutidom<\/strong>, je osved\u010den\u00e9 rie\u0161enie na chudnutie, ktor\u00e9 potl\u00e1\u010da chu\u0165 do jedla a podporuje spa\u013eovanie tukov. Wegovy v\u00e1m pom\u00e1ha dosiahnu\u0165 kalorick\u00fd deficit pre udr\u017eate\u013en\u00e9 chudnutie. <strong>Ide\u00e1lny pre t\u00fdch, ktor\u00ed chc\u00fa zhodi\u0165 nadbyto\u010dn\u00fa hmotnos\u0165, Wegovy funguje najlep\u0161ie v kombin\u00e1cii s n\u00edzkokalorickou di\u00e9tou a cvi\u010den\u00edm.<\/strong> Za\u010dnite svoju transform\u00e1ciu s Wegovy dnes!<\/p>\n","protected":false},"featured_media":711,"comment_status":"open","ping_status":"closed","template":"","meta":{"_acf_changed":false},"product_brand":[],"product_cat":[39],"product_tag":[],"class_list":{"0":"post-539","1":"product","2":"type-product","3":"status-publish","4":"has-post-thumbnail","6":"product_cat-semaglutide-sk","8":"first","9":"instock","10":"sale","11":"shipping-taxable","12":"purchasable","13":"product-type-simple"},"acf":[],"_links":{"self":[{"href":"https:\/\/fatburner.to\/sk\/wp-json\/wp\/v2\/product\/539","targetHints":{"allow":["GET"]}}],"collection":[{"href":"https:\/\/fatburner.to\/sk\/wp-json\/wp\/v2\/product"}],"about":[{"href":"https:\/\/fatburner.to\/sk\/wp-json\/wp\/v2\/types\/product"}],"replies":[{"embeddable":true,"href":"https:\/\/fatburner.to\/sk\/wp-json\/wp\/v2\/comments?post=539"}],"wp:featuredmedia":[{"embeddable":true,"href":"https:\/\/fatburner.to\/sk\/wp-json\/wp\/v2\/media\/711"}],"wp:attachment":[{"href":"https:\/\/fatburner.to\/sk\/wp-json\/wp\/v2\/media?parent=539"}],"wp:term":[{"taxonomy":"product_brand","embeddable":true,"href":"https:\/\/fatburner.to\/sk\/wp-json\/wp\/v2\/product_brand?post=539"},{"taxonomy":"product_cat","embeddable":true,"href":"https:\/\/fatburner.to\/sk\/wp-json\/wp\/v2\/product_cat?post=539"},{"taxonomy":"product_tag","embeddable":true,"href":"https:\/\/fatburner.to\/sk\/wp-json\/wp\/v2\/product_tag?post=539"}],"curies":[{"name":"wp","href":"https:\/\/api.w.org\/{rel}","templated":true}]}}