{"id":554,"date":"2025-09-16T12:40:47","date_gmt":"2025-09-16T12:40:47","guid":{"rendered":"https:\/\/fatburner.to\/termek\/teva-adipex-p-375mg\/"},"modified":"2025-09-18T12:55:49","modified_gmt":"2025-09-18T12:55:49","slug":"teva-adipex-p-375mg","status":"publish","type":"product","link":"https:\/\/fatburner.to\/sk\/produkt\/teva-adipex-p-375mg\/","title":{"rendered":"Teva Adipex-P 37,5mg"},"content":{"rendered":"<h2>Adipex-P: V\u00e1\u0161 sprievodca efekt\u00edvnym chudnut\u00edm s fenterm\u00ednom 37,5 mg od Teva<\/h2>\n<p>Ste pripraven\u00ed na\u0161tartova\u0165 svoju cestu chudnutia a dosiahnu\u0165 zdrav\u0161ie, \u0161t\u00edhlej\u0161ie ja? Adipex-P, vyr\u00e1ban\u00fd spolo\u010dnos\u0165ou Teva Pharmaceuticals, je liek na predpis na chudnutie obsahuj\u00faci 37,5 mg fenterm\u00ednu hydrochloridu v jednej tablete alebo kapsule, navrhnut\u00fd tak, aby v\u00e1m pomohol zbavi\u0165 sa nadbyto\u010dn\u00fdch kilogramov a dosiahnu\u0165 svoje fitness ciele. \u0160iroko uzn\u00e1van\u00fd vo fitness komunit\u00e1ch a zdravotn\u00edckej literat\u00fare pre svoje \u00fa\u010dinky potl\u00e1\u010daj\u00face chu\u0165 do jedla, Adipex-P je ide\u00e1lny pre dospel\u00fdch s obezitou alebo t\u00fdch, ktor\u00ed maj\u00fa nadv\u00e1hu s pridru\u017een\u00fdmi zdravotn\u00fdmi probl\u00e9mami. <strong>S Adipex-P m\u00f4\u017eete potla\u010di\u0165 chu\u0165 do jedla a podpori\u0165 spa\u013eovanie tukov, \u010d\u00edm sa chudnutie st\u00e1va dosiahnute\u013enej\u0161\u00edm.<\/strong> V tomto sprievodcovi presk\u00famame \u00fa\u010dinn\u00fa l\u00e1tku, jej mechanizmy \u00fa\u010dinku a pre\u010do je Adipex-P d\u00f4veryhodnou vo\u013ebou pre mana\u017ement hmotnosti, \u010derpaj\u00fac z klinick\u00fdch \u0161t\u00fadi\u00ed, recenzi\u00ed pou\u017e\u00edvate\u013eov na f\u00f3rach ako WebMD a ofici\u00e1lnych zdrojov od Teva.<\/p>\n<h2>\u010co je Adipex-P a ako podporuje chudnutie?<\/h2>\n<p>Adipex-P od Teva Pharmaceuticals je or\u00e1lny liek obsahuj\u00faci fenterm\u00edn hydrochlorid, sympatomimetick\u00fd am\u00edn klasifikovan\u00fd ako anorektikum, zn\u00e1my pre svoje siln\u00e9 vlastnosti potl\u00e1\u010daj\u00face chu\u0165 do jedla. Je ur\u010den\u00fd na kr\u00e1tkodob\u00e9 pou\u017eitie (zvy\u010dajne nieko\u013eko t\u00fd\u017ed\u0148ov) u dospel\u00fdch s obezitou (BMI \u226530) alebo u t\u00fdch, ktor\u00ed maj\u00fa nadv\u00e1hu (BMI \u226527) s ochoreniami ako cukrovka 2. typu, kontrolovan\u00e1 hypertenzia alebo vysok\u00fd cholesterol. <strong>Adipex-P v\u00e1m pom\u00e1ha dosiahnu\u0165 kalorick\u00fd deficit zn\u00ed\u017een\u00edm hladu, \u010d\u00edm u\u013eah\u010duje dodr\u017eiavanie n\u00edzkokalorickej di\u00e9ty.<\/strong> Jeho \u00fa\u010dinnos\u0165 je dobre zdokumentovan\u00e1 v recenzi\u00e1ch pou\u017e\u00edvate\u013eov na platform\u00e1ch ako WebMD, kde mnoh\u00ed uv\u00e1dzaj\u00fa v\u00fdrazn\u00e9 chudnutie pri kombin\u00e1cii so zmenami \u017eivotn\u00e9ho \u0161t\u00fdlu.<br \/>\nFenterm\u00edn, \u00fa\u010dinn\u00e1 l\u00e1tka, stimuluje centr\u00e1lny nervov\u00fd syst\u00e9m na zv\u00fd\u0161enie srdcovej frekvencie a krvn\u00e9ho tlaku, \u010d\u00edm potl\u00e1\u010da chu\u0165 do jedla. V\u00fdberom Adipex-P si vol\u00edte liek, ktor\u00fd je od roku 1959 schv\u00e1len\u00fd FDA na lie\u010dbu obezity, ako je uveden\u00e9 v produktov\u00fdch detailoch od Teva. Klinick\u00e9 \u0161t\u00fadie, ako napr\u00edklad k\u00f3rejsk\u00e1 \u0161t\u00fadia z roku 2005, uk\u00e1zali, \u017ee pou\u017e\u00edvatelia fenterm\u00ednu stratili v priemere 6,7 kg za 12 t\u00fd\u017ed\u0148ov v porovnan\u00ed s placebom, \u010do rob\u00ed Adipex-P spo\u013eahliv\u00fdm n\u00e1strojom na kr\u00e1tkodob\u00fd mana\u017ement hmotnosti pri kombin\u00e1cii s cvi\u010den\u00edm a obmedzen\u00edm kal\u00f3ri\u00ed.<\/p>\n<h3>\u00da\u010dinn\u00e1 l\u00e1tka: fenterm\u00edn hydrochlorid<\/h3>\n<p>\u00da\u010dinnos\u0165 Adipex-P spo\u010d\u00edva v jeho \u00fa\u010dinnej l\u00e1tke, <strong>fenterm\u00edne hydrochloridu<\/strong>, sympatomimetickom am\u00edne chemicky pr\u00edbuznom amfetam\u00ednom. Fenterm\u00edn p\u00f4sob\u00ed stimul\u00e1ciou uvo\u013e\u0148ovania noradrenal\u00ednu a v men\u0161ej miere dopam\u00ednu a seroton\u00ednu v mozgu, \u010do signalizuje s\u00fdtos\u0165 a zni\u017euje hlad. <strong>Adipex-P vyu\u017e\u00edva schopnos\u0165 fenterm\u00ednu potl\u00e1\u010da\u0165 chu\u0165 do jedla, pom\u00e1ha v\u00e1m c\u00edti\u0165 sa spokojn\u00ed s men\u0161\u00edmi porciami a odol\u00e1va\u0165 chutiam.<\/strong> To u\u013eah\u010duje udr\u017eanie kalorick\u00e9ho deficitu, ako je zd\u00f4raznen\u00e9 v recenzi\u00e1ch pou\u017e\u00edvate\u013eov na f\u00f3rach ako WebMD, kde pou\u017e\u00edvatelia uv\u00e1dzaj\u00fa zn\u00ed\u017een\u00fd hlad a zv\u00fd\u0161en\u00fa energiu.<br \/>\nFenterm\u00edn bol prv\u00fdkr\u00e1t schv\u00e1len\u00fd FDA v roku 1959 a je pred\u00e1van\u00fd pod zna\u010dkami ako Adipex-P a Lomaira. Na rozdiel od zru\u0161enej kombin\u00e1cie \u201efen-phen\u201c fenterm\u00edn s\u00e1m o sebe nesp\u00f4sobuje probl\u00e9my so srdcov\u00fdmi chlop\u0148ami, \u010do rob\u00ed Adipex-P bezpe\u010dnej\u0161ou mo\u017enos\u0165ou pri pou\u017eit\u00ed pod lek\u00e1rskym doh\u013eadom, ako je uveden\u00e9 v zdravotn\u00edckej literat\u00fare. Tablety Adipex-P obsahuj\u00fa neakt\u00edvne zlo\u017eky ako kukuri\u010dn\u00fd \u0161krob, lakt\u00f3zu a magn\u00e9ziumstear\u00e1t, zatia\u013e \u010do kapsuly obsahuj\u00fa \u017eelat\u00ednu a FD&#038;C Blue #1, \u010do zabezpe\u010duje stabiln\u00fa formul\u00e1ciu, ako je uveden\u00e9 v inform\u00e1ci\u00e1ch o predpisovan\u00ed od Teva.<\/p>\n<h2>Ako Adipex-P podporuje chudnutie?<\/h2>\n<p>Adipex-P podporuje chudnutie predov\u0161etk\u00fdm potla\u010den\u00edm chuti do jedla stimul\u00e1ciou centr\u00e1lneho nervov\u00e9ho syst\u00e9mu. Fenterm\u00edn sp\u00fa\u0161\u0165a uvo\u013e\u0148ovanie noradrenal\u00ednu, \u010do zvy\u0161uje srdcov\u00fa frekvenciu a krvn\u00fd tlak, \u010d\u00edm zni\u017euje sign\u00e1ly hladu. <strong>T\u00e1to kontrola chuti do jedla rob\u00ed Adipex-P siln\u00fdm n\u00e1strojom na dosiahnutie kalorick\u00e9ho deficitu, nevyhnutn\u00e9ho pre chudnutie.<\/strong> Recenzie pou\u017e\u00edvate\u013eov na WebMD zd\u00f4raz\u0148uj\u00fa jeho schopnos\u0165 zni\u017eova\u0165 chute na jedlo, pri\u010dom mnoh\u00ed uv\u00e1dzaj\u00fa t\u00fd\u017edenn\u00fd \u00fabytok hmotnosti 0,5-1 kg pri kombin\u00e1cii s n\u00edzkokalorickou di\u00e9tou.<br \/>\nOkrem toho m\u00f4\u017ee fenterm\u00edn zv\u00fd\u0161i\u0165 energetick\u00fd v\u00fddaj, \u010d\u00edm v\u00e1m pom\u00e1ha spa\u013eova\u0165 viac kal\u00f3ri\u00ed po\u010das ka\u017edodenn\u00fdch aktiv\u00edt a cvi\u010denia. \u0160t\u00fadia Kaiser Permanente z roku 2019 zistila, \u017ee dlhodobej\u0161ie pou\u017e\u00edvanie fenterm\u00ednu (a\u017e 2 roky) viedlo k udr\u017eaniu 7 % \u00fabytku hmotnosti bez zv\u00fd\u0161en\u00e9ho kardiovaskul\u00e1rneho rizika, \u010do nazna\u010duje potenci\u00e1l Adipex-P pre trval\u00e9 v\u00fdsledky pri zodpovednom pou\u017e\u00edvan\u00ed. Adipex-P je navrhnut\u00fd na kr\u00e1tkodob\u00e9 pou\u017eitie, zvy\u010dajne 3-12 t\u00fd\u017ed\u0148ov, na na\u0161tartovanie va\u0161ej cesty chudnutia a vybudovanie zdrav\u00fdch n\u00e1vykov, ako je zd\u00f4raznen\u00e9 na fitness f\u00f3rach.<\/p>\n<h3>Veda za mechanizmom chudnutia fenterm\u00ednu<\/h3>\n<p>Adipex-P p\u00f4sob\u00ed stimul\u00e1ciou zv\u00e4zkov neur\u00f3nov v mozgu na uvo\u013e\u0148ovanie katecholam\u00ednov, predov\u0161etk\u00fdm noradrenal\u00ednu, ktor\u00fd signalizuje hypotalamu zn\u00ed\u017eenie chuti do jedla. To vytv\u00e1ra stav zv\u00fd\u0161enej s\u00fdtosti, ktor\u00fd v\u00e1m pom\u00e1ha jes\u0165 menej bez pocitu depriv\u00e1cie. K\u00f3rejsk\u00e1 \u0161t\u00fadia z roku 2005 uk\u00e1zala, \u017ee pou\u017e\u00edvatelia fenterm\u00ednu stratili 6,7 kg a 6,2 cm v obvode p\u00e1sa za 12 t\u00fd\u017ed\u0148ov v porovnan\u00ed s placebom, pri\u010dom 70 % dosiahlo aspo\u0148 5 % \u00fabytok hmotnosti. <strong>Adipex-P podporuje chudnutie zn\u00ed\u017een\u00edm pr\u00edjmu potravy, \u010d\u00edm u\u013eah\u010duje udr\u017eanie kalorick\u00e9ho deficitu.<\/strong><br \/>\nFarmakokinetika fenterm\u00ednu ukazuje vrcholov\u00e9 plazmatick\u00e9 koncentr\u00e1cie 6 hod\u00edn po d\u00e1vke 37,5 mg, pri\u010dom 62-85 % sa vylu\u010duje nezmenen\u00e9 mo\u010dom, \u010do nazna\u010duje minim\u00e1lnu metaboliz\u00e1ciu. Jeho pol\u010das rozpadu je 20-25 hod\u00edn, \u010do zabezpe\u010duje trval\u00e9 potla\u010denie chuti do jedla po\u010das d\u0148a, ako je uveden\u00e9 v inform\u00e1ci\u00e1ch o predpisovan\u00ed od Teva. Adipex-P m\u00f4\u017ee aj zv\u00fd\u0161i\u0165 baz\u00e1lne metabolick\u00e9 tempo, \u010d\u00edm zvy\u0161uje spa\u013eovanie kal\u00f3ri\u00ed po\u010das fyzickej aktivity, ako je uveden\u00e9 v recenzi\u00e1ch pou\u017e\u00edvate\u013eov na WebMD. T\u00e1to dvojak\u00e1 akcia potla\u010denia chuti do jedla a potenci\u00e1lneho metabolick\u00e9ho impulzu rob\u00ed Adipex-P efekt\u00edvnym pre kr\u00e1tkodob\u00e9 chudnutie.<\/p>\n<h4>Ako Adipex-P sp\u00fa\u0161\u0165a spa\u013eovanie tukov<\/h4>\n<p>Adipex-P priamo nespa\u013euje tuky, ale vytv\u00e1ra podmienky, aby to va\u0161e telo urobilo zn\u00ed\u017een\u00edm chuti do jedla. Konzum\u00e1ciou menej kal\u00f3ri\u00ed va\u0161e telo \u010derp\u00e1 energiu z ulo\u017een\u00fdch tukov\u00fdch z\u00e1sob, \u010do vedie k chudnutiu. Klinick\u00e9 \u0161t\u00fadie ukazuj\u00fa, \u017ee pou\u017e\u00edvatelia fenterm\u00ednu str\u00e1caj\u00fa 5-10 % svojej telesnej hmotnosti za 12 t\u00fd\u017ed\u0148ov, pri\u010dom niektor\u00ed dosahuj\u00fa v\u00e4\u010d\u0161ie v\u00fdsledky pri kombin\u00e1cii s cvi\u010den\u00edm. <strong>Adipex-P v\u00e1m pom\u00e1ha dosiahnu\u0165 kalorick\u00fd deficit, z\u00e1klad spa\u013eovania tukov, najm\u00e4 v kombin\u00e1cii so zdravou stravou.<\/strong> Recenzie pou\u017e\u00edvate\u013eov na WebMD uv\u00e1dzaj\u00fa straty 9-50 kg pri kombin\u00e1cii so zmenami \u017eivotn\u00e9ho \u0161t\u00fdlu.<br \/>\nMierne stimula\u010dn\u00e9 \u00fa\u010dinky fenterm\u00ednu m\u00f4\u017eu zv\u00fd\u0161i\u0165 baz\u00e1lne metabolick\u00e9 tempo, \u010d\u00edm v\u00e1m pom\u00e1haj\u00fa spa\u013eova\u0165 viac kal\u00f3ri\u00ed po\u010das ka\u017edodenn\u00fdch aktiv\u00edt. Zn\u00ed\u017een\u00edm hladu Adipex-P zabra\u0148uje prejedaniu, \u010d\u00edm zabezpe\u010duje, \u017ee va\u0161e telo \u010derp\u00e1 energiu z tukov\u00fdch z\u00e1sob. Tento proces je najefekt\u00edvnej\u0161\u00ed pri kombin\u00e1cii s vyv\u00e1\u017eenou, n\u00edzkokalorickou di\u00e9tou a pravidelnou fyzickou aktivitou, ako je kardio alebo silov\u00fd tr\u00e9ning, na maximaliz\u00e1ciu \u00fabytku tukov a zlep\u0161enie telesnej kompoz\u00edcie, ako je uveden\u00e9 na fitness f\u00f3rach.<\/p>\n<h3>\u00daloha Adipex-P v kr\u00e1tkodobom mana\u017emente hmotnosti<\/h3>\n<p>Adipex-P je navrhnut\u00fd na kr\u00e1tkodob\u00e9 pou\u017eitie, zvy\u010dajne 3-12 t\u00fd\u017ed\u0148ov, na na\u0161tartovanie chudnutia a vybudovanie udr\u017eate\u013en\u00fdch n\u00e1vykov. \u0160t\u00fadia Kaiser Permanente z roku 2019 uk\u00e1zala, \u017ee pacienti pou\u017e\u00edvaj\u00faci fenterm\u00edn viac ako rok udr\u017eali 7 % \u00fabytok hmotnosti, s najv\u00e4\u010d\u0161ou stratou v prv\u00fdch 4-6 t\u00fd\u017ed\u0148och. <strong>Adipex-P podporuje kr\u00e1tkodob\u00fd mana\u017ement hmotnosti zn\u00ed\u017een\u00edm chuti do jedla a pom\u00e1ha v\u00e1m vytvori\u0165 kaloricky kontrolovan\u00fd \u017eivotn\u00fd \u0161t\u00fdl.<\/strong> Recenzie pou\u017e\u00edvate\u013eov na WebMD zd\u00f4raz\u0148uj\u00fa jeho \u00falohu pri na\u0161tartovan\u00ed chudnutia, pri\u010dom niektor\u00ed stratili 7-13 kg za mesiac.<br \/>\nV\u00e1\u0161 lek\u00e1r bude sledova\u0165 v\u00e1\u0161 pokrok po 4 t\u00fd\u017ed\u0148och, aby zabezpe\u010dil aspo\u0148 1,8 kg \u00fabytok hmotnosti pri n\u00edzkokalorickej di\u00e9te. Ak tento cie\u013e nie je splnen\u00fd, lie\u010dba m\u00f4\u017ee by\u0165 upraven\u00e1 alebo ukon\u010den\u00e1. Adipex-P je najefekt\u00edvnej\u0161\u00ed pri kombin\u00e1cii so zmenami stravovania, cvi\u010den\u00edm a behavior\u00e1lnymi \u00fapravami, ako s\u00fa tie zalo\u017een\u00e9 na programe LEARN, pou\u017e\u00edvanom v klinick\u00fdch \u0161t\u00fadi\u00e1ch. Jeho kr\u00e1tkodob\u00e1 povaha zabezpe\u010duje minim\u00e1lne riziko pri pou\u017eit\u00ed pod\u013ea predpisu, ako je zd\u00f4raznen\u00e9 v pokynoch od Teva.<\/p>\n<h2>D\u00f4le\u017eit\u00e9 \u00favahy pri pou\u017e\u00edvan\u00ed Adipex-P<\/h2>\n<p>Adipex-P je siln\u00fd n\u00e1stroj na chudnutie, ale nie je vhodn\u00fd pre ka\u017ed\u00e9ho. Je kontraindikovan\u00fd pre osoby s anamn\u00e9zou kardiovaskul\u00e1rnych ochoren\u00ed, nekontrolovanou hypertenziou, hypertyre\u00f3zou, glauk\u00f3mom alebo zneu\u017e\u00edvan\u00edm n\u00e1vykov\u00fdch l\u00e1tok, ako aj pre tehotn\u00e9 alebo doj\u010diace \u017eeny. <strong>V\u017edy sa pora\u010fte so svoj\u00edm poskytovate\u013eom zdravotnej starostlivosti pred za\u010dat\u00edm u\u017e\u00edvania Adipex-P, aby ste sa uistili, \u017ee je bezpe\u010dn\u00fd pre va\u0161e zdravotn\u00e9 potreby.<\/strong> Nesmie sa pou\u017e\u00edva\u0165 do 14 dn\u00ed od inhib\u00edtorov monoaminooxid\u00e1zy (MAOI) kv\u00f4li riziku hypertenznej kr\u00edzy, ako je uveden\u00e9 v inform\u00e1ci\u00e1ch o predpisovan\u00ed od Teva.<br \/>\nBe\u017en\u00e9 ved\u013eaj\u0161ie \u00fa\u010dinky zah\u0155\u0148aj\u00fa sucho v \u00fastach, nespavos\u0165, z\u00e1vraty a zv\u00fd\u0161en\u00fa srdcov\u00fa frekvenciu, ktor\u00e9 s\u00fa zvy\u010dajne mierne a \u010dasom ustupuj\u00fa. V\u00e1\u017ene rizik\u00e1, ako je p\u013e\u00facna hypertenzia alebo probl\u00e9my so srdcov\u00fdmi chlop\u0148ami, s\u00fa zriedkav\u00e9 a boli spojen\u00e9 s fenfluram\u00ednovou zlo\u017ekou zru\u0161enej kombin\u00e1cie \u201efen-phen\u201c, nie s fenterm\u00ednom samotn\u00fdm. Adipex-P je kontrolovan\u00e1 l\u00e1tka kateg\u00f3rie IV, \u010do nazna\u010duje n\u00edzke riziko zneu\u017eitia, ale mal by by\u0165 pou\u017e\u00edvan\u00fd presne pod\u013ea predpisu, aby sa predi\u0161lo z\u00e1vislosti, ako je zd\u00f4raznen\u00e9 v zdravotn\u00edckej literat\u00fare a varovaniach pou\u017e\u00edvate\u013eov na f\u00f3rach.<\/p>\n<h3>Pre\u010do je Adipex-P efekt\u00edvny na chudnutie?<\/h3>\n<p>\u00da\u010dinnos\u0165 Adipex-P spo\u010d\u00edva v jeho schopnosti cieli\u0165 na chu\u0165 do jedla, \u010d\u00edm v\u00e1m pom\u00e1ha konzumova\u0165 menej kal\u00f3ri\u00ed. Stimul\u00e1ciou uvo\u013e\u0148ovania noradrenal\u00ednu fenterm\u00edn zni\u017euje hlad a zvy\u0161uje s\u00fdtos\u0165, \u010d\u00edm u\u013eah\u010duje dodr\u017eiavanie n\u00edzkokalorickej di\u00e9ty. <strong>Klinick\u00e9 \u0161t\u00fadie ukazuj\u00fa, \u017ee Adipex-P m\u00f4\u017ee pom\u00f4c\u0165 70 % pou\u017e\u00edvate\u013eov dosiahnu\u0165 aspo\u0148 5 % \u00fabytok hmotnosti za 12 t\u00fd\u017ed\u0148ov, \u010do z neho rob\u00ed spo\u013eahliv\u00fa vo\u013ebu pre mana\u017ement obezity.<\/strong> U niektor\u00fdch pou\u017e\u00edvate\u013eov zlep\u0161uje aj metabolick\u00e9 zdravotn\u00e9 markery, ako je krvn\u00fd tlak a cholesterol, ako je vidie\u0165 v k\u00f3rejskej \u0161t\u00fadii z roku 2005.<br \/>\nRecenzie pou\u017e\u00edvate\u013eov na WebMD chv\u00e1lia Adipex-P za jeho schopnos\u0165 zni\u017eova\u0165 hlad a zvy\u0161ova\u0165 energiu, pri\u010dom niektor\u00ed uv\u00e1dzaj\u00fa v\u00fdrazn\u00e9 chudnutie a zlep\u0161en\u00fa pohyblivos\u0165. Jeho formula s kontrolovan\u00fdm uvo\u013e\u0148ovan\u00edm zabezpe\u010duje stabiln\u00e9 potla\u010denie chuti do jedla, ako je uveden\u00e9 v produktov\u00fdch detailoch od Teva. S n\u00e1le\u017eit\u00fdm lek\u00e1rskym doh\u013eadom m\u00f4\u017ee by\u0165 Adipex-P transforma\u010dn\u00fdm n\u00e1strojom pre t\u00fdch, ktor\u00ed chc\u00fa na\u0161tartova\u0165 svoju cestu chudnutia.<\/p>\n<h2>Pre\u010do si vybra\u0165 Adipex-P pre va\u0161u cestu chudnutia?<\/h2>\n<p>Adipex-P od Teva Pharmaceuticals pon\u00faka vedecky podlo\u017een\u00e9 rie\u0161enie pre t\u00fdch, ktor\u00ed bojuj\u00fa s obezitou alebo zdravotn\u00fdmi probl\u00e9mami s\u00favisiacimi s hmotnos\u0165ou. Poh\u00e1\u0148an\u00fd fenterm\u00ednom hydrochloridom, Adipex-P potl\u00e1\u010da chu\u0165 do jedla a podporuje spa\u013eovanie tukov, \u010d\u00edm v\u00e1m pom\u00e1ha dosiahnu\u0165 kalorick\u00fd deficit. <strong>S Adipex-P m\u00f4\u017eete na\u0161tartova\u0165 svoje chudnutie a vybudova\u0165 z\u00e1klad pre zdrav\u0161\u00ed \u017eivotn\u00fd \u0161t\u00fdl.<\/strong> Jeho poves\u0165 vo fitness komunit\u00e1ch a presn\u00e9 d\u00e1vkovanie 37,5 mg ho robia d\u00f4veryhodnou vo\u013ebou.<br \/>\nAk ste pripraven\u00ed transformova\u0165 svoje zdravie, pora\u010fte sa so svoj\u00edm poskytovate\u013eom zdravotnej starostlivosti o Adipex-P. S n\u00e1le\u017eit\u00fdm lek\u00e1rskym doh\u013eadom, n\u00edzkokalorickou di\u00e9tou a pravideln\u00fdm cvi\u010den\u00edm v\u00e1m Adipex-P m\u00f4\u017ee pom\u00f4c\u0165 dosiahnu\u0165 va\u0161e ciele chudnutia a prija\u0165 sebavedomej\u0161ie, \u017eiv\u0161ie ja. Za\u010dnite svoju cestu dnes s Adipex-P a odomknite zdrav\u0161iu bud\u00facnos\u0165!<\/p>\n","protected":false},"excerpt":{"rendered":"<p>Adipex-P od Teva Pharmaceuticals s <strong>fenterm\u00ednom hydrochloridom<\/strong> je siln\u00fd liek na chudnutie, ktor\u00fd potl\u00e1\u010da chu\u0165 do jedla a podporuje spa\u013eovanie tukov. Adipex-P pom\u00e1ha dosiahnu\u0165 kalorick\u00fd deficit pre efekt\u00edvne chudnutie. <strong>Ide\u00e1lny pre t\u00fdch, ktor\u00ed chc\u00fa zhodi\u0165 nadbyto\u010dn\u00fd tuk, Adipex-P funguje najlep\u0161ie v kombin\u00e1cii so zdravou stravou a cvi\u010den\u00edm.<\/strong> Za\u010dnite svoju transform\u00e1ciu dnes!<\/p>\n","protected":false},"featured_media":727,"comment_status":"open","ping_status":"closed","template":"","meta":{"_acf_changed":false},"product_brand":[],"product_cat":[],"product_tag":[],"class_list":{"0":"post-554","1":"product","2":"type-product","3":"status-publish","4":"has-post-thumbnail","7":"first","8":"instock","9":"shipping-taxable","10":"purchasable","11":"product-type-simple"},"acf":[],"_links":{"self":[{"href":"https:\/\/fatburner.to\/sk\/wp-json\/wp\/v2\/product\/554","targetHints":{"allow":["GET"]}}],"collection":[{"href":"https:\/\/fatburner.to\/sk\/wp-json\/wp\/v2\/product"}],"about":[{"href":"https:\/\/fatburner.to\/sk\/wp-json\/wp\/v2\/types\/product"}],"replies":[{"embeddable":true,"href":"https:\/\/fatburner.to\/sk\/wp-json\/wp\/v2\/comments?post=554"}],"wp:featuredmedia":[{"embeddable":true,"href":"https:\/\/fatburner.to\/sk\/wp-json\/wp\/v2\/media\/727"}],"wp:attachment":[{"href":"https:\/\/fatburner.to\/sk\/wp-json\/wp\/v2\/media?parent=554"}],"wp:term":[{"taxonomy":"product_brand","embeddable":true,"href":"https:\/\/fatburner.to\/sk\/wp-json\/wp\/v2\/product_brand?post=554"},{"taxonomy":"product_cat","embeddable":true,"href":"https:\/\/fatburner.to\/sk\/wp-json\/wp\/v2\/product_cat?post=554"},{"taxonomy":"product_tag","embeddable":true,"href":"https:\/\/fatburner.to\/sk\/wp-json\/wp\/v2\/product_tag?post=554"}],"curies":[{"name":"wp","href":"https:\/\/api.w.org\/{rel}","templated":true}]}}