{"id":641,"date":"2025-09-16T17:47:16","date_gmt":"2025-09-16T17:47:16","guid":{"rendered":"https:\/\/fatburner.to\/termek\/bio-peptide-retatrutide-20mg\/"},"modified":"2025-09-19T07:12:24","modified_gmt":"2025-09-19T07:12:24","slug":"bio-peptide-retatrutide-20mg","status":"publish","type":"product","link":"https:\/\/fatburner.to\/sk\/produkt\/bio-peptide-retatrutide-20mg\/","title":{"rendered":"Bio-Peptide &#8211; Retatrutide 20mg"},"content":{"rendered":"<h2>Retatrutid 20 mg: V\u00e1\u0161 sprievodca efekt\u00edvnym chudnut\u00edm s Retatrutidom od Bio-Peptide<\/h2>\n<p>Ste pripraven\u00ed revolu\u010dne zmeni\u0165 svoju cestu chudnutia a dosiahnu\u0165 \u0161t\u00edhlej\u0161ie, zdrav\u0161ie ja? Retatrutid 20 mg od Bio-Peptide je inovat\u00edvny liek na chudnutie obsahuj\u00faci retatrutid, triple agonista receptorov navrhnut\u00fd tak, aby v\u00e1m pomohol zbavi\u0165 sa nadbyto\u010dn\u00fdch kilogramov s pozoruhodn\u00fdmi v\u00fdsledkami. Chv\u00e1len\u00fd vo fitness f\u00f3rach a zdravotn\u00fdch \u010dl\u00e1nkoch pre svoju nadraden\u00fa \u00fa\u010dinnos\u0165, Retatrutid 20 mg je ide\u00e1lny pre dospel\u00fdch s obezitou alebo nadv\u00e1hou s pridru\u017een\u00fdmi zdravotn\u00fdmi probl\u00e9mami. <strong>S Retatrutidom 20 mg m\u00f4\u017eete potla\u010di\u0165 chu\u0165 do jedla, podpori\u0165 spa\u013eovanie tukov a vyda\u0165 sa na transforma\u010dn\u00fa cestu chudnutia.<\/strong> V tomto sprievodcovi presk\u00famame \u00fa\u010dinn\u00fa l\u00e1tku, jej mechanizmy \u00fa\u010dinku a pre\u010do je Retatrutid 20 mg od Bio-Peptide prelomov\u00fd pre t\u00fdch, ktor\u00ed chc\u00fa spa\u013eova\u0165 tuky, \u010derpaj\u00fac z klinick\u00fdch \u0161t\u00fadi\u00ed, recenzi\u00ed pou\u017e\u00edvate\u013eov na platform\u00e1ch ako Reddit a Drugs.com a produktov\u00fdch inform\u00e1ci\u00ed.<\/p>\n<h2>\u010co je Retatrutid od Bio-Peptide a ako Retatrutid 20 mg podporuje chudnutie?<\/h2>\n<p>Retatrutid 20 mg od Bio-Peptide je injek\u010dn\u00fd liek pod\u00e1van\u00fd raz t\u00fd\u017edenne, obsahuj\u00faci retatrutid, triple agonista, ktor\u00fd cieli na receptory glukag\u00f3nu podobn\u00e9ho peptidu-1 (GLP-1), gluk\u00f3zovo z\u00e1visl\u00e9ho inzul\u00ednotropn\u00e9ho polypeptidu (GIP) a glukag\u00f3nu (GCG). Je ur\u010den\u00fd pre dospel\u00fdch s obezitou (BMI \u226530) alebo nadv\u00e1hou (BMI \u226527) s ochoreniami ako cukrovka 2. typu, hypertenzia alebo kardiovaskul\u00e1rne ochorenia. <strong>Retatrutid 20 mg v\u00e1m pom\u00e1ha dosiahnu\u0165 kalorick\u00fd deficit zn\u00ed\u017een\u00edm chuti do jedla, posilnen\u00edm s\u00fdtosti a zv\u00fd\u0161en\u00edm energetick\u00e9ho v\u00fddaja.<\/strong> Jeho triple-ak\u010dn\u00fd mechanizmus, ako je diskutovan\u00e9 na f\u00f3rach ako Reddit, ho rob\u00ed v\u00fdnimo\u010dnou vo\u013ebou pre v\u00fdrazn\u00e9 chudnutie.<br \/>\nRetatrutid, vyvinut\u00fd spolo\u010dnos\u0165ou Eli Lilly, je v procese sk\u00famania vo f\u00e1ze 3 klinick\u00fdch \u0161t\u00fadi\u00ed (TRIUMPH) a preuk\u00e1zal nadraden\u00e9 v\u00fdsledky chudnutia v porovnan\u00ed s in\u00fdmi terapiami zalo\u017een\u00fdmi na inkret\u00ednoch. Prostredn\u00edctvom Retatrutidu 20 mg z\u00edskate pr\u00edstup k lieku, ktor\u00fd v \u0161t\u00fadi\u00e1ch f\u00e1zy 2 preuk\u00e1zal a\u017e 24,2 % \u00fabytok hmotnosti za 48 t\u00fd\u017ed\u0148ov, ako bolo uveden\u00e9 v New England Journal of Medicine. D\u00e1vka 20 mg od Bio-Peptide pon\u00faka vysoko potentn\u00fa mo\u017enos\u0165 pre t\u00fdch, ktor\u00ed h\u013eadaj\u00fa dramatick\u00e9 v\u00fdsledky, \u010do rob\u00ed Retatrutid 20 mg s\u013eubn\u00fdm rie\u0161en\u00edm pri kombin\u00e1cii so zdravou stravou a cvi\u010den\u00edm.<\/p>\n<h3>\u00da\u010dinn\u00e1 l\u00e1tka: retatrutid<\/h3>\n<p>Sila Retatrutidu 20 mg od Bio-Peptide spo\u010d\u00edva v <strong>retatrutide<\/strong>, 39-aminokyselinovom peptide konjugovanom s C20 mastnou diakyselinou, \u010do umo\u017e\u0148uje pol\u010das rozpadu pribli\u017ene 6 dn\u00ed pre d\u00e1vkovanie raz t\u00fd\u017edenne. Retatrutid aktivuje receptory GLP-1, GIP a GCG, pon\u00fakaj\u00fac komplexn\u00fd pr\u00edstup k chudnutiu regul\u00e1ciou chuti do jedla, gluk\u00f3zov\u00e9ho metabolizmu a oxid\u00e1cie tukov. <strong>Retatrutid 20 mg vyu\u017e\u00edva triple-agonistick\u00fa akciu retatrutidu na potla\u010denie chuti do jedla, \u010d\u00edm u\u013eah\u010duje dodr\u017eiavanie n\u00edzkokalorickej di\u00e9ty.<\/strong> Tento multi-receptorov\u00fd pr\u00edstup ho odli\u0161uje od jedno- alebo dvoj-agonistov, ako s\u00fa semaglutid alebo tirzepatid, ako je uveden\u00e9 v klinick\u00fdch \u0161t\u00fadi\u00e1ch.<br \/>\nV\u00fdvoj retatrutidu vyvolal nad\u0161enie vo fitness komunit\u00e1ch, pri\u010dom pou\u017e\u00edvatelia na Drugs.com chv\u00e1lia jeho schopnos\u0165 zni\u017eova\u0165 hlad a chute. Vo f\u00e1zach 2 \u0161t\u00fadi\u00ed dosiahlo 100 % \u00fa\u010dastn\u00edkov pri d\u00e1vke 12 mg retatrutidu aspo\u0148 5 % \u00fabytok hmotnosti, pri\u010dom 25 % stratilo 30 % alebo viac. Retatrutid 20 mg od Bio-Peptide pon\u00faka vysoko potentn\u00fa formul\u00e1ciu, hoci e\u0161te nie je schv\u00e1len\u00fd FDA a pou\u017e\u00edva sa vo v\u00fdskume alebo pod lek\u00e1rskym doh\u013eadom v niektor\u00fdch regi\u00f3noch, \u010do zd\u00f4raz\u0148uje jeho transforma\u010dn\u00fd potenci\u00e1l pre mana\u017ement obezity.<\/p>\n<h2>Ako Retatrutid 20 mg podporuje chudnutie?<\/h2>\n<p>Retatrutid 20 mg podporuje chudnutie prostredn\u00edctvom triple-ak\u010dn\u00e9ho mechanizmu, ktor\u00fd cieli na chu\u0165 do jedla, metabolizmus a spa\u013eovanie tukov. Aktiv\u00e1ciou receptorov GLP-1 a GIP retatrutid zni\u017euje hlad a zvy\u0161uje s\u00fdtos\u0165, zatia\u013e \u010do agonizmus receptorov GCG zvy\u0161uje energetick\u00fd v\u00fddaj a oxid\u00e1ciu tukov. <strong>Tento mnohostrann\u00fd pr\u00edstup rob\u00ed Retatrutid 20 mg siln\u00fdm n\u00e1strojom na dosiahnutie udr\u017eate\u013en\u00e9ho chudnutia.<\/strong> Recenzie pou\u017e\u00edvate\u013eov na Reddit zd\u00f4raz\u0148uj\u00fa jeho schopnos\u0165 potl\u00e1\u010da\u0165 chute, \u010d\u00edm u\u013eah\u010duje dodr\u017eiavanie kaloricky kontrolovanej di\u00e9ty.<br \/>\nNa rozdiel od jedno-agonistick\u00fdch liekov, ako je semaglutid, triple-agonistick\u00e1 akcia Retatrutidu 20 mg pon\u00faka nadraden\u00e9 v\u00fdsledky, pri\u010dom \u0161t\u00fadie f\u00e1zy 2 uk\u00e1zali 24,2 % \u00fabytok hmotnosti po 48 t\u00fd\u017ed\u0148och v porovnan\u00ed s 2 % pri placebe. Jeho schopnos\u0165 spoma\u013eova\u0165 vypr\u00e1zd\u0148ovanie \u017eal\u00fadka a zlep\u0161ova\u0165 citlivos\u0165 na inzul\u00edn \u010falej podporuje chudnutie zn\u00ed\u017een\u00edm pr\u00edjmu potravy a ukladania tukov. \u00da\u010dinnos\u0165 Retatrutidu 20 mg je maximalizovan\u00e1 pri kombin\u00e1cii so zmenami \u017eivotn\u00e9ho \u0161t\u00fdlu, ako je zd\u00f4raznen\u00e9 v zdravotn\u00fdch \u010dl\u00e1nkoch a fitness f\u00f3rach.<\/p>\n<h3>Veda za mechanizmom chudnutia retatrutidu<\/h3>\n<p>Retatrutid 20 mg p\u00f4sob\u00ed simult\u00e1nnou aktiv\u00e1ciou receptorov GLP-1, GIP a GCG, \u010d\u00edm vytv\u00e1ra synergick\u00fd efekt na chudnutie. Agonizmus receptorov GLP-1 zni\u017euje chu\u0165 do jedla a zvy\u0161uje s\u00fdtos\u0165, GIP zlep\u0161uje citlivos\u0165 na inzul\u00edn a GCG podporuje lipol\u00fdzu a termogen\u00e9zu. Vo f\u00e1zach 2 \u0161t\u00fadi\u00ed viedol retatrutid pri d\u00e1vke 12 mg k 24,2 % \u00fabytku hmotnosti, pri\u010dom \u00fa\u010dastn\u00edci pokra\u010dovali v chudnut\u00ed bez dosiahnutia plat\u00f3. <strong>Retatrutid 20 mg podporuje kalorick\u00fd deficit zn\u00ed\u017een\u00edm pr\u00edjmu potravy a zv\u00fd\u0161en\u00edm energetick\u00e9ho v\u00fddaja.<\/strong> Meta-anal\u00fdza uviedla priemern\u00fa redukciu hmotnosti o 14,33 % a zn\u00ed\u017eenie obvodu p\u00e1sa o 10,51 cm.<br \/>\nFarmakokinetika retatrutidu, s pol\u010dasom pribli\u017ene 6 dn\u00ed, zabezpe\u010duje trval\u00e9 p\u00f4sobenie, ako je uveden\u00e9 v Cell Metabolism. Zvy\u0161uje hladiny adiponect\u00ednu a\u017e o 26 %, \u010d\u00edm zlep\u0161uje metabolizmus gluk\u00f3zy a lipidov, a zni\u017euje biomarkery inzul\u00ednovej rezistencie a\u017e o 50 %. Recenzie pou\u017e\u00edvate\u013eov na Drugs.com uv\u00e1dzaj\u00fa \u00fabytok hmotnosti 9-22 kg za mesiace, s lep\u0161ou energiou a zn\u00ed\u017een\u00fdmi chutiami. Triple-agonistick\u00e1 akcia Retatrutidu 20 mg ho rob\u00ed prelomovou mo\u017enos\u0165ou pre chudnutie, ako je podporen\u00e9 klinick\u00fdmi \u0161t\u00fadiami a fitness f\u00f3rami.<\/p>\n<h4>Ako Retatrutid 20 mg sp\u00fa\u0161\u0165a spa\u013eovanie tukov<\/h4>\n<p>Retatrutid 20 mg podporuje spa\u013eovanie tukov vytvoren\u00edm kalorick\u00e9ho deficitu prostredn\u00edctvom zn\u00ed\u017eenej chuti do jedla a zv\u00fd\u0161en\u00e9ho energetick\u00e9ho v\u00fddaja. Aktiv\u00e1ciou receptorov GCG retatrutid indukuje lipol\u00fdzu, rozklad\u00e1 ulo\u017een\u00e9 tuky na vo\u013en\u00e9 mastn\u00e9 kyseliny pre energiu. \u0160t\u00fadia SURMOUNT-1 uk\u00e1zala redukciu tukovej hmoty o 6,6 kg a zn\u00ed\u017eenie obvodu p\u00e1sa a\u017e o 18,5 cm pri d\u00e1vkach 15 mg. <strong>Retatrutid 20 mg podporuje spa\u013eovanie tukov\u00fdch z\u00e1sob, najm\u00e4 v kombin\u00e1cii s cvi\u010den\u00edm a n\u00edzkokalorickou di\u00e9tou.<\/strong> Recenzie pou\u017e\u00edvate\u013eov na Reddit zd\u00f4raz\u0148uj\u00fa v\u00fdrazn\u00fd \u00fabytok tukov, pri\u010dom niektor\u00ed uv\u00e1dzaj\u00fa 10-20 % redukciu telesnej hmotnosti za mesiace.<br \/>\n\u00da\u010dinky retatrutidu na citlivos\u0165 na inzul\u00edn a metabolizmus lipidov zni\u017euj\u00fa ukladanie tukov, \u010d\u00edm podporuj\u00fa procesy spa\u013eovania tukov. Vo f\u00e1ze 2 substudie retatrutid zn\u00ed\u017eil tuk v pe\u010deni a\u017e o 82,4 % za 24 t\u00fd\u017ed\u0148ov, \u010d\u00edm rie\u0161il nealkoholick\u00fa tukov\u00fa chorobu pe\u010dene. Jeho schopnos\u0165 stabilizova\u0165 hladinu cukru v krvi zabra\u0148uje chutiam, podporuj\u00fac konzistentn\u00fd kalorick\u00fd deficit. Potenci\u00e1l spa\u013eovania tukov Retatrutidu 20 mg je k\u013e\u00fa\u010dov\u00fdm d\u00f4vodom jeho popularity vo fitness komunit\u00e1ch.<\/p>\n<h3>\u00daloha Retatrutidu 20 mg v dlhodobom mana\u017emente hmotnosti<\/h3>\n<p>Udr\u017eanie \u00fabytku hmotnosti je v\u00fdzvou, ale Retatrutid 20 mg podporuje dlhodob\u00fd \u00faspech. Vo f\u00e1zach 2 \u0161t\u00fadi\u00ed \u00fa\u010dastn\u00edci pokra\u010dovali v chudnut\u00ed po\u010das 48 t\u00fd\u017ed\u0148ov bez dosiahnutia plat\u00f3, \u010do nazna\u010duje trval\u00fa \u00fa\u010dinnos\u0165. <strong>Retatrutid 20 mg v\u00e1m pom\u00e1ha udr\u017ea\u0165 \u00fabytok hmotnosti udr\u017eiavan\u00edm potla\u010denia chuti do jedla a zv\u00fd\u0161en\u00edm energetick\u00e9ho v\u00fddaja.<\/strong> Sp\u00e4tn\u00e1 v\u00e4zba pou\u017e\u00edvate\u013eov na zdravotn\u00fdch f\u00f3rach zd\u00f4raz\u0148uje jeho \u00falohu pri udr\u017eiavan\u00ed \u0161t\u00edhlej postavy pri kombin\u00e1cii so zmenami \u017eivotn\u00e9ho \u0161t\u00fdlu.<br \/>\nRetatrutid 20 mg je najefekt\u00edvnej\u0161\u00ed s n\u00edzkokalorickou di\u00e9tou a aspo\u0148 150 min\u00fatami t\u00fd\u017edennej fyzickej aktivity, ako je odpor\u00fa\u010dan\u00e9 v \u0161t\u00fadi\u00e1ch TRIUMPH. V\u00e1\u0161 lek\u00e1r bude sledova\u0165 pokrok po 12 t\u00fd\u017ed\u0148och, aby zabezpe\u010dil aspo\u0148 5 % \u00fabytok hmotnosti, pri\u010dom pod\u013ea potreby uprav\u00ed d\u00e1vky. Ak tento cie\u013e nie je splnen\u00fd, m\u00f4\u017eu by\u0165 zv\u00e1\u017een\u00e9 alternat\u00edvy. Prebiehaj\u00face \u0161t\u00fadie f\u00e1zy 3, ktor\u00e9 sa o\u010dak\u00e1vaj\u00fa do roku 2026, \u010falej objasnia jeho dlhodob\u00e9 v\u00fdhody, \u010do rob\u00ed Retatrutid 20 mg s\u013eubnou mo\u017enos\u0165ou pre udr\u017eate\u013en\u00fd mana\u017ement hmotnosti.<\/p>\n<h2>D\u00f4le\u017eit\u00e9 \u00favahy pri pou\u017e\u00edvan\u00ed Retatrutidu 20 mg<\/h2>\n<p>Retatrutid 20 mg pon\u00faka siln\u00e9 rie\u0161enie na chudnutie, ale nie je vhodn\u00fd pre ka\u017ed\u00e9ho. Je kontraindikovan\u00fd pre osoby s anamn\u00e9zou medul\u00e1rneho karcin\u00f3mu \u0161t\u00edtnej \u017e\u013eazy (MTC), syndr\u00f3mom mnohopo\u010detnej endokrinnej neopl\u00e1zie typu 2 (MEN 2) alebo precitlivenos\u0165ou na retatrutid. <strong>V\u017edy sa pora\u010fte so svoj\u00edm poskytovate\u013eom zdravotnej starostlivosti pred za\u010dat\u00edm u\u017e\u00edvania Retatrutidu 20 mg, aby ste sa uistili, \u017ee je bezpe\u010dn\u00fd pre va\u0161e zdravotn\u00e9 potreby.<\/strong> Be\u017en\u00e9 ved\u013eaj\u0161ie \u00fa\u010dinky zah\u0155\u0148aj\u00fa nevo\u013enos\u0165, hna\u010dku, zvracanie a z\u00e1pchu, ktor\u00e9 s\u00fa zvy\u010dajne mierne a z\u00e1visl\u00e9 od d\u00e1vky, ako je uveden\u00e9 v klinick\u00fdch \u0161t\u00fadi\u00e1ch a recenzi\u00e1ch pou\u017e\u00edvate\u013eov.<br \/>\nV\u00e1\u017ene rizik\u00e1, ako je pankreatit\u00edda alebo n\u00e1dory \u0161t\u00edtnej \u017e\u013eazy, s\u00fa zriedkav\u00e9, ale vy\u017eaduj\u00fa okam\u017eit\u00fa pozornos\u0165. Retatrutid m\u00f4\u017ee interagova\u0165 s liekmi na cukrovku, \u010d\u00edm zvy\u0161uje riziko hypoglyk\u00e9mie. Informujte svojho lek\u00e1ra o v\u0161etk\u00fdch liekoch, ako je uveden\u00e9 v zdravotn\u00fdch \u010dl\u00e1nkoch. Retatrutid nie je schv\u00e1len\u00fd FDA a je dostupn\u00fd iba na v\u00fdskum alebo pod lek\u00e1rskym doh\u013eadom v niektor\u00fdch regi\u00f3noch, s prebiehaj\u00facimi \u0161t\u00fadiami f\u00e1zy 3 do roku 2026. Vyh\u00fdbajte sa neschv\u00e1len\u00fdm zdrojom kv\u00f4li bezpe\u010dnostn\u00fdm obav\u00e1m, ako varuje FDA.<\/p>\n<h3>Pre\u010do je Retatrutid 20 mg efekt\u00edvny na chudnutie?<\/h3>\n<p>Retatrutid 20 mg je efekt\u00edvny kv\u00f4li svojej triple-agonistickej akcii, ktor\u00e1 cieli na receptory GLP-1, GIP a GCG, aby zn\u00ed\u017eil chu\u0165 do jedla, zv\u00fd\u0161il s\u00fdtos\u0165 a podporil spa\u013eovanie tukov. <strong>Klinick\u00e9 \u0161t\u00fadie ukazuj\u00fa, \u017ee 100 % dospel\u00fdch pou\u017e\u00edvaj\u00facich Retatrutid 20 mg pri vy\u0161\u0161\u00edch d\u00e1vkach dosiahne aspo\u0148 5 % \u00fabytok hmotnosti, \u010do z neho rob\u00ed spo\u013eahliv\u00fa vo\u013ebu pre mana\u017ement obezity.<\/strong> Zlep\u0161uje aj kardiometabolick\u00e9 markery zn\u00ed\u017een\u00edm krvn\u00e9ho tlaku, cholesterolu a hlad\u00edn krvn\u00e9ho cukru, ako je vidie\u0165 v \u0161t\u00fadi\u00e1ch TRIUMPH.<br \/>\nRecenzie pou\u017e\u00edvate\u013eov na Reddit uv\u00e1dzaj\u00fa \u017eivot meniace v\u00fdsledky, pri\u010dom niektor\u00ed stratili 22-52 kg a zlep\u0161ili stavy ako boles\u0165 k\u013abov a hypertenziu. Schopnos\u0165 Retatrutidu 20 mg zn\u00ed\u017ei\u0165 tuk v pe\u010deni a\u017e o 82 % zvy\u0161uje jeho pr\u00ed\u0165a\u017elivos\u0165 pre metabolick\u00e9 zdravie. S n\u00e1le\u017eit\u00fdm lek\u00e1rskym doh\u013eadom je Retatrutid 20 mg transforma\u010dn\u00fdm n\u00e1strojom pre udr\u017eate\u013en\u00e9 chudnutie a lep\u0161ie zdravie.<\/p>\n<h2>Pre\u010do si vybra\u0165 Retatrutid 20 mg pre va\u0161u cestu chudnutia?<\/h2>\n<p>Retatrutid 20 mg od Bio-Peptide pon\u00faka prelomov\u00e9 rie\u0161enie pre t\u00fdch, ktor\u00ed bojuj\u00fa s obezitou alebo zdravotn\u00fdmi probl\u00e9mami s\u00favisiacimi s hmotnos\u0165ou. Poh\u00e1\u0148an\u00fd triple-agonistickou akciou retatrutidu potl\u00e1\u010da chu\u0165 do jedla, zvy\u0161uje energetick\u00fd v\u00fddaj a podporuje spa\u013eovanie tukov, \u010d\u00edm v\u00e1m pom\u00e1ha dosiahnu\u0165 v\u00fdrazn\u00e9 chudnutie. <strong>S Retatrutidom 20 mg m\u00f4\u017eete transformova\u0165 svoje zdravie a vybudova\u0165 udr\u017eate\u013en\u00e9 n\u00e1vyky pre dlhodob\u00fd \u00faspech.<\/strong> Jeho d\u00e1vkovanie raz t\u00fd\u017edenne a poves\u0165 vo fitness komunit\u00e1ch ho robia d\u00f4veryhodnou vo\u013ebou.<br \/>\nAk ste pripraven\u00ed urobi\u0165 \u010fal\u0161\u00ed krok, pora\u010fte sa so svoj\u00edm poskytovate\u013eom zdravotnej starostlivosti o Retatrutide 20 mg. S n\u00e1le\u017eit\u00fdm lek\u00e1rskym doh\u013eadom, zdravou stravou a pravideln\u00fdm cvi\u010den\u00edm v\u00e1m Retatrutid 20 mg od Bio-Peptide m\u00f4\u017ee pom\u00f4c\u0165 dosiahnu\u0165 va\u0161e ciele chudnutia a prija\u0165 zdrav\u0161ie, sebavedomej\u0161ie ja. Za\u010dnite svoju cestu dnes s Retatrutidom 20 mg a odomknite jasnej\u0161iu bud\u00facnos\u0165!<\/p>\n","protected":false},"excerpt":{"rendered":"<p>Retatrutid 20 mg od Bio-Peptide s <strong>retatrutidom<\/strong> je siln\u00fd liek na chudnutie, ktor\u00fd potl\u00e1\u010da chu\u0165 do jedla a podporuje spa\u013eovanie tukov. Retatrutid 20 mg pom\u00e1ha dosiahnu\u0165 kalorick\u00fd deficit pre udr\u017eate\u013en\u00e9 chudnutie. <strong>Ide\u00e1lny pre t\u00fdch, ktor\u00ed chc\u00fa zhodi\u0165 nadbyto\u010dn\u00fd tuk, Retatrutid 20 mg funguje najlep\u0161ie v kombin\u00e1cii so zdravou stravou a cvi\u010den\u00edm.<\/strong> Za\u010dnite svoju transform\u00e1ciu dnes!<\/p>\n","protected":false},"featured_media":737,"comment_status":"open","ping_status":"closed","template":"","meta":{"_acf_changed":false},"product_brand":[],"product_cat":[44],"product_tag":[],"class_list":{"0":"post-641","1":"product","2":"type-product","3":"status-publish","4":"has-post-thumbnail","6":"product_cat-retatrutid-sk","8":"first","9":"instock","10":"shipping-taxable","11":"purchasable","12":"product-type-simple"},"acf":[],"_links":{"self":[{"href":"https:\/\/fatburner.to\/sk\/wp-json\/wp\/v2\/product\/641","targetHints":{"allow":["GET"]}}],"collection":[{"href":"https:\/\/fatburner.to\/sk\/wp-json\/wp\/v2\/product"}],"about":[{"href":"https:\/\/fatburner.to\/sk\/wp-json\/wp\/v2\/types\/product"}],"replies":[{"embeddable":true,"href":"https:\/\/fatburner.to\/sk\/wp-json\/wp\/v2\/comments?post=641"}],"wp:featuredmedia":[{"embeddable":true,"href":"https:\/\/fatburner.to\/sk\/wp-json\/wp\/v2\/media\/737"}],"wp:attachment":[{"href":"https:\/\/fatburner.to\/sk\/wp-json\/wp\/v2\/media?parent=641"}],"wp:term":[{"taxonomy":"product_brand","embeddable":true,"href":"https:\/\/fatburner.to\/sk\/wp-json\/wp\/v2\/product_brand?post=641"},{"taxonomy":"product_cat","embeddable":true,"href":"https:\/\/fatburner.to\/sk\/wp-json\/wp\/v2\/product_cat?post=641"},{"taxonomy":"product_tag","embeddable":true,"href":"https:\/\/fatburner.to\/sk\/wp-json\/wp\/v2\/product_tag?post=641"}],"curies":[{"name":"wp","href":"https:\/\/api.w.org\/{rel}","templated":true}]}}