{"id":644,"date":"2025-09-16T17:47:28","date_gmt":"2025-09-16T17:47:28","guid":{"rendered":"https:\/\/fatburner.to\/termek\/bio-peptide-semaglutide-3mg\/"},"modified":"2025-09-19T07:23:23","modified_gmt":"2025-09-19T07:23:23","slug":"bio-peptide-semaglutide-3mg","status":"publish","type":"product","link":"https:\/\/fatburner.to\/sk\/produkt\/bio-peptide-semaglutide-3mg\/","title":{"rendered":"Bio-Peptide &#8211; Semaglutide 3mg"},"content":{"rendered":"<h2>Semaglutid na predaj: V\u00e1\u0161 sprievodca efekt\u00edvnym chudnut\u00edm so Semaglutidom 3 mg od Bio-Peptide<\/h2>\n<p>Ste pripraven\u00ed transformova\u0165 svoje zdravie a zbavi\u0165 sa nadbyto\u010dnej hmotnosti pomocou inovat\u00edvneho rie\u0161enia? Semaglutid na predaj v\u00e1m prin\u00e1\u0161a Semaglutid 3 mg od Bio-Peptide, revolu\u010dn\u00fd liek na chudnutie navrhnut\u00fd tak, aby v\u00e1m pomohol s istotou dosiahnu\u0165 va\u0161e fitness ciele. \u0160iroko chv\u00e1len\u00fd vo fitness f\u00f3rach a zdravotn\u00fdch \u010dl\u00e1nkoch pre svoje p\u00f4sobiv\u00e9 v\u00fdsledky, Semaglutid na predaj je ide\u00e1lny pre dospel\u00fdch s obezitou alebo nadv\u00e1hou s pridru\u017een\u00fdmi zdravotn\u00fdmi probl\u00e9mami. <strong>Semaglutid na predaj v\u00e1m umo\u017e\u0148uje potla\u010di\u0165 chu\u0165 do jedla, podpori\u0165 spa\u013eovanie tukov a vyda\u0165 sa na udr\u017eate\u013en\u00fa cestu chudnutia.<\/strong> V tomto sprievodcovi presk\u00famame \u00fa\u010dinn\u00fa l\u00e1tku, jej mechanizmy \u00fa\u010dinku a pre\u010do je Semaglutid 3 mg od Bio-Peptide najlep\u0161ou vo\u013ebou pre t\u00fdch, ktor\u00ed chc\u00fa spa\u013eova\u0165 tuky, \u010derpaj\u00fac z klinick\u00fdch \u0161t\u00fadi\u00ed, recenzi\u00ed pou\u017e\u00edvate\u013eov na platform\u00e1ch ako Reddit a Drugs.com a produktov\u00fdch inform\u00e1ci\u00ed.<\/p>\n<h2>\u010co je Semaglutid od Bio-Peptide a ako Semaglutid na predaj podporuje chudnutie?<\/h2>\n<p>Semaglutid 3 mg od Bio-Peptide je injek\u010dn\u00fd liek pod\u00e1van\u00fd raz t\u00fd\u017edenne, obsahuj\u00faci semaglutid, agonista receptorov glukag\u00f3nu podobn\u00e9ho peptidu-1 (GLP-1), zn\u00e1my pre svoje \u00fa\u010dinky potl\u00e1\u010daj\u00face chu\u0165 do jedla a podporuj\u00face spa\u013eovanie tukov. Je ur\u010den\u00fd pre dospel\u00fdch s obezitou (BMI \u226530) alebo nadv\u00e1hou (BMI \u226527) s ochoreniami ako cukrovka 2. typu, hypertenzia alebo vysok\u00fd cholesterol. <strong>Semaglutid na predaj poskytuje liek, ktor\u00fd potl\u00e1\u010da chu\u0165 do jedla a zvy\u0161uje pocit s\u00fdtosti, \u010d\u00edm v\u00e1m pom\u00e1ha dosiahnu\u0165 kalorick\u00fd deficit pre chudnutie.<\/strong> Jeho popularita v komunit\u00e1ch zameran\u00fdch na chudnutie, ako je vidie\u0165 na f\u00f3rach ako Reddit, zd\u00f4raz\u0148uje jeho \u00fa\u010dinnos\u0165 pre v\u00fdrazn\u00fa redukciu tukov.<br \/>\nSemaglutid napodob\u0148uje horm\u00f3n GLP-1, ktor\u00fd reguluje chu\u0165 do jedla a metabolizmus. Prostredn\u00edctvom Semaglutidu na predaj z\u00edskate pr\u00edstup k lieku podporen\u00e9mu rozsiahlym klinick\u00fdm v\u00fdskumom, ako s\u00fa \u0161t\u00fadie STEP, ktor\u00e9 uk\u00e1zali priemern\u00fd \u00fabytok hmotnosti a\u017e 14,9 % za 68 t\u00fd\u017ed\u0148ov u dospel\u00fdch. D\u00e1vka 3 mg od Bio-Peptide je s\u00fa\u010das\u0165ou titra\u010dn\u00e9ho sch\u00e9my na vybudovanie tolerancie, pon\u00fakaj\u00fac potentn\u00fa mo\u017enos\u0165 pre mana\u017ement hmotnosti v kombin\u00e1cii s n\u00edzkokalorickou di\u00e9tou a cvi\u010den\u00edm, ako je uveden\u00e9 v recenzi\u00e1ch pou\u017e\u00edvate\u013eov a zdravotn\u00fdch \u010dl\u00e1nkoch.<\/p>\n<h3>\u00da\u010dinn\u00e1 l\u00e1tka: semaglutid<\/h3>\n<p>Jadro \u00fa\u010dinnosti Semaglutidu 3 mg od Bio-Peptide spo\u010d\u00edva v <strong>semaglutide<\/strong>, syntetickom peptide s 94 % homol\u00f3giou s \u013eudsk\u00fdm horm\u00f3nom GLP-1, obohaten\u00fdm o \u0161truktur\u00e1lne modifik\u00e1cie pre dlh\u00fd pol\u010das rozpadu pribli\u017ene jedn\u00e9ho t\u00fd\u017ed\u0148a. Semaglutid sa via\u017ee na receptory GLP-1 v mozgu, signalizuje s\u00fdtos\u0165 a zni\u017euje hlad, \u010do v\u00e1m pom\u00e1ha konzumova\u0165 menej kal\u00f3ri\u00ed. <strong>Semaglutid na predaj vyu\u017e\u00edva schopnos\u0165 semaglutidu potl\u00e1\u010da\u0165 chu\u0165 do jedla, \u010d\u00edm u\u013eah\u010duje dodr\u017eiavanie n\u00edzkokalorickej di\u00e9ty.<\/strong> Spoma\u013euje aj vypr\u00e1zd\u0148ovanie \u017eal\u00fadka, \u010d\u00edm predl\u017euje pocit s\u00fdtosti, ako je uveden\u00e9 v klinick\u00fdch \u0161t\u00fadi\u00e1ch a sp\u00e4tnej v\u00e4zbe pou\u017e\u00edvate\u013eov na Drugs.com.<br \/>\nVyvinut\u00fd spolo\u010dnos\u0165ou Novo Nordisk, semaglutid bol schv\u00e1len\u00fd FDA v roku 2017 na cukrovku 2. typu (Ozempic, Rybelsus) a v roku 2021 na chudnutie (Wegovy). V \u0161t\u00fadii STEP 1 dosiahlo 83 % \u00fa\u010dastn\u00edkov pri d\u00e1vke 2,4 mg semaglutidu aspo\u0148 5 % \u00fabytok hmotnosti, pri\u010dom 32 % dosiahlo 20 % alebo viac. Formul\u00e1cia 3 mg od Bio-Peptide pon\u00faka vy\u0161\u0161iu potenciu, ako je diskutovan\u00e9 vo fitness f\u00f3rach, \u010do rob\u00ed Semaglutid na predaj presved\u010divou vo\u013ebou pre mana\u017ement obezity.<\/p>\n<h2>Ako Semaglutid na predaj podporuje chudnutie?<\/h2>\n<p>Semaglutid na predaj v\u00e1m poskytuje liek, ktor\u00fd podporuje chudnutie prostredn\u00edctvom viacer\u00fdch mechanizmov. Semaglutid aktivuje receptory GLP-1 v mozgu, \u010d\u00edm zni\u017euje chu\u0165 do jedla a zvy\u0161uje s\u00fdtos\u0165, \u010do v\u00e1m pom\u00e1ha jes\u0165 menej bez pocitu depriv\u00e1cie. <strong>Toto potla\u010denie chuti do jedla rob\u00ed Semaglutid na predaj siln\u00fdm n\u00e1strojom na dosiahnutie udr\u017eate\u013en\u00e9ho chudnutia.<\/strong> Spoma\u013euje aj vypr\u00e1zd\u0148ovanie \u017eal\u00fadka, \u010d\u00edm zni\u017euje chute na vysokokalorick\u00e9 potraviny, ako uv\u00e1dzaj\u00fa pou\u017e\u00edvatelia na Reddit.<br \/>\nNa rozdiel od liekov zalo\u017een\u00fdch na stimulantoch, Semaglutid na predaj funguje v harm\u00f3nii s prirodzen\u00fdmi syst\u00e9mami v\u00e1\u0161ho tela, pon\u00fakaj\u00fac bezpe\u010dn\u00fa a efekt\u00edvnu mo\u017enos\u0165 na dlhodob\u00e9 pou\u017eitie. \u0160t\u00fadia STEP 5 uk\u00e1zala, \u017ee pou\u017e\u00edvatelia semaglutidu stratili v priemere 10,2 % svojej telesnej hmotnosti za 104 t\u00fd\u017ed\u0148ov, s vylep\u0161eniami v obvode p\u00e1sa a metabolick\u00fdch zdravotn\u00fdch markerov. D\u00e1vka 3 mg od Bio-Peptide podporuje v\u00fdrazn\u00e9 chudnutie, ako je diskutovan\u00e9 v zdravotn\u00fdch \u010dl\u00e1nkoch a recenzi\u00e1ch pou\u017e\u00edvate\u013eov, \u010do rob\u00ed Semaglutid na predaj v\u00fdnimo\u010dnou vo\u013ebou pre mana\u017ement hmotnosti.<\/p>\n<h3>Veda za mechanizmom chudnutia semaglutidu<\/h3>\n<p>Semaglutid na predaj p\u00f4sob\u00ed v\u00e4zbou na receptory GLP-1 v hypotalame, \u010d\u00edm zni\u017euje chu\u0165 do jedla a zvy\u0161uje s\u00fdtos\u0165. T\u00e1to v\u00e4zba podporuje sekr\u00e9ciu inzul\u00ednu, inhibuje uvo\u013e\u0148ovanie glukag\u00f3nu gluk\u00f3zovo z\u00e1visl\u00fdm sp\u00f4sobom a spoma\u013euje vypr\u00e1zd\u0148ovanie \u017eal\u00fadka, \u010d\u00edm predl\u017euje pocit s\u00fdtosti. V \u0161t\u00fadii STEP 1 viedol semaglutid pri 2,4 mg k 14,9 % \u00fabytku hmotnosti v porovnan\u00ed s 2,4 % pri placebe. <strong>Semaglutid na predaj podporuje kalorick\u00fd deficit zn\u00ed\u017een\u00edm pr\u00edjmu potravy, \u010do je k\u013e\u00fa\u010dov\u00e9 pre udr\u017eate\u013en\u00e9 chudnutie.<\/strong><br \/>\nBiologick\u00e1 dostupnos\u0165 semaglutidu je 89 %, s vrcholov\u00fdmi plazmatick\u00fdmi hladinami dosiahnut\u00fdmi za 1-3 dni, a je viazan\u00fd na plazmatick\u00fd album\u00edn na viac ako 99 %, \u010do zabezpe\u010duje dlh\u00fd pol\u010das rozpadu pre d\u00e1vkovanie raz t\u00fd\u017edenne. Zlep\u0161uje aj citlivos\u0165 na inzul\u00edn, \u010d\u00edm zni\u017euje ukladanie tukov a podporuje spa\u013eovanie tukov. Recenzie pou\u017e\u00edvate\u013eov na Drugs.com uv\u00e1dzaj\u00fa \u00fabytok hmotnosti 9-22 kg za mesiace, s lep\u0161ou energiou a zn\u00ed\u017een\u00fdmi chutiami. Semaglutid na predaj pon\u00faka vedecky overen\u00fd pr\u00edstup k chudnutiu, ako je podporen\u00e9 klinick\u00fdmi \u0161t\u00fadiami.<\/p>\n<h4>Ako semaglutid sp\u00fa\u0161\u0165a spa\u013eovanie tukov<\/h4>\n<p>Semaglutid na predaj podporuje spa\u013eovanie tukov vytvoren\u00edm kalorick\u00e9ho deficitu prostredn\u00edctvom zn\u00ed\u017eenej chuti do jedla a pomal\u0161ieho tr\u00e1venia. Konzum\u00e1ciou menej kal\u00f3ri\u00ed va\u0161e telo \u010derp\u00e1 energiu z ulo\u017een\u00fdch tukov\u00fdch z\u00e1sob, \u010do vedie k chudnutiu. \u0160t\u00fadia STEP 3 uk\u00e1zala dodato\u010dn\u00fd 16 % \u00fabytok hmotnosti za 68 t\u00fd\u017ed\u0148ov s intenz\u00edvnou \u017eivotnou intervenciou. <strong>Semaglutid na predaj podporuje spa\u013eovanie tukov\u00fdch z\u00e1sob, najm\u00e4 v kombin\u00e1cii s cvi\u010den\u00edm a n\u00edzkokalorickou di\u00e9tou.<\/strong><br \/>\n\u00da\u010dinky semaglutidu na citlivos\u0165 na inzul\u00edn zni\u017euj\u00fa ukladanie tukov, \u010d\u00edm podporuj\u00fa procesy spa\u013eovania tukov. Meta-anal\u00fdza uviedla redukciu tukovej hmoty o 6,6 kg a zn\u00ed\u017eenie obvodu p\u00e1sa a\u017e o 7,7 cm pri d\u00e1vkach 2,4 mg. Recenzie pou\u017e\u00edvate\u013eov na Reddit zd\u00f4raz\u0148uj\u00fa v\u00fdrazn\u00fd \u00fabytok tukov, pri\u010dom niektor\u00ed uv\u00e1dzaj\u00fa 10-20 % redukciu telesnej hmotnosti za mesiace. Semaglutid na predaj je siln\u00fd n\u00e1stroj pre t\u00fdch, ktor\u00ed h\u013eadaj\u00fa \u0161t\u00edhlej\u0161iu postavu.<\/p>\n<h3>\u00daloha semaglutidu v dlhodobom mana\u017emente hmotnosti<\/h3>\n<p>Udr\u017eanie \u00fabytku hmotnosti je v\u00fdzvou, ale Semaglutid na predaj podporuje dlhodob\u00fd \u00faspech. \u0160t\u00fadia STEP 5 uk\u00e1zala, \u017ee pokra\u010duj\u00faca lie\u010dba semaglutidom po 20 t\u00fd\u017ed\u0148och viedla k dodato\u010dn\u00e9mu 8 % \u00fabytku hmotnosti, zatia\u013e \u010do pou\u017e\u00edvatelia placeba op\u00e4\u0165 pribrali 7 %. <strong>Semaglutid na predaj v\u00e1m pom\u00e1ha udr\u017ea\u0165 \u00fabytok hmotnosti udr\u017eiavan\u00edm potla\u010denia chuti do jedla a podporou zdrav\u00fdch stravovac\u00edch n\u00e1vykov.<\/strong> Jeho dlhodob\u00e1 \u00fa\u010dinnos\u0165 je zdokumentovan\u00e1, pri\u010dom 69,5 % udr\u017ealo aspo\u0148 20 % \u00fabytok hmotnosti po 88 t\u00fd\u017ed\u0148och.<br \/>\nSemaglutid na predaj je najefekt\u00edvnej\u0161\u00ed v kombin\u00e1cii s n\u00edzkokalorickou di\u00e9tou a aspo\u0148 150 min\u00fatami t\u00fd\u017edennej fyzickej aktivity, ako je odpor\u00fa\u010dan\u00e9 v \u0161t\u00fadi\u00e1ch STEP. V\u00e1\u0161 lek\u00e1r bude sledova\u0165 pokrok po 12 t\u00fd\u017ed\u0148och pri udr\u017eiavacej d\u00e1vke (zvy\u010dajne 2,4 mg, hoci sa m\u00f4\u017ee pou\u017ei\u0165 3 mg), aby zabezpe\u010dil aspo\u0148 5 % \u00fabytok hmotnosti. Ak tento cie\u013e nie je splnen\u00fd, m\u00f4\u017eu by\u0165 zv\u00e1\u017een\u00e9 alternat\u00edvy. Sp\u00e4tn\u00e1 v\u00e4zba pou\u017e\u00edvate\u013eov na zdravotn\u00fdch f\u00f3rach zd\u00f4raz\u0148uje zmeny \u017eivotn\u00e9ho \u0161t\u00fdlu na maximaliz\u00e1ciu v\u00fdhod Semaglutidu na predaj.<\/p>\n<h2>D\u00f4le\u017eit\u00e9 \u00favahy pri pou\u017e\u00edvan\u00ed Semaglutidu na predaj<\/h2>\n<p>Semaglutid na predaj pon\u00faka siln\u00e9 rie\u0161enie na chudnutie, ale nie je vhodn\u00fd pre ka\u017ed\u00e9ho. Je kontraindikovan\u00fd pre osoby s anamn\u00e9zou medul\u00e1rneho karcin\u00f3mu \u0161t\u00edtnej \u017e\u013eazy (MTC), syndr\u00f3mom mnohopo\u010detnej endokrinnej neopl\u00e1zie typu 2 (MEN 2) alebo precitlivenos\u0165ou na semaglutid. <strong>V\u017edy sa pora\u010fte so svoj\u00edm poskytovate\u013eom zdravotnej starostlivosti pred za\u010dat\u00edm u\u017e\u00edvania Semaglutidu na predaj, aby ste sa uistili, \u017ee je bezpe\u010dn\u00fd pre va\u0161e zdravotn\u00e9 potreby.<\/strong> Be\u017en\u00e9 ved\u013eaj\u0161ie \u00fa\u010dinky zah\u0155\u0148aj\u00fa nevo\u013enos\u0165, hna\u010dku, zvracanie a z\u00e1pchu, ktor\u00e9 zvy\u010dajne \u010dasom ustupuj\u00fa, ako je uveden\u00e9 v klinick\u00fdch \u0161t\u00fadi\u00e1ch a recenzi\u00e1ch pou\u017e\u00edvate\u013eov.<br \/>\nV\u00e1\u017ene rizik\u00e1, ako je pankreatit\u00edda, probl\u00e9my so \u017el\u010dn\u00edkom alebo n\u00e1dory \u0161t\u00edtnej \u017e\u013eazy, s\u00fa zriedkav\u00e9, ale vy\u017eaduj\u00fa okam\u017eit\u00fa pozornos\u0165. Semaglutid m\u00f4\u017ee interagova\u0165 s liekmi na cukrovku, ako s\u00fa sulfonylmo\u010doviny alebo inzul\u00edn, \u010d\u00edm zvy\u0161uje riziko hypoglyk\u00e9mie. Informujte svojho lek\u00e1ra o v\u0161etk\u00fdch liekoch, ako je uveden\u00e9 v zdravotn\u00fdch \u010dl\u00e1nkoch. Kv\u00f4li vysokej dopytu m\u00f4\u017ee by\u0165 dostupnos\u0165 semaglutidu obmedzen\u00e1, preto v pr\u00edpade potreby diskutujte o alternat\u00edvach s lek\u00e1rom.<\/p>\n<h3>Pre\u010do je Semaglutid na predaj efekt\u00edvny na chudnutie?<\/h3>\n<p>Semaglutid na predaj je efekt\u00edvny, preto\u017ee cieli na chu\u0165 do jedla a metabolizmus. Schopnos\u0165 semaglutidu zn\u00ed\u017ei\u0165 chu\u0165 do jedla a spomali\u0165 vypr\u00e1zd\u0148ovanie \u017eal\u00fadka v\u00e1m pom\u00e1ha konzumova\u0165 menej kal\u00f3ri\u00ed a c\u00edti\u0165 sa dlh\u0161ie s\u00fdty. <strong>Klinick\u00e9 \u0161t\u00fadie ukazuj\u00fa, \u017ee 83 % dospel\u00fdch pou\u017e\u00edvaj\u00facich Semaglutid na predaj dosiahne aspo\u0148 5 % \u00fabytok hmotnosti, \u010do z neho rob\u00ed spo\u013eahliv\u00fa vo\u013ebu pre mana\u017ement obezity.<\/strong> Zlep\u0161uje aj kardiometabolick\u00e9 markery zn\u00ed\u017een\u00edm krvn\u00e9ho tlaku, cholesterolu a hlad\u00edn krvn\u00e9ho cukru.<br \/>\n\u0160t\u00fadia STEP 1 uk\u00e1zala nadradenos\u0165 semaglutidu nad placebom, pri\u010dom 32 % dosiahlo aspo\u0148 20 % \u00fabytok hmotnosti. Recenzie pou\u017e\u00edvate\u013eov na Drugs.com uv\u00e1dzaj\u00fa \u017eivot meniace v\u00fdsledky, pri\u010dom niektor\u00ed stratili 22-52 kg a zlep\u0161ili stavy ako boles\u0165 k\u013abov a hypertenziu. S n\u00e1le\u017eit\u00fdm lek\u00e1rskym doh\u013eadom je Semaglutid na predaj transforma\u010dn\u00fdm n\u00e1strojom pre udr\u017eate\u013en\u00e9 chudnutie a lep\u0161ie zdravie.<\/p>\n<h2>Pre\u010do si vybra\u0165 Semaglutid na predaj pre va\u0161u cestu chudnutia?<\/h2>\n<p>Semaglutid na predaj s Semaglutidom 3 mg od Bio-Peptide pon\u00faka vedecky overen\u00e9 rie\u0161enie pre t\u00fdch, ktor\u00ed bojuj\u00fa s obezitou alebo zdravotn\u00fdmi probl\u00e9mami s\u00favisiacimi s hmotnos\u0165ou. Poh\u00e1\u0148an\u00fd semaglutidom potl\u00e1\u010da chu\u0165 do jedla, spoma\u013euje tr\u00e1venie a podporuje spa\u013eovanie tukov, \u010d\u00edm v\u00e1m pom\u00e1ha dosiahnu\u0165 v\u00fdrazn\u00e9 chudnutie. <strong>S Semaglutidom na predaj m\u00f4\u017eete transformova\u0165 svoje zdravie a vybudova\u0165 udr\u017eate\u013en\u00e9 n\u00e1vyky pre dlhodob\u00fd \u00faspech.<\/strong> Jeho d\u00e1vkovanie raz t\u00fd\u017edenne a poves\u0165 vo fitness komunit\u00e1ch ho robia d\u00f4veryhodnou vo\u013ebou.<br \/>\nAk ste pripraven\u00ed urobi\u0165 \u010fal\u0161\u00ed krok, pora\u010fte sa so svoj\u00edm poskytovate\u013eom zdravotnej starostlivosti o Semaglutide na predaj. S n\u00e1le\u017eit\u00fdm lek\u00e1rskym doh\u013eadom, zdravou stravou a pravideln\u00fdm cvi\u010den\u00edm v\u00e1m Semaglutid 3 mg od Bio-Peptide m\u00f4\u017ee pom\u00f4c\u0165 dosiahnu\u0165 va\u0161e ciele chudnutia a prija\u0165 zdrav\u0161ie, sebavedomej\u0161ie ja. Za\u010dnite svoju cestu dnes s Semaglutidom na predaj a odomknite jasnej\u0161iu bud\u00facnos\u0165!<\/p>\n","protected":false},"excerpt":{"rendered":"<p>Semaglutid 3 mg od Bio-Peptide s <strong>semaglutidom<\/strong> je siln\u00fd liek na chudnutie, ktor\u00fd potl\u00e1\u010da chu\u0165 do jedla a podporuje spa\u013eovanie tukov. Semaglutid na predaj pom\u00e1ha dosiahnu\u0165 kalorick\u00fd deficit pre udr\u017eate\u013en\u00e9 chudnutie. <strong>Ide\u00e1lny pre t\u00fdch, ktor\u00ed chc\u00fa zhodi\u0165 nadbyto\u010dn\u00fd tuk, semaglutid na predaj funguje najlep\u0161ie v kombin\u00e1cii so zdravou stravou a cvi\u010den\u00edm.<\/strong> Za\u010dnite svoju transform\u00e1ciu dnes!<\/p>\n","protected":false},"featured_media":740,"comment_status":"open","ping_status":"closed","template":"","meta":{"_acf_changed":false},"product_brand":[],"product_cat":[39],"product_tag":[],"class_list":{"0":"post-644","1":"product","2":"type-product","3":"status-publish","4":"has-post-thumbnail","6":"product_cat-semaglutide-sk","8":"first","9":"instock","10":"shipping-taxable","11":"purchasable","12":"product-type-simple"},"acf":[],"_links":{"self":[{"href":"https:\/\/fatburner.to\/sk\/wp-json\/wp\/v2\/product\/644","targetHints":{"allow":["GET"]}}],"collection":[{"href":"https:\/\/fatburner.to\/sk\/wp-json\/wp\/v2\/product"}],"about":[{"href":"https:\/\/fatburner.to\/sk\/wp-json\/wp\/v2\/types\/product"}],"replies":[{"embeddable":true,"href":"https:\/\/fatburner.to\/sk\/wp-json\/wp\/v2\/comments?post=644"}],"wp:featuredmedia":[{"embeddable":true,"href":"https:\/\/fatburner.to\/sk\/wp-json\/wp\/v2\/media\/740"}],"wp:attachment":[{"href":"https:\/\/fatburner.to\/sk\/wp-json\/wp\/v2\/media?parent=644"}],"wp:term":[{"taxonomy":"product_brand","embeddable":true,"href":"https:\/\/fatburner.to\/sk\/wp-json\/wp\/v2\/product_brand?post=644"},{"taxonomy":"product_cat","embeddable":true,"href":"https:\/\/fatburner.to\/sk\/wp-json\/wp\/v2\/product_cat?post=644"},{"taxonomy":"product_tag","embeddable":true,"href":"https:\/\/fatburner.to\/sk\/wp-json\/wp\/v2\/product_tag?post=644"}],"curies":[{"name":"wp","href":"https:\/\/api.w.org\/{rel}","templated":true}]}}