{"id":647,"date":"2025-09-16T17:47:46","date_gmt":"2025-09-16T17:47:46","guid":{"rendered":"https:\/\/fatburner.to\/termek\/bio-peptide-tirzepatide-20-mg\/"},"modified":"2025-09-19T07:33:07","modified_gmt":"2025-09-19T07:33:07","slug":"bio-peptide-tirzepatide-20-mg","status":"publish","type":"product","link":"https:\/\/fatburner.to\/sk\/produkt\/bio-peptide-tirzepatide-20-mg\/","title":{"rendered":"BIO-Peptide &#8211; Tirzepatide 20 mg"},"content":{"rendered":"<h1>N\u00e1kup Tirzepatidu: V\u00e1\u0161 sprievodca efekt\u00edvnym chudnut\u00edm s Tirzepatidom 20 mg od BIO-Peptide<\/h1>\n<p>Ste pripraven\u00ed transformova\u0165 svoje zdravie a zbavi\u0165 sa nadbyto\u010dnej hmotnosti pomocou prelomov\u00e9ho rie\u0161enia? N\u00e1kup Tirzepatidu v\u00e1m prin\u00e1\u0161a Tirzepatid 20 mg od BIO-Peptide, revolu\u010dn\u00fd liek na chudnutie navrhnut\u00fd tak, aby v\u00e1m pomohol s istotou dosiahnu\u0165 va\u0161e fitness ciele. Chv\u00e1len\u00fd vo fitness f\u00f3rach a zdravotn\u00fdch \u010dl\u00e1nkoch pre svoje p\u00f4sobiv\u00e9 v\u00fdsledky, n\u00e1kup Tirzepatidu je ide\u00e1lny pre dospel\u00fdch s obezitou alebo nadv\u00e1hou s pridru\u017een\u00fdmi zdravotn\u00fdmi probl\u00e9mami. <strong>S n\u00e1kupom Tirzepatidu m\u00f4\u017eete potla\u010di\u0165 chu\u0165 do jedla, podpori\u0165 spa\u013eovanie tukov a vyda\u0165 sa na udr\u017eate\u013en\u00fa cestu chudnutia.<\/strong> V tomto sprievodcovi presk\u00famame \u00fa\u010dinn\u00fa l\u00e1tku, jej mechanizmy \u00fa\u010dinku a pre\u010do je Tirzepatid 20 mg od BIO-Peptide najlep\u0161ou vo\u013ebou pre t\u00fdch, ktor\u00ed chc\u00fa spa\u013eova\u0165 tuky, \u010derpaj\u00fac z klinick\u00fdch \u0161t\u00fadi\u00ed, recenzi\u00ed pou\u017e\u00edvate\u013eov a produktov\u00fdch inform\u00e1ci\u00ed.<\/p>\n<h2>\u010co je Tirzepatid od BIO-Peptide a ako podporuje chudnutie?<\/h2>\n<p>Tirzepatid 20 mg od BIO-Peptide je injek\u010dn\u00fd liek pod\u00e1van\u00fd raz t\u00fd\u017edenne, obsahuj\u00faci tirzepatid, du\u00e1lny agonista receptorov glukag\u00f3nu podobn\u00e9ho peptidu-1 (GLP-1) a gluk\u00f3zovo z\u00e1visl\u00e9ho inzul\u00ednotropn\u00e9ho polypeptidu (GIP). Je ur\u010den\u00fd pre dospel\u00fdch s obezitou (BMI \u226530) alebo nadv\u00e1hou (BMI \u226527) s ochoreniami ako cukrovka 2. typu, hypertenzia alebo vysok\u00fd cholesterol. <strong>N\u00e1kup Tirzepatidu poskytuje liek, ktor\u00fd potl\u00e1\u010da chu\u0165 do jedla a zvy\u0161uje pocit s\u00fdtosti, \u010d\u00edm v\u00e1m pom\u00e1ha dosiahnu\u0165 kalorick\u00fd deficit pre chudnutie.<\/strong> Jeho popularita v komunit\u00e1ch zameran\u00fdch na chudnutie, ako je vidie\u0165 na platform\u00e1ch ako Reddit, zd\u00f4raz\u0148uje jeho \u00fa\u010dinnos\u0165 pre v\u00fdrazn\u00fa redukciu tukov.<\/p>\n<p>Tirzepatid, \u00fa\u010dinn\u00e1 l\u00e1tka, napodob\u0148uje horm\u00f3ny GLP-1 a GIP, ktor\u00e9 reguluj\u00fa chu\u0165 do jedla, metabolizmus a citlivos\u0165 na inzul\u00edn. Prostredn\u00edctvom n\u00e1kupu Tirzepatidu z\u00edskate pr\u00edstup k lieku podporen\u00e9mu robustn\u00fdm klinick\u00fdm v\u00fdskumom, ako s\u00fa \u0161t\u00fadie SURMOUNT, ktor\u00e9 uk\u00e1zali priemern\u00fd \u00fabytok hmotnosti a\u017e 20,9 % za 72 t\u00fd\u017ed\u0148ov u dospel\u00fdch. D\u00e1vka 20 mg od BIO-Peptide pon\u00faka vysoko potentn\u00fa mo\u017enos\u0165 pre t\u00fdch, ktor\u00ed h\u013eadaj\u00fa dramatick\u00e9 v\u00fdsledky, ako je uveden\u00e9 v zdravotn\u00fdch \u010dl\u00e1nkoch a recenzi\u00e1ch pou\u017e\u00edvate\u013eov na f\u00f3rach ako Drugs.com.<\/p>\n<h3>\u00da\u010dinn\u00e1 l\u00e1tka: tirzepatid<\/h3>\n<p>Jadro \u00fa\u010dinnosti Tirzepatidu 20 mg od BIO-Peptide spo\u010d\u00edva v <strong>tirzepatide<\/strong>, syntetickom peptide s 94 % homol\u00f3giou s \u013eudsk\u00fdm horm\u00f3nom GIP, obohaten\u00fdm o C20 mastn\u00fa diakyselinu pre dlh\u00fd pol\u010das rozpadu pribli\u017ene p\u00e4\u0165 dn\u00ed. Tirzepatid aktivuje receptory GLP-1 a GIP, \u010d\u00edm zni\u017euje chu\u0165 do jedla, spoma\u013euje vypr\u00e1zd\u0148ovanie \u017eal\u00fadka a zlep\u0161uje citlivos\u0165 na inzul\u00edn. <strong>N\u00e1kup Tirzepatidu vyu\u017e\u00edva du\u00e1lnu akciu tirzepatidu na potla\u010denie chuti do jedla, \u010d\u00edm u\u013eah\u010duje dodr\u017eiavanie n\u00edzkokalorickej di\u00e9ty.<\/strong> Tento du\u00e1lny mechanizmus ho odli\u0161uje od jedno-agonistov GLP-1, ako je semaglutid, ako je zd\u00f4raznen\u00e9 v klinick\u00fdch \u0161t\u00fadi\u00e1ch.<\/p>\n<p>Vyvinut\u00fd spolo\u010dnos\u0165ou Eli Lilly, tirzepatid bol schv\u00e1len\u00fd FDA v roku 2022 na cukrovku 2. typu (Mounjaro) a v roku 2023 na chudnutie (Zepbound). V \u0161t\u00fadii SURMOUNT-1 dosiahlo 91 % \u00fa\u010dastn\u00edkov pri d\u00e1vke 15 mg tirzepatidu aspo\u0148 5 % \u00fabytok hmotnosti, pri\u010dom 57 % dosiahlo 20 % alebo viac. N\u00e1kup Tirzepatidu pon\u00faka liek s osved\u010denou hist\u00f3riou, \u010do rob\u00ed formul\u00e1ciu od BIO-Peptide presved\u010divou vo\u013ebou pre mana\u017ement hmotnosti, ako je odzrkadlen\u00e9 v recenzi\u00e1ch pou\u017e\u00edvate\u013eov, ktor\u00e9 chv\u00e1lia jeho transforma\u010dn\u00e9 \u00fa\u010dinky.<\/p>\n<h2>Ako n\u00e1kup Tirzepatidu podporuje chudnutie?<\/h2>\n<p>N\u00e1kup Tirzepatidu v\u00e1m poskytuje liek, ktor\u00fd podporuje chudnutie prostredn\u00edctvom viacer\u00fdch mechanizmov. Tirzepatid aktivuje receptory GLP-1 a GIP v mozgu, signalizuje s\u00fdtos\u0165 a zni\u017euje hlad, \u010do v\u00e1m pom\u00e1ha konzumova\u0165 menej kal\u00f3ri\u00ed. <strong>Toto potla\u010denie chuti do jedla rob\u00ed n\u00e1kup Tirzepatidu siln\u00fdm n\u00e1strojom na dosiahnutie udr\u017eate\u013en\u00e9ho chudnutia.<\/strong> Spoma\u013euje aj vypr\u00e1zd\u0148ovanie \u017eal\u00fadka, \u010d\u00edm zni\u017euje chute na vysokokalorick\u00e9 potraviny, ako uv\u00e1dzaj\u00fa pou\u017e\u00edvatelia na fitness f\u00f3rach ako Reddit.<\/p>\n<p>Na rozdiel od liekov zalo\u017een\u00fdch na stimulantoch, n\u00e1kup Tirzepatidu funguje v harm\u00f3nii s prirodzen\u00fdmi syst\u00e9mami v\u00e1\u0161ho tela, pon\u00fakaj\u00fac bezpe\u010dn\u00fa a efekt\u00edvnu mo\u017enos\u0165 na dlhodob\u00e9 pou\u017eitie. \u0160t\u00fadia SURMOUNT-5 uk\u00e1zala, \u017ee tirzepatid (10 mg alebo 15 mg) viedol k 20,2 % \u00fabytku hmotnosti v porovnan\u00ed s 13,7 % pri semaglutide za 72 t\u00fd\u017ed\u0148ov, \u010d\u00edm zd\u00f4raz\u0148uje jeho nadraden\u00fa \u00fa\u010dinnos\u0165. D\u00e1vka 20 mg od BIO-Peptide poskytuje vysoko potentn\u00fa mo\u017enos\u0165 pre t\u00fdch, ktor\u00ed h\u013eadaj\u00fa v\u00fdrazn\u00e9 v\u00fdsledky, ako je diskutovan\u00e9 v zdravotn\u00fdch \u010dl\u00e1nkoch a recenzi\u00e1ch pou\u017e\u00edvate\u013eov.<\/p>\n<h3>Veda za mechanizmom chudnutia tirzepatidu<\/h3>\n<p>N\u00e1kup Tirzepatidu p\u00f4sob\u00ed v\u00e4zbou na receptory GLP-1 a GIP v hypotalame, \u010d\u00edm zni\u017euje chu\u0165 do jedla a zvy\u0161uje s\u00fdtos\u0165. Tento du\u00e1lny agonizmus podporuje sekr\u00e9ciu inzul\u00ednu, inhibuje uvo\u013e\u0148ovanie glukag\u00f3nu gluk\u00f3zovo z\u00e1visl\u00fdm sp\u00f4sobom a spoma\u013euje vypr\u00e1zd\u0148ovanie \u017eal\u00fadka, \u010d\u00edm predl\u017euje pocit s\u00fdtosti. V \u0161t\u00fadii SURMOUNT-1 viedol tirzepatid pri 15 mg k 20,9 % \u00fabytku hmotnosti v porovnan\u00ed s 3,1 % pri placebe. <strong>N\u00e1kup Tirzepatidu podporuje kalorick\u00fd deficit zn\u00ed\u017een\u00edm pr\u00edjmu potravy, \u010do je k\u013e\u00fa\u010dov\u00e9 pre udr\u017eate\u013en\u00e9 chudnutie.<\/strong><\/p>\n<p>Tirzepatid zvy\u0161uje hladiny adiponect\u00ednu a\u017e o 26 %, \u010d\u00edm zlep\u0161uje metabolizmus gluk\u00f3zy a lipidov, \u010do zni\u017euje ukladanie tukov a podporuje spa\u013eovanie tukov. Jeho biologick\u00e1 dostupnos\u0165 je pribli\u017ene 80 %, s vrcholov\u00fdmi s\u00e9rov\u00fdmi hladinami dosiahnut\u00fdmi za 8-72 hod\u00edn, a je vysoko viazan\u00fd na plazmatick\u00fd album\u00edn (99 %), \u010do zabezpe\u010duje dlh\u00fd pol\u010das rozpadu pre d\u00e1vkovanie raz t\u00fd\u017edenne. Recenzie pou\u017e\u00edvate\u013eov na Drugs.com chv\u00e1lia jeho schopnos\u0165 zni\u017eova\u0165 hlad a zlep\u0161ova\u0165 energiu, pri\u010dom mnoh\u00ed uv\u00e1dzaj\u00fa \u00fabytok hmotnosti 9-22 kg za mesiace. N\u00e1kup Tirzepatidu pon\u00faka vedecky overen\u00fd pr\u00edstup k chudnutiu.<\/p>\n<h4>Ako Tirzepatid sp\u00fa\u0161\u0165a spa\u013eovanie tukov<\/h4>\n<p>N\u00e1kup Tirzepatidu podporuje spa\u013eovanie tukov vytvoren\u00edm kalorick\u00e9ho deficitu prostredn\u00edctvom zn\u00ed\u017eenej chuti do jedla a pomal\u0161ieho tr\u00e1venia. Konzum\u00e1ciou menej kal\u00f3ri\u00ed va\u0161e telo \u010derp\u00e1 energiu z ulo\u017een\u00fdch tukov\u00fdch z\u00e1sob, \u010do vedie k v\u00fdrazn\u00e9mu chudnutiu. \u0160t\u00fadia SURMOUNT-3 uk\u00e1zala dodato\u010dn\u00fd 18,4 % \u00fabytok hmotnosti za 72 t\u00fd\u017ed\u0148ov po \u017eivotnom \u0161t\u00fdle, pri\u010dom 43,3 % dosiahlo aspo\u0148 20 % \u00fabytok. <strong>N\u00e1kup Tirzepatidu podporuje spa\u013eovanie tukov\u00fdch z\u00e1sob, najm\u00e4 v kombin\u00e1cii s cvi\u010den\u00edm a n\u00edzkokalorickou di\u00e9tou.<\/strong><\/p>\n<p>\u00da\u010dinky tirzepatidu na citlivos\u0165 na inzul\u00edn a metabolizmus lipidov zni\u017euj\u00fa ukladanie tukov, \u010d\u00edm podporuj\u00fa procesy spa\u013eovania tukov. Meta-anal\u00fdza uviedla redukciu tukovej hmoty o 6,6 kg a zn\u00ed\u017eenie obvodu p\u00e1sa a\u017e o 18,5 cm pri d\u00e1vkach 15 mg. Recenzie pou\u017e\u00edvate\u013eov na Reddit zd\u00f4raz\u0148uj\u00fa v\u00fdrazn\u00fd \u00fabytok tukov, pri\u010dom niektor\u00ed uv\u00e1dzaj\u00fa 10-20 % redukciu telesnej hmotnosti za mesiace. N\u00e1kup Tirzepatidu je siln\u00fd n\u00e1stroj pre t\u00fdch, ktor\u00ed h\u013eadaj\u00fa \u0161t\u00edhlej\u0161iu postavu.<\/p>\n<h3>\u00daloha Tirzepatidu v dlhodobom mana\u017emente hmotnosti<\/h3>\n<p>Udr\u017eanie \u00fabytku hmotnosti je v\u00fdzvou, ale n\u00e1kup Tirzepatidu podporuje dlhodob\u00fd \u00faspech. \u0160t\u00fadia SURMOUNT-4 uk\u00e1zala, \u017ee pokra\u010duj\u00faca lie\u010dba tirzepatidom po 36 t\u00fd\u017ed\u0148och viedla k dodato\u010dn\u00e9mu 5,5 % \u00fabytku hmotnosti, zatia\u013e \u010do pou\u017e\u00edvatelia placeba op\u00e4\u0165 pribrali 14 %. <strong>N\u00e1kup Tirzepatidu v\u00e1m pom\u00e1ha udr\u017ea\u0165 \u00fabytok hmotnosti udr\u017eiavan\u00edm potla\u010denia chuti do jedla a podporou zdrav\u00fdch stravovac\u00edch n\u00e1vykov.<\/strong> Jeho dlhodob\u00e1 \u00fa\u010dinnos\u0165 je dobre zdokumentovan\u00e1, pri\u010dom 69,5 % udr\u017ealo aspo\u0148 20 % \u00fabytok hmotnosti po 88 t\u00fd\u017ed\u0148och.<\/p>\n<p>N\u00e1kup Tirzepatidu je najefekt\u00edvnej\u0161\u00ed v kombin\u00e1cii s n\u00edzkokalorickou di\u00e9tou a aspo\u0148 150 min\u00fatami t\u00fd\u017edennej fyzickej aktivity, ako je odpor\u00fa\u010dan\u00e9 v \u0161t\u00fadi\u00e1ch SURMOUNT. V\u00e1\u0161 lek\u00e1r bude sledova\u0165 pokrok po 12 t\u00fd\u017ed\u0148och pri udr\u017eiavacej d\u00e1vke (zvy\u010dajne 10-15 mg, hoci sa v niektor\u00fdch pr\u00edpadoch m\u00f4\u017ee pou\u017ei\u0165 20 mg), aby zabezpe\u010dil aspo\u0148 5 % \u00fabytok hmotnosti. Ak tento cie\u013e nie je splnen\u00fd, m\u00f4\u017eu by\u0165 zv\u00e1\u017een\u00e9 alternat\u00edvy. Sp\u00e4tn\u00e1 v\u00e4zba pou\u017e\u00edvate\u013eov na zdravotn\u00fdch f\u00f3rach zd\u00f4raz\u0148uje d\u00f4le\u017eitos\u0165 zmien \u017eivotn\u00e9ho \u0161t\u00fdlu na maximaliz\u00e1ciu v\u00fdhod n\u00e1kupu Tirzepatidu.<\/p>\n<h2>D\u00f4le\u017eit\u00e9 \u00favahy pri n\u00e1kupe Tirzepatidu<\/h2>\n<p>N\u00e1kup Tirzepatidu pon\u00faka siln\u00e9 rie\u0161enie na chudnutie, ale nie je vhodn\u00fd pre ka\u017ed\u00e9ho. Je kontraindikovan\u00fd pre osoby s anamn\u00e9zou medul\u00e1rneho karcin\u00f3mu \u0161t\u00edtnej \u017e\u013eazy (MTC), syndr\u00f3mom mnohopo\u010detnej endokrinnej neopl\u00e1zie typu 2 (MEN 2) alebo precitlivenos\u0165ou na tirzepatid. <strong>V\u017edy sa pora\u010fte so svoj\u00edm poskytovate\u013eom zdravotnej starostlivosti pred za\u010dat\u00edm n\u00e1kupu Tirzepatidu, aby ste sa uistili, \u017ee je bezpe\u010dn\u00fd pre va\u0161e zdravotn\u00e9 potreby.<\/strong> Be\u017en\u00e9 ved\u013eaj\u0161ie \u00fa\u010dinky zah\u0155\u0148aj\u00fa nevo\u013enos\u0165, hna\u010dku, zvracanie a z\u00e1pchu, ktor\u00e9 zvy\u010dajne \u010dasom ustupuj\u00fa, ako je uveden\u00e9 v klinick\u00fdch \u0161t\u00fadi\u00e1ch a recenzi\u00e1ch pou\u017e\u00edvate\u013eov.<\/p>\n<p>V\u00e1\u017ene rizik\u00e1, ako je pankreatit\u00edda, probl\u00e9my so \u017el\u010dn\u00edkom alebo n\u00e1dory \u0161t\u00edtnej \u017e\u013eazy, s\u00fa zriedkav\u00e9, ale vy\u017eaduj\u00fa okam\u017eit\u00fa pozornos\u0165. Tirzepatid m\u00f4\u017ee interagova\u0165 s liekmi na cukrovku, ako s\u00fa sulfonylmo\u010doviny alebo inzul\u00edn, \u010d\u00edm zvy\u0161uje riziko hypoglyk\u00e9mie. Informujte svojho lek\u00e1ra o v\u0161etk\u00fdch liekoch, ako je uveden\u00e9 v zdravotn\u00fdch \u010dl\u00e1nkoch. Kv\u00f4li vysokej dopytu m\u00f4\u017ee by\u0165 dostupnos\u0165 tirzepatidu obmedzen\u00e1, preto v pr\u00edpade potreby diskutujte o alternat\u00edvach s lek\u00e1rom.<\/p>\n<h3>Pre\u010do je n\u00e1kup Tirzepatidu efekt\u00edvny na chudnutie?<\/h3>\n<p>N\u00e1kup Tirzepatidu je efekt\u00edvny, preto\u017ee cieli na chu\u0165 do jedla a metabolizmus prostredn\u00edctvom du\u00e1lneho agonizmu GLP-1 a GIP. Jeho schopnos\u0165 zn\u00ed\u017ei\u0165 chu\u0165 do jedla a spomali\u0165 vypr\u00e1zd\u0148ovanie \u017eal\u00fadka v\u00e1m pom\u00e1ha konzumova\u0165 menej kal\u00f3ri\u00ed a c\u00edti\u0165 sa dlh\u0161ie s\u00fdty. <strong>Klinick\u00e9 \u0161t\u00fadie ukazuj\u00fa, \u017ee 91 % dospel\u00fdch pou\u017e\u00edvaj\u00facich n\u00e1kup Tirzepatidu dosiahne aspo\u0148 5 % \u00fabytok hmotnosti, \u010do z neho rob\u00ed spo\u013eahliv\u00fa vo\u013ebu pre mana\u017ement obezity.<\/strong> Zlep\u0161uje aj kardiometabolick\u00e9 markery zn\u00ed\u017een\u00edm krvn\u00e9ho tlaku, cholesterolu a hlad\u00edn krvn\u00e9ho cukru.<\/p>\n<p>\u0160t\u00fadia SURMOUNT-5 uk\u00e1zala nadradenos\u0165 tirzepatidu nad semaglutidom, s 20,2 % oproti 13,7 % \u00fabytku hmotnosti za 72 t\u00fd\u017ed\u0148ov. Recenzie pou\u017e\u00edvate\u013eov na Drugs.com uv\u00e1dzaj\u00fa \u017eivot meniace v\u00fdsledky, pri\u010dom niektor\u00ed stratili 22-52 kg a zlep\u0161ili stavy ako boles\u0165 k\u013abov a hypertenziu. S n\u00e1le\u017eit\u00fdm lek\u00e1rskym doh\u013eadom je n\u00e1kup Tirzepatidu transforma\u010dn\u00fdm n\u00e1strojom pre udr\u017eate\u013en\u00e9 chudnutie a lep\u0161ie zdravie.<\/p>\n<h2>Pre\u010do si vybra\u0165 n\u00e1kup Tirzepatidu pre va\u0161u cestu chudnutia?<\/h2>\n<p>N\u00e1kup Tirzepatidu s Tirzepatidom 20 mg od BIO-Peptide pon\u00faka vedecky overen\u00e9 rie\u0161enie pre t\u00fdch, ktor\u00ed bojuj\u00fa s obezitou alebo zdravotn\u00fdmi probl\u00e9mami s\u00favisiacimi s hmotnos\u0165ou. Poh\u00e1\u0148an\u00fd tirzepatidom potl\u00e1\u010da chu\u0165 do jedla, spoma\u013euje tr\u00e1venie a podporuje spa\u013eovanie tukov, \u010d\u00edm v\u00e1m pom\u00e1ha dosiahnu\u0165 v\u00fdrazn\u00e9 chudnutie. <strong>S n\u00e1kupom Tirzepatidu m\u00f4\u017eete transformova\u0165 svoje zdravie a vybudova\u0165 udr\u017eate\u013en\u00e9 n\u00e1vyky pre dlhodob\u00fd \u00faspech.<\/strong> Jeho d\u00e1vkovanie raz t\u00fd\u017edenne a poves\u0165 vo fitness komunit\u00e1ch ho robia d\u00f4veryhodnou vo\u013ebou.<\/p>\n<p>Ak ste pripraven\u00ed urobi\u0165 \u010fal\u0161\u00ed krok, pora\u010fte sa so svoj\u00edm poskytovate\u013eom zdravotnej starostlivosti o n\u00e1kupe Tirzepatidu. S n\u00e1le\u017eit\u00fdm lek\u00e1rskym doh\u013eadom, zdravou stravou a pravideln\u00fdm cvi\u010den\u00edm v\u00e1m Tirzepatid 20 mg od BIO-Peptide m\u00f4\u017ee pom\u00f4c\u0165 dosiahnu\u0165 va\u0161e ciele chudnutia a prija\u0165 zdrav\u0161ie, sebavedomej\u0161ie ja. Za\u010dnite svoju cestu dnes s n\u00e1kupom Tirzepatidu a odomknite jasnej\u0161iu bud\u00facnos\u0165!<\/p>\n","protected":false},"excerpt":{"rendered":"<p>Tirzepatid 20 mg od BIO-Peptide s <strong>tirzepatidom<\/strong> je siln\u00fd liek na chudnutie, ktor\u00fd potl\u00e1\u010da chu\u0165 do jedla a podporuje spa\u013eovanie tukov. N\u00e1kup Tirzepatidu pom\u00e1ha dosiahnu\u0165 kalorick\u00fd deficit pre udr\u017eate\u013en\u00e9 chudnutie. <strong>Ide\u00e1lny pre t\u00fdch, ktor\u00ed chc\u00fa zhodi\u0165 nadbyto\u010dn\u00fd tuk, n\u00e1kup Tirzepatidu funguje najlep\u0161ie v kombin\u00e1cii so zdravou stravou a cvi\u010den\u00edm.<\/strong> Za\u010dnite svoju transform\u00e1ciu dnes!<\/p>\n","protected":false},"featured_media":743,"comment_status":"open","ping_status":"closed","template":"","meta":{"_acf_changed":false},"product_brand":[],"product_cat":[42],"product_tag":[],"class_list":{"0":"post-647","1":"product","2":"type-product","3":"status-publish","4":"has-post-thumbnail","6":"product_cat-tirzepatide-sk","8":"first","9":"instock","10":"shipping-taxable","11":"purchasable","12":"product-type-simple"},"acf":[],"_links":{"self":[{"href":"https:\/\/fatburner.to\/sk\/wp-json\/wp\/v2\/product\/647","targetHints":{"allow":["GET"]}}],"collection":[{"href":"https:\/\/fatburner.to\/sk\/wp-json\/wp\/v2\/product"}],"about":[{"href":"https:\/\/fatburner.to\/sk\/wp-json\/wp\/v2\/types\/product"}],"replies":[{"embeddable":true,"href":"https:\/\/fatburner.to\/sk\/wp-json\/wp\/v2\/comments?post=647"}],"wp:featuredmedia":[{"embeddable":true,"href":"https:\/\/fatburner.to\/sk\/wp-json\/wp\/v2\/media\/743"}],"wp:attachment":[{"href":"https:\/\/fatburner.to\/sk\/wp-json\/wp\/v2\/media?parent=647"}],"wp:term":[{"taxonomy":"product_brand","embeddable":true,"href":"https:\/\/fatburner.to\/sk\/wp-json\/wp\/v2\/product_brand?post=647"},{"taxonomy":"product_cat","embeddable":true,"href":"https:\/\/fatburner.to\/sk\/wp-json\/wp\/v2\/product_cat?post=647"},{"taxonomy":"product_tag","embeddable":true,"href":"https:\/\/fatburner.to\/sk\/wp-json\/wp\/v2\/product_tag?post=647"}],"curies":[{"name":"wp","href":"https:\/\/api.w.org\/{rel}","templated":true}]}}