{"id":651,"date":"2025-09-16T17:48:14","date_gmt":"2025-09-16T17:48:14","guid":{"rendered":"https:\/\/fatburner.to\/termek\/genheal-semaglutide-3mg\/"},"modified":"2025-09-19T07:42:17","modified_gmt":"2025-09-19T07:42:17","slug":"genheal-semaglutide-3mg","status":"publish","type":"product","link":"https:\/\/fatburner.to\/sk\/produkt\/genheal-semaglutide-3mg\/","title":{"rendered":"Genheal &#8211; Semaglutide 3mg"},"content":{"rendered":"<h1>Genheal Semaglutid: V\u00e1\u0161 sprievodca efekt\u00edvnym chudnut\u00edm so Semaglutidom 3 mg<\/h1>\n<p>Ste pripraven\u00ed transformova\u0165 svoje zdravie a zbavi\u0165 sa nadbyto\u010dnej hmotnosti? Genheal Semaglutid s obsahom semaglutidu v d\u00e1vke 3 mg je inovat\u00edvny liek na chudnutie navrhnut\u00fd tak, aby v\u00e1m pomohol s istotou dosiahnu\u0165 va\u0161e fitness ciele. \u0160iroko diskutovan\u00fd vo fitness f\u00f3rach a zdravotn\u00fdch \u010dl\u00e1nkoch pre svoje p\u00f4sobiv\u00e9 v\u00fdsledky, Genheal Semaglutid je ide\u00e1lny pre dospel\u00fdch s obezitou alebo nadv\u00e1hou s pridru\u017een\u00fdmi zdravotn\u00fdmi probl\u00e9mami. <strong>S Genheal Semaglutidom m\u00f4\u017eete potla\u010di\u0165 chu\u0165 do jedla, podpori\u0165 spa\u013eovanie tukov a vyda\u0165 sa na udr\u017eate\u013en\u00fa cestu chudnutia.<\/strong> V tomto sprievodcovi presk\u00famame \u00fa\u010dinn\u00fa l\u00e1tku, jej mechanizmy \u00fa\u010dinku a pre\u010do je Genheal Semaglutid d\u00f4veryhodnou vo\u013ebou pre t\u00fdch, ktor\u00ed chc\u00fa spa\u013eova\u0165 tuky, \u010derpaj\u00fac z klinick\u00fdch \u0161t\u00fadi\u00ed, recenzi\u00ed pou\u017e\u00edvate\u013eov a inform\u00e1ci\u00ed od v\u00fdrobcu.<\/p>\n<h2>\u010co je Genheal Semaglutid a ako podporuje chudnutie?<\/h2>\n<p>Genheal Semaglutid je liek na predpis obsahuj\u00faci semaglutid, agonista receptorov glukag\u00f3nu podobn\u00e9ho peptidu-1 (GLP-1), zn\u00e1my pre svoje siln\u00e9 \u00fa\u010dinky potl\u00e1\u010daj\u00face chu\u0165 do jedla a podporuj\u00face spa\u013eovanie tukov. Je ur\u010den\u00fd pre dospel\u00fdch s obezitou (BMI \u226530) alebo nadv\u00e1hou (BMI \u226527) s ochoreniami s\u00favisiacimi s hmotnos\u0165ou, ako s\u00fa cukrovka 2. typu, hypertenzia alebo dyslipid\u00e9mia. <strong>Genheal Semaglutid v\u00e1m pom\u00e1ha dosiahnu\u0165 kalorick\u00fd deficit zn\u00ed\u017een\u00edm hladu a posilnen\u00edm pocitu s\u00fdtosti, \u010d\u00edm u\u013eah\u010duje dodr\u017eiavanie zdravej stravy.<\/strong> Jeho popularita v komunit\u00e1ch zameran\u00fdch na chudnutie, ako je vidie\u0165 na f\u00f3rach ako Reddit a Bodybuilding.com, zd\u00f4raz\u0148uje jeho \u00fa\u010dinnos\u0165 pre v\u00fdrazn\u00fa redukciu tukov.<\/p>\n<p>Semaglutid, \u00fa\u010dinn\u00e1 l\u00e1tka, napodob\u0148uje horm\u00f3n GLP-1, ktor\u00fd reguluje chu\u0165 do jedla a metabolizmus. V\u00fdberom Genheal Semaglutidu sa rozhodujete pre liek podporen\u00fd rozsiahlym klinick\u00fdm v\u00fdskumom, ako s\u00fa \u0161t\u00fadie STEP, ktor\u00e9 uk\u00e1zali priemern\u00fd \u00fabytok hmotnosti 15 % za 68 t\u00fd\u017ed\u0148ov u dospel\u00fdch. D\u00e1vka 3 mg od Genheal Semaglutidu je s\u00fa\u010das\u0165ou titra\u010dn\u00e9ho sch\u00e9my na vybudovanie tolerancie, pon\u00fakaj\u00fac potentn\u00fa mo\u017enos\u0165 pre mana\u017ement hmotnosti v kombin\u00e1cii s n\u00edzkokalorickou di\u00e9tou a cvi\u010den\u00edm, ako je uveden\u00e9 v recenzi\u00e1ch pou\u017e\u00edvate\u013eov a zdravotn\u00fdch \u010dl\u00e1nkoch.<\/p>\n<h3>\u00da\u010dinn\u00e1 l\u00e1tka: semaglutid<\/h3>\n<p>Jadro \u00fa\u010dinnosti Genheal Semaglutidu spo\u010d\u00edva v <strong>semaglutide<\/strong>, syntetickom horm\u00f3ne GLP-1 s 94 % homol\u00f3giou s jeho prirodzen\u00fdm n\u00e1protivkom. Semaglutid sa via\u017ee na receptory GLP-1 v mozgu, signalizuje s\u00fdtos\u0165 a zni\u017euje hlad, \u010do v\u00e1m pom\u00e1ha konzumova\u0165 menej kal\u00f3ri\u00ed. <strong>Genheal Semaglutid vyu\u017e\u00edva schopnos\u0165 semaglutidu potl\u00e1\u010da\u0165 chu\u0165 do jedla, \u010d\u00edm u\u013eah\u010duje vyhn\u00fa\u0165 sa prejedaniu a udr\u017ea\u0165 kalorick\u00fd deficit.<\/strong> Spoma\u013euje aj vypr\u00e1zd\u0148ovanie \u017eal\u00fadka, \u010d\u00edm predl\u017euje pocit s\u00fdtosti, ako je zd\u00f4raznen\u00e9 v klinick\u00fdch \u0161t\u00fadi\u00e1ch a sp\u00e4tnej v\u00e4zbe pou\u017e\u00edvate\u013eov na platform\u00e1ch ako Reddit.<\/p>\n<p>Semaglutid bol vyvinut\u00fd spolo\u010dnos\u0165ou Novo Nordisk a prv\u00fdkr\u00e1t schv\u00e1len\u00fd FDA v roku 2017 na cukrovku 2. typu (Ozempic a Rybelsus) a v roku 2021 na chudnutie (Wegovy). Jeho dlh\u00fd pol\u010das rozpadu, v\u010fake v\u00e4zbe na album\u00edn a odolnosti vo\u010di degrad\u00e1cii dipeptidyl peptid\u00e1zou-4 (DPP-4), umo\u017e\u0148uje d\u00e1vkovanie raz t\u00fd\u017edenne, ako je uveden\u00e9 v inform\u00e1ci\u00e1ch od v\u00fdrobcu. V \u0161t\u00fadii STEP 1 stratilo 83 % dospel\u00fdch u\u017e\u00edvaj\u00facich semaglutid aspo\u0148 5 % svojej telesnej hmotnosti v porovnan\u00ed s 31 % pri placebe, \u010do rob\u00ed Genheal Semaglutid spo\u013eahlivou vo\u013ebou pre mana\u017ement obezity.<\/p>\n<h2>Ako Genheal Semaglutid podporuje chudnutie?<\/h2>\n<p>Genheal Semaglutid podporuje chudnutie prostredn\u00edctvom mnohostrann\u00e9ho pr\u00edstupu, ktor\u00fd cieli na regul\u00e1ciu chuti do jedla a metabolick\u00fa efektivitu. Semaglutid aktivuje receptory GLP-1 v hypotalame, \u010d\u00edm zni\u017euje chu\u0165 do jedla a zvy\u0161uje s\u00fdtos\u0165, \u010do v\u00e1m pom\u00e1ha jes\u0165 menej bez pocitu depriv\u00e1cie. <strong>Toto potla\u010denie chuti do jedla rob\u00ed Genheal Semaglutid siln\u00fdm n\u00e1strojom na dosiahnutie udr\u017eate\u013en\u00e9ho chudnutia.<\/strong> Okrem toho spoma\u013euje vypr\u00e1zd\u0148ovanie \u017eal\u00fadka, \u010d\u00edm zni\u017euje chute na vysokokalorick\u00e9 potraviny, ako uv\u00e1dzaj\u00fa pou\u017e\u00edvatelia na fitness f\u00f3rach.<\/p>\n<p>Na rozdiel od liekov na chudnutie zalo\u017een\u00fdch na stimulantoch, Genheal Semaglutid funguje v harm\u00f3nii s prirodzen\u00fdmi syst\u00e9mami v\u00e1\u0161ho tela, \u010do z neho rob\u00ed bezpe\u010dn\u00fa a efekt\u00edvnu mo\u017enos\u0165 na dlhodob\u00e9 pou\u017eitie. \u0160t\u00fadie STEP preuk\u00e1zali, \u017ee pou\u017e\u00edvatelia semaglutidu stratili v priemere 14,9 % svojej telesnej hmotnosti za 68 t\u00fd\u017ed\u0148ov v porovnan\u00ed s 2,4 % pri placebe, s vylep\u0161eniami v obvode p\u00e1sa a metabolick\u00fdch zdravotn\u00fdch markerov. D\u00e1vka 3 mg od Genheal Semaglutidu podporuje postupn\u00fa titr\u00e1ciu, zabezpe\u010duj\u00fac toleranciu pri maximaliz\u00e1cii chudnutia, ako je diskutovan\u00e9 v zdravotn\u00fdch \u010dl\u00e1nkoch a recenzi\u00e1ch pou\u017e\u00edvate\u013eov.<\/p>\n<h3>Veda za mechanizmom chudnutia semaglutidu<\/h3>\n<p>Genheal Semaglutid p\u00f4sob\u00ed v\u00e4zbou na receptory GLP-1 v hypotalame, oblasti mozgu, ktor\u00e1 reguluje hlad a energetick\u00fa rovnov\u00e1hu. T\u00e1to v\u00e4zba zni\u017euje chu\u0165 do jedla, tak\u017ee sa c\u00edtite spokojn\u00ed s men\u0161\u00edmi porciami a je menej pravdepodobn\u00e9, \u017ee budete ma\u0161krti\u0165. Semaglutid tie\u017e spoma\u013euje vypr\u00e1zd\u0148ovanie \u017eal\u00fadka, \u010d\u00edm spoma\u013euje tr\u00e1venie a zvy\u0161uje pocit s\u00fdtosti. <strong>Genheal Semaglutid podporuje kalorick\u00fd deficit zn\u00ed\u017een\u00edm pr\u00edjmu potravy, \u010do je k\u013e\u00fa\u010dov\u00e9 pre udr\u017eate\u013en\u00e9 chudnutie.<\/strong> V \u0161t\u00fadii STEP 1 viedol semaglutid k 14,9 % \u00fabytku hmotnosti v porovnan\u00ed s 2,4 % pri placebe, pri\u010dom 66 % pou\u017e\u00edvate\u013eov dosiahlo aspo\u0148 10 % \u00fabytok hmotnosti.<\/p>\n<p>Semaglutid podporuje sekr\u00e9ciu inzul\u00ednu a inhibuje uvo\u013e\u0148ovanie glukag\u00f3nu gluk\u00f3zovo z\u00e1visl\u00fdm sp\u00f4sobom, stabilizuje hladiny krvn\u00e9ho cukru a zabra\u0148uje energetick\u00fdm poklesom, ktor\u00e9 sp\u00fa\u0161\u0165aj\u00fa prejedanie. T\u00e1to metabolick\u00e1 regul\u00e1cia zni\u017euje ukladanie tukov a podporuje spa\u013eovanie tukov. U adolescentov \u0161t\u00fadia STEP TEENS uk\u00e1zala 16,1 % redukciu BMI za 68 t\u00fd\u017ed\u0148ov, pri\u010dom 77 % dosiahlo aspo\u0148 5 % redukciu. Mechanizmus Genheal Semaglutidu, ako je diskutovan\u00fd v medic\u00ednskej literat\u00fare, ho rob\u00ed v\u0161estrann\u00fdm n\u00e1strojom pre mana\u017ement hmotnosti.<\/p>\n<h4>Ako Genheal Semaglutid sp\u00fa\u0161\u0165a spa\u013eovanie tukov<\/h4>\n<p>Genheal Semaglutid podporuje spa\u013eovanie tukov vytvoren\u00edm kalorick\u00e9ho deficitu prostredn\u00edctvom zn\u00ed\u017eenej chuti do jedla a pomal\u0161ieho tr\u00e1venia. Konzum\u00e1ciou menej kal\u00f3ri\u00ed va\u0161e telo \u010derp\u00e1 energiu z ulo\u017een\u00fdch tukov\u00fdch z\u00e1sob, \u010do vedie k chudnutiu. \u0160t\u00fadie STEP uviedli, \u017ee 66 % pou\u017e\u00edvate\u013eov stratilo aspo\u0148 10 % svojej telesnej hmotnosti, pri\u010dom niektor\u00ed dosiahli a\u017e 20 % \u00fabytok (pribli\u017ene 21 kg pri po\u010diato\u010dnej hmotnosti 105 kg). <strong>Genheal Semaglutid podporuje spa\u013eovanie tukov\u00fdch z\u00e1sob, najm\u00e4 v kombin\u00e1cii s cvi\u010den\u00edm a n\u00edzkokalorickou di\u00e9tou.<\/strong> Recenzie pou\u017e\u00edvate\u013eov na f\u00f3rach ako Reddit zd\u00f4raz\u0148uj\u00fa v\u00fdrazn\u00fd \u00fabytok tukov v priebehu mesiacov.<\/p>\n<p>\u00da\u010dinky semaglutidu na citlivos\u0165 na inzul\u00edn zni\u017euj\u00fa ukladanie tukov, \u010d\u00edm podporuj\u00fa procesy spa\u013eovania tukov. Stabiliz\u00e1ciou hladiny cukru v krvi Genheal Semaglutid zabra\u0148uje v\u00fdkyvom, ktor\u00e9 ved\u00fa k chutiam, \u010d\u00edm pom\u00e1ha udr\u017eiava\u0165 konzistentn\u00fd kalorick\u00fd deficit. \u0160t\u00fadie uk\u00e1zali redukcie viscer\u00e1lneho tuku, ktor\u00fd je spojen\u00fd s ochoreniami srdca a cukrovkou, \u010d\u00edm zlep\u0161uj\u00fa celkov\u00e9 zdravie. Potenci\u00e1l spa\u013eovania tukov Genheal Semaglutidu je k\u013e\u00fa\u010dov\u00fdm d\u00f4vodom jeho popularity v komunit\u00e1ch zameran\u00fdch na chudnutie.<\/p>\n<h3>\u00daloha Genheal Semaglutidu v dlhodobom mana\u017emente hmotnosti<\/h3>\n<p>Udr\u017eanie \u00fabytku hmotnosti je be\u017enou v\u00fdzvou, ale Genheal Semaglutid podporuje dlhodob\u00fd \u00faspech. V \u0161t\u00fadii STEP 5 stratili pou\u017e\u00edvatelia, ktor\u00ed pokra\u010dovali v lie\u010dbe semaglutidom po 20 t\u00fd\u017ed\u0148och, dodato\u010dn\u00fdch 8 % svojej telesnej hmotnosti, zatia\u013e \u010do t\u00ed, ktor\u00ed pre\u0161li na placebo, op\u00e4\u0165 pribrali 7 %. <strong>Genheal Semaglutid v\u00e1m pom\u00e1ha udr\u017ea\u0165 \u00fabytok hmotnosti udr\u017eiavan\u00edm potla\u010denia chuti do jedla a podporou zdrav\u00fdch stravovac\u00edch n\u00e1vykov.<\/strong> Jeho dlhodob\u00e1 \u00fa\u010dinnos\u0165 je dobre zdokumentovan\u00e1, s udr\u017eate\u013en\u00fdm \u00fabytkom hmotnosti po 104 t\u00fd\u017ed\u0148och.<\/p>\n<p>Genheal Semaglutid je najefekt\u00edvnej\u0161\u00ed v kombin\u00e1cii s n\u00edzkokalorickou di\u00e9tou a zv\u00fd\u0161enou fyzickou aktivitou. V\u00e1\u0161 lek\u00e1r bude sledova\u0165 v\u00e1\u0161 pokrok po 12 t\u00fd\u017ed\u0148och pri udr\u017eiavacej d\u00e1vke (zvy\u010dajne 2,4 mg, hoci sa v niektor\u00fdch pr\u00edpadoch m\u00f4\u017ee pou\u017ei\u0165 3 mg), aby zabezpe\u010dil aspo\u0148 5 % \u00fabytok hmotnosti. Ak tento cie\u013e nie je splnen\u00fd, m\u00f4\u017eu by\u0165 zv\u00e1\u017een\u00e9 alternat\u00edvne lie\u010dby. Sp\u00e4tn\u00e1 v\u00e4zba pou\u017e\u00edvate\u013eov na zdravotn\u00fdch f\u00f3rach zd\u00f4raz\u0148uje d\u00f4le\u017eitos\u0165 zmien \u017eivotn\u00e9ho \u0161t\u00fdlu na maximaliz\u00e1ciu v\u00fdhod Genheal Semaglutidu.<\/p>\n<h2>D\u00f4le\u017eit\u00e9 \u00favahy pri pou\u017e\u00edvan\u00ed Genheal Semaglutidu<\/h2>\n<p>Genheal Semaglutid je siln\u00fd n\u00e1stroj na chudnutie, ale nie je vhodn\u00fd pre ka\u017ed\u00e9ho. Je kontraindikovan\u00fd pre osoby s osobnou alebo rodinnou anamn\u00e9zou medul\u00e1rneho karcin\u00f3mu \u0161t\u00edtnej \u017e\u013eazy (MTC), syndr\u00f3mom mnohopo\u010detnej endokrinnej neopl\u00e1zie typu 2 (MEN 2) alebo precitlivenos\u0165ou na semaglutid. <strong>V\u017edy sa pora\u010fte so svoj\u00edm poskytovate\u013eom zdravotnej starostlivosti pred za\u010dat\u00edm u\u017e\u00edvania Genheal Semaglutidu, aby ste sa uistili, \u017ee je bezpe\u010dn\u00fd pre va\u0161e zdravotn\u00e9 potreby.<\/strong> Be\u017en\u00e9 ved\u013eaj\u0161ie \u00fa\u010dinky zah\u0155\u0148aj\u00fa nevo\u013enos\u0165, hna\u010dku, zvracanie a z\u00e1pchu, ktor\u00e9 zvy\u010dajne \u010dasom ustupuj\u00fa, ako je uveden\u00e9 v klinick\u00fdch \u0161t\u00fadi\u00e1ch a recenzi\u00e1ch pou\u017e\u00edvate\u013eov.<\/p>\n<p>V\u00e1\u017ene rizik\u00e1, ako je pankreatit\u00edda, probl\u00e9my so \u017el\u010dn\u00edkom alebo n\u00e1dory \u0161t\u00edtnej \u017e\u013eazy, s\u00fa zriedkav\u00e9, ale vy\u017eaduj\u00fa okam\u017eit\u00fa pozornos\u0165. Genheal Semaglutid m\u00f4\u017ee interagova\u0165 s liekmi na cukrovku, ako s\u00fa sulfonylmo\u010doviny alebo inzul\u00edn, \u010d\u00edm zvy\u0161uje riziko hypoglyk\u00e9mie. Informujte svojho lek\u00e1ra o v\u0161etk\u00fdch liekoch a doplnkoch, ktor\u00e9 u\u017e\u00edvate. Kv\u00f4li vysokej dopytu m\u00f4\u017ee by\u0165 dostupnos\u0165 semaglutidu obmedzen\u00e1, preto v pr\u00edpade potreby diskutujte o alternat\u00edvach s lek\u00e1rom, ako je uveden\u00e9 v zdravotn\u00fdch \u010dl\u00e1nkoch.<\/p>\n<h3>Pre\u010do je Genheal Semaglutid efekt\u00edvny na chudnutie?<\/h3>\n<p>\u00da\u010dinnos\u0165 Genheal Semaglutidu spo\u010d\u00edva v jeho schopnosti cieli\u0165 na chu\u0165 do jedla a metabolizmus. Potla\u010denie chuti do jedla a spomalenie vypr\u00e1zd\u0148ovania \u017eal\u00fadka semaglutidom v\u00e1m pom\u00e1ha konzumova\u0165 menej kal\u00f3ri\u00ed a c\u00edti\u0165 sa dlh\u0161ie s\u00fdty. <strong>Klinick\u00e9 \u0161t\u00fadie ukazuj\u00fa, \u017ee 83 % dospel\u00fdch pou\u017e\u00edvaj\u00facich Genheal Semaglutid strat\u00ed aspo\u0148 5 % svojej telesnej hmotnosti, \u010do z neho rob\u00ed spo\u013eahliv\u00fa vo\u013ebu pre mana\u017ement obezity.<\/strong> Zlep\u0161uje aj metabolick\u00e9 zdravie zn\u00ed\u017een\u00edm krvn\u00e9ho tlaku, cholesterolu a hlad\u00edn krvn\u00e9ho cukru, ako je vidie\u0165 v \u0161t\u00fadi\u00e1ch STEP.<\/p>\n<p>Okrem chudnutia Genheal Semaglutid zni\u017euje kardiovaskul\u00e1rne rizik\u00e1, s 20 % redukciou z\u00e1va\u017en\u00fdch kardiovaskul\u00e1rnych pr\u00edhod v \u0161t\u00fadii SELECT. Recenzie pou\u017e\u00edvate\u013eov na platform\u00e1ch ako Reddit chv\u00e1lia jeho schopnos\u0165 zn\u00ed\u017ei\u0165 obvod p\u00e1sa a zlep\u0161i\u0165 energetick\u00e9 hladiny. S n\u00e1le\u017eit\u00fdm lek\u00e1rskym doh\u013eadom je Genheal Semaglutid transforma\u010dn\u00fdm n\u00e1strojom pre t\u00fdch, ktor\u00ed h\u013eadaj\u00fa udr\u017eate\u013en\u00e9 chudnutie a lep\u0161ie zdravie.<\/p>\n<h2>Pre\u010do si vybra\u0165 Genheal Semaglutid pre va\u0161u cestu chudnutia?<\/h2>\n<p>Genheal Semaglutid pon\u00faka vedecky overen\u00e9 rie\u0161enie pre t\u00fdch, ktor\u00ed bojuj\u00fa s obezitou alebo zdravotn\u00fdmi probl\u00e9mami s\u00favisiacimi s hmotnos\u0165ou. Poh\u00e1\u0148an\u00fd semaglutidom potl\u00e1\u010da chu\u0165 do jedla, spoma\u013euje tr\u00e1venie a podporuje spa\u013eovanie tukov, \u010d\u00edm v\u00e1m pom\u00e1ha dosiahnu\u0165 v\u00fdrazn\u00e9 chudnutie. <strong>S Genheal Semaglutidom m\u00f4\u017eete transformova\u0165 svoje zdravie a vybudova\u0165 udr\u017eate\u013en\u00e9 n\u00e1vyky pre dlhodob\u00fd \u00faspech.<\/strong> Jeho d\u00e1vkovanie raz t\u00fd\u017edenne a poves\u0165 vo fitness komunit\u00e1ch ho robia d\u00f4veryhodnou vo\u013ebou.<\/p>\n<p>Ak ste pripraven\u00ed urobi\u0165 \u010fal\u0161\u00ed krok, pora\u010fte sa so svoj\u00edm poskytovate\u013eom zdravotnej starostlivosti o Genheal Semaglutide. S n\u00e1le\u017eit\u00fdm lek\u00e1rskym doh\u013eadom, zdravou stravou a pravideln\u00fdm cvi\u010den\u00edm v\u00e1m Genheal Semaglutid m\u00f4\u017ee pom\u00f4c\u0165 dosiahnu\u0165 va\u0161e ciele chudnutia a prija\u0165 zdrav\u0161ie, sebavedomej\u0161ie ja. Za\u010dnite svoju cestu dnes s Genheal Semaglutidom a odomknite jasnej\u0161iu bud\u00facnos\u0165!<\/p>\n","protected":false},"excerpt":{"rendered":"<p>Genheal Semaglutid s <strong>semaglutidom<\/strong> je siln\u00fd liek na chudnutie, ktor\u00fd potl\u00e1\u010da chu\u0165 do jedla a podporuje spa\u013eovanie tukov. Genheal Semaglutid v\u00e1m pom\u00e1ha dosiahnu\u0165 kalorick\u00fd deficit pre udr\u017eate\u013en\u00e9 chudnutie. <strong>Ide\u00e1lny pre t\u00fdch, ktor\u00ed chc\u00fa zhodi\u0165 nadbyto\u010dn\u00fd tuk, Genheal Semaglutid funguje najlep\u0161ie v kombin\u00e1cii so zdravou stravou a cvi\u010den\u00edm.<\/strong> Za\u010dnite svoju transform\u00e1ciu dnes!<\/p>\n","protected":false},"featured_media":0,"comment_status":"open","ping_status":"closed","template":"","meta":{"_acf_changed":false},"product_brand":[],"product_cat":[39],"product_tag":[],"class_list":{"0":"post-651","1":"product","2":"type-product","3":"status-publish","5":"product_cat-semaglutide-sk","7":"first","8":"instock","9":"shipping-taxable","10":"purchasable","11":"product-type-simple"},"acf":[],"_links":{"self":[{"href":"https:\/\/fatburner.to\/sk\/wp-json\/wp\/v2\/product\/651","targetHints":{"allow":["GET"]}}],"collection":[{"href":"https:\/\/fatburner.to\/sk\/wp-json\/wp\/v2\/product"}],"about":[{"href":"https:\/\/fatburner.to\/sk\/wp-json\/wp\/v2\/types\/product"}],"replies":[{"embeddable":true,"href":"https:\/\/fatburner.to\/sk\/wp-json\/wp\/v2\/comments?post=651"}],"wp:attachment":[{"href":"https:\/\/fatburner.to\/sk\/wp-json\/wp\/v2\/media?parent=651"}],"wp:term":[{"taxonomy":"product_brand","embeddable":true,"href":"https:\/\/fatburner.to\/sk\/wp-json\/wp\/v2\/product_brand?post=651"},{"taxonomy":"product_cat","embeddable":true,"href":"https:\/\/fatburner.to\/sk\/wp-json\/wp\/v2\/product_cat?post=651"},{"taxonomy":"product_tag","embeddable":true,"href":"https:\/\/fatburner.to\/sk\/wp-json\/wp\/v2\/product_tag?post=651"}],"curies":[{"name":"wp","href":"https:\/\/api.w.org\/{rel}","templated":true}]}}