{"id":654,"date":"2025-09-16T17:49:14","date_gmt":"2025-09-16T17:49:14","guid":{"rendered":"https:\/\/fatburner.to\/termek\/tekko-sibutramine-hydrochloride-20mg\/"},"modified":"2025-09-19T07:58:31","modified_gmt":"2025-09-19T07:58:31","slug":"tekko-sibutramine-hydrochloride-20mg","status":"publish","type":"product","link":"https:\/\/fatburner.to\/sk\/produkt\/tekko-sibutramine-hydrochloride-20mg\/","title":{"rendered":"Tekko &#8211; Sibutramine Hydrochloride 20mg"},"content":{"rendered":"<h1>Tekko Sibutram\u00edn: V\u00e1\u0161 sprievodca efekt\u00edvnym chudnut\u00edm so Sibutram\u00edn hydrochloridom 20 mg<\/h1>\n<p>Ste pripraven\u00ed prevzia\u0165 kontrolu nad svojou cestou chudnutia a dosiahnu\u0165 \u0161t\u00edhlej\u0161ie, zdrav\u0161ie ja? Tekko Sibutram\u00edn, liek na predpis obsahuj\u00faci 20 mg sibutram\u00edn hydrochloridu na tabletu, je navrhnut\u00fd tak, aby v\u00e1m pomohol zbavi\u0165 sa nadbyto\u010dn\u00fdch kilogramov a dosiahnu\u0165 va\u0161e fitness ciele. \u0160iroko uzn\u00e1van\u00fd vo fitness komunit\u00e1ch pre svoje \u00fa\u010dinky potl\u00e1\u010daj\u00face chu\u0165 do jedla, Tekko Sibutram\u00edn je ide\u00e1lny pre dospel\u00fdch, ktor\u00ed bojuj\u00fa s obezitou alebo zdravotn\u00fdmi probl\u00e9mami s\u00favisiacimi s hmotnos\u0165ou. <strong>S Tekko Sibutram\u00ednom m\u00f4\u017eete potla\u010di\u0165 chu\u0165 do jedla a podpori\u0165 spa\u013eovanie tukov, \u010d\u00edm sa chudnutie st\u00e1va dosiahnute\u013enej\u0161\u00edm.<\/strong> V tomto sprievodcovi presk\u00famame \u00fa\u010dinn\u00fa l\u00e1tku, jej mechanizmy \u00fa\u010dinku a pre\u010do je Tekko Sibutram\u00edn d\u00f4veryhodnou vo\u013ebou pre t\u00fdch, ktor\u00ed s\u00fa odhodlan\u00ed transformova\u0165 svoje zdravie, \u010derpaj\u00fac z klinick\u00fdch \u0161t\u00fadi\u00ed, recenzi\u00ed pou\u017e\u00edvate\u013eov na fitness f\u00f3rach a dostupn\u00fdch produktov\u00fdch inform\u00e1ci\u00ed.<\/p>\n<h2>\u010co je Tekko Sibutram\u00edn a ako podporuje chudnutie?<\/h2>\n<p>Tekko Sibutram\u00edn od spolo\u010dnosti Tekko je or\u00e1lny liek obsahuj\u00faci sibutram\u00edn hydrochlorid, inhib\u00edtor sp\u00e4tn\u00e9ho vychyt\u00e1vania seroton\u00ednu a noradrenal\u00ednu (SNRI), zn\u00e1my pre svoje siln\u00e9 vlastnosti potl\u00e1\u010daj\u00face chu\u0165 do jedla. Je ur\u010den\u00fd pre dospel\u00fdch s obezitou (BMI \u226530) alebo nadv\u00e1hou (BMI \u226527) s ochoreniami ako cukrovka 2. typu, hypertenzia alebo vysok\u00fd cholesterol. <strong>Tekko Sibutram\u00edn v\u00e1m pom\u00e1ha dosiahnu\u0165 kalorick\u00fd deficit zn\u00ed\u017een\u00edm hladu a posilnen\u00edm pocitu s\u00fdtosti, \u010d\u00edm u\u013eah\u010duje dodr\u017eiavanie zdravej stravy.<\/strong> Tento liek je obzvl\u00e1\u0161\u0165 efekt\u00edvny pre jednotlivcov, ktor\u00ed bojuj\u00fa s prejedan\u00edm, ako je uveden\u00e9 na fitness f\u00f3rach ako Bodybuilding.com.<\/p>\n<p>Sibutram\u00edn, \u00fa\u010dinn\u00e1 l\u00e1tka, p\u00f4sob\u00ed zv\u00fd\u0161en\u00edm hlad\u00edn seroton\u00ednu a noradrenal\u00ednu v mozgu, ktor\u00e9 reguluj\u00fa chu\u0165 do jedla a s\u00fdtos\u0165. V\u00fdberom Tekko Sibutram\u00ednu sa rozhodujete pre liek, ktor\u00fd nielen potl\u00e1\u010da chu\u0165 do jedla, ale m\u00f4\u017ee aj zv\u00fd\u0161i\u0165 energetick\u00fd v\u00fddaj, \u010d\u00edm podporuje \u00fabytok tukov. Klinick\u00e9 \u0161t\u00fadie, ako napr\u00edklad \u0161t\u00fadia PRIMAVERA, uk\u00e1zali, \u017ee sibutram\u00edn m\u00f4\u017ee vies\u0165 k 5-10 % \u00fabytku hmotnosti za 6-12 mesiacov pri kombin\u00e1cii so zmenami \u017eivotn\u00e9ho \u0161t\u00fdlu, \u010do rob\u00ed Tekko Sibutram\u00edn siln\u00fdm n\u00e1strojom pre mana\u017ement obezity.<\/p>\n<h3>\u00da\u010dinn\u00e1 l\u00e1tka: sibutram\u00edn hydrochlorid<\/h3>\n<p>\u00da\u010dinnos\u0165 Tekko Sibutram\u00ednu z\u00e1vis\u00ed od jeho \u00fa\u010dinnej l\u00e1tky, <strong>sibutram\u00edn hydrochlorid monohydr\u00e1tu<\/strong>, bieleho a\u017e kr\u00e9mov\u00e9ho kry\u0161talick\u00e9ho pr\u00e1\u0161ku s rozpustnos\u0165ou 2,9 mg\/ml vo vode s pH 5,2. T\u00e1to zl\u00fa\u010denina p\u00f4sob\u00ed ako SNRI, zvy\u0161uje hladiny seroton\u00ednu, noradrenal\u00ednu a v men\u0161ej miere dopam\u00ednu v mozgu, aby posilnila s\u00fdtos\u0165 a zn\u00ed\u017eila pr\u00edjem potravy. <strong>Tekko Sibutram\u00edn vyu\u017e\u00edva schopnos\u0165 sibutram\u00ednu potl\u00e1\u010da\u0165 chu\u0165 do jedla, pom\u00e1ha v\u00e1m c\u00edti\u0165 sa spokojne s men\u0161\u00edmi porciami a zni\u017euje chute na vysokokalorick\u00e9 potraviny.<\/strong> To u\u013eah\u010duje udr\u017eanie kalorick\u00e9ho deficitu, ako je zd\u00f4raznen\u00e9 v recenzi\u00e1ch pou\u017e\u00edvate\u013eov na f\u00f3rach o chudnut\u00ed.<\/p>\n<p>Sibutram\u00edn bol vyvinut\u00fd v roku 1988 spolo\u010dnos\u0165ou Boots vo Ve\u013ekej Brit\u00e1nii a z\u00edskal schv\u00e1lenie FDA v roku 1997 na lie\u010dbu obezity pod zna\u010dkami ako Meridia a Reductil. Jeho prim\u00e1rne metabolity, desmetylsibutram\u00edn (M1) a didesmetylsibutram\u00edn (M2), s\u00fa potentnej\u0161ie ako matersk\u00e1 zl\u00fa\u010denina a v\u00fdznamne prispievaj\u00fa k jeho \u00fa\u010dinkom na chudnutie. Hoci bol v roku 2010 stiahnut\u00fd z mnoh\u00fdch trhov kv\u00f4li kardiovaskul\u00e1rnym rizik\u00e1m, Tekko Sibutram\u00edn zost\u00e1va dostupn\u00fd v niektor\u00fdch regi\u00f3noch pod pr\u00edsnym lek\u00e1rskym doh\u013eadom, pon\u00fakaj\u00fac spo\u013eahliv\u00fa mo\u017enos\u0165 pre vhodn\u00fdch pacientov, ako je uveden\u00e9 v popisoch produktu.<\/p>\n<h2>Ako Tekko Sibutram\u00edn podporuje chudnutie?<\/h2>\n<p>Tekko Sibutram\u00edn podporuje chudnutie prostredn\u00edctvom du\u00e1lneho mechanizmu \u00fa\u010dinku, ktor\u00fd cieli na potla\u010denie chuti do jedla a potenci\u00e1lne zvy\u0161uje energetick\u00fd v\u00fddaj. Inhib\u00edciou sp\u00e4tn\u00e9ho vychyt\u00e1vania seroton\u00ednu a noradrenal\u00ednu sibutram\u00edn posil\u0148uje sign\u00e1ly s\u00fdtosti, \u010d\u00edm v\u00e1m pom\u00e1ha jes\u0165 menej bez pocitu depriv\u00e1cie. <strong>T\u00e1to kontrola chuti do jedla rob\u00ed Tekko Sibutram\u00edn siln\u00fdm spojencom pri dosahovan\u00ed udr\u017eate\u013en\u00e9ho chudnutia.<\/strong> Niektor\u00e9 \u0161t\u00fadie nazna\u010duj\u00fa, \u017ee sibutram\u00edn m\u00f4\u017ee stimulova\u0165 termogen\u00e9zu, \u010d\u00edm zvy\u0161uje spa\u013eovanie kal\u00f3ri\u00ed v pokoji, hoci tento efekt je u \u013eud\u00ed menej potvrden\u00fd.<\/p>\n<p>Na rozdiel od star\u0161\u00edch potla\u010dova\u010dov chuti do jedla, ako je fenfluram\u00edn, sibutram\u00edn nesp\u00f4sobuje uvo\u013e\u0148ovanie neurotransmiterov, \u010d\u00edm zni\u017euje riziko neurotoxicity. Jeho \u00fa\u010dinky s\u00fa sprostredkovan\u00e9 cez jeho akt\u00edvne metabolity, ktor\u00e9 s\u00fa vysoko efekt\u00edvne pri inhib\u00edcii sp\u00e4tn\u00e9ho vychyt\u00e1vania monoam\u00ednov, \u010d\u00edm zabezpe\u010duj\u00fa cielen\u00fd pr\u00edstup k mana\u017ementu hmotnosti. Recenzie pou\u017e\u00edvate\u013eov na fitness f\u00f3rach zd\u00f4raz\u0148uj\u00fa schopnos\u0165 Tekko Sibutram\u00ednu zni\u017eova\u0165 chute na jedlo, \u010d\u00edm u\u013eah\u010duj\u00fa dodr\u017eiavanie n\u00edzkokalorickej di\u00e9ty a dosiahnutie v\u00fdrazn\u00e9ho \u00fabytku hmotnosti.<\/p>\n<h3>Veda za mechanizmom chudnutia sibutram\u00ednu<\/h3>\n<p>Tekko Sibutram\u00edn cieli na hypotalamus, oblas\u0165 mozgu zodpovedn\u00fa za regul\u00e1ciu hladu a energetickej rovnov\u00e1hy. Zv\u00fd\u0161en\u00edm hlad\u00edn seroton\u00ednu a noradrenal\u00ednu v synaptickej \u0161trbine sibutram\u00edn posil\u0148uje sign\u00e1ly s\u00fdtosti, \u010d\u00edm zni\u017euje celkov\u00fd pr\u00edjem potravy. \u0160t\u00fadia PRIMAVERA, zah\u0155\u0148aj\u00faca 98 774 pacientov, uviedla priemern\u00fa redukciu BMI o 7,2 kg\/m\u00b2 po 12 mesiacoch, s a\u017e 19,7 % \u00fabytkom telesnej hmotnosti v niektor\u00fdch pr\u00edpadoch. <strong>Tekko Sibutram\u00edn podporuje konzistentn\u00e9 chudnutie u\u013eah\u010den\u00edm dodr\u017eiavania n\u00edzkokalorickej di\u00e9ty bez neust\u00e1leho hladu.<\/strong><\/p>\n<p>Sibutram\u00edn je r\u00fdchlo absorbovan\u00fd z gastrointestin\u00e1lneho traktu, dosahuje vrcholov\u00e9 plazmatick\u00e9 hladiny pribli\u017ene za 1 hodinu, pri\u010dom jeho akt\u00edvne metabolity (M1 a M2) dosahuj\u00fa vrchol za 3-4 hodiny a maj\u00fa pol\u010dasy rozpadu 14-16 hod\u00edn. Je metabolizovan\u00fd pe\u010de\u0148ov\u00fdm enz\u00fdmom cytochr\u00f3mu P450 (3A4), ktor\u00fd produkuje dva akt\u00edvne metabolity, ktor\u00e9 s\u00fa potentnej\u0161ie pri inhib\u00edcii sp\u00e4tn\u00e9ho vychyt\u00e1vania neurotransmiterov. Okrem toho sibutram\u00edn m\u00f4\u017ee zv\u00fd\u0161i\u0165 termogen\u00e9zu aktiv\u00e1ciou beta-3 adrenoreceptorov v hnedom tukovom tkanive, potenci\u00e1lne zvy\u0161uj\u00fac spa\u013eovanie kal\u00f3ri\u00ed a\u017e o 30 % v \u0161t\u00fadi\u00e1ch na zvierat\u00e1ch, hoci \u00fadaje u \u013eud\u00ed s\u00fa menej jednozna\u010dn\u00e9. V\u0161estrann\u00fd pr\u00edstup Tekko Sibutram\u00ednu ho rob\u00ed efekt\u00edvnym pre chudnutie, ako je podporen\u00e9 klinick\u00fdmi \u0161t\u00fadiami a sp\u00e4tnou v\u00e4zbou pou\u017e\u00edvate\u013eov.<\/p>\n<h4>Ako Tekko Sibutram\u00edn sp\u00fa\u0161\u0165a spa\u013eovanie tukov<\/h4>\n<p>Tekko Sibutram\u00edn priamo nespaluje tuky, ale vytv\u00e1ra podmienky, aby to va\u0161e telo urobilo, zn\u00ed\u017een\u00edm chuti do jedla. Pom\u00e1ha v\u00e1m konzumova\u0165 menej kal\u00f3ri\u00ed, \u010do vedie k kalorick\u00e9mu deficitu, \u010d\u00edm podnecuje va\u0161e telo \u010derpa\u0165 energiu z ulo\u017een\u00fdch tukov\u00fdch z\u00e1sob. Klinick\u00e9 \u0161t\u00fadie, ako napr\u00edklad \u0161t\u00fadia STORM, uk\u00e1zali, \u017ee 47,3 % pou\u017e\u00edvate\u013eov sibutram\u00ednu dosiahlo aspo\u0148 5 % \u00fabytok hmotnosti za jeden rok v porovnan\u00ed s 19,1 % pri placebe. <strong>Tekko Sibutram\u00edn u\u013eah\u010duje dosiahnutie a udr\u017eanie kalorick\u00e9ho deficitu, najm\u00e4 v kombin\u00e1cii s pravideln\u00fdm cvi\u010den\u00edm a vyv\u00e1\u017eenou stravou.<\/strong><\/p>\n<p>Potenci\u00e1lne termog\u00e9nne \u00fa\u010dinky sibutram\u00ednu m\u00f4\u017eu \u010falej zlep\u0161i\u0165 spa\u013eovanie tukov zv\u00fd\u0161en\u00edm baz\u00e1lneho metabolick\u00e9ho tempa, ako bolo pozorovan\u00e9 v \u0161t\u00fadi\u00e1ch na zvierat\u00e1ch, kde spotreba kysl\u00edka vzr\u00e1stla a\u017e o 30 %. U \u013eud\u00ed pou\u017e\u00edvatelia sibutram\u00ednu hl\u00e1sili zn\u00ed\u017eenie obvodu p\u00e1sa a viscer\u00e1lneho tuku, \u010do je spojen\u00e9 s metabolick\u00fdmi zlep\u0161eniami. Fitness f\u00f3ra zd\u00f4raz\u0148uj\u00fa schopnos\u0165 Tekko Sibutram\u00ednu pom\u00f4c\u0165 pou\u017e\u00edvate\u013eom strati\u0165 5-10 kg za p\u00e1r mesiacov pri spr\u00e1vnom pou\u017eit\u00ed, \u010do z neho rob\u00ed siln\u00fd n\u00e1stroj na \u00fabytok tukov.<\/p>\n<h3>\u00daloha Tekko Sibutram\u00ednu v dlhodobom mana\u017emente hmotnosti<\/h3>\n<p>Udr\u017eanie \u00fabytku hmotnosti je \u010dasto n\u00e1ro\u010dnej\u0161ie ako jeho po\u010diato\u010dn\u00e9 dosiahnutie. Tekko Sibutram\u00edn je navrhnut\u00fd na pou\u017eitie a\u017e jeden rok pod lek\u00e1rskym doh\u013eadom, pom\u00e1ha v\u00e1m udr\u017ea\u0165 pokrok po po\u010diato\u010dnej f\u00e1ze chudnutia. \u0160t\u00fadia STORM uk\u00e1zala, \u017ee 43 % pou\u017e\u00edvate\u013eov sibutram\u00ednu udr\u017ealo aspo\u0148 80 % svojho \u00fabytku hmotnosti po 18 mesiacoch v porovnan\u00ed s 16 % pri placebe. <strong>Tekko Sibutram\u00edn podporuje dlhodob\u00fd mana\u017ement hmotnosti t\u00fdm, \u017ee v\u00e1m pom\u00e1ha vybudova\u0165 udr\u017eate\u013en\u00e9 stravovacie n\u00e1vyky.<\/strong> Jeho \u00fa\u010dinky potl\u00e1\u010daj\u00face chu\u0165 do jedla zabezpe\u010duj\u00fa, \u017ee m\u00f4\u017eete dlhodobo dodr\u017eiava\u0165 n\u00edzkokalorick\u00fa di\u00e9tu.<\/p>\n<p>Tekko Sibutram\u00edn je najefekt\u00edvnej\u0161\u00ed v kombin\u00e1cii so zmenami \u017eivotn\u00e9ho \u0161t\u00fdlu, ako je v\u00fd\u017eivn\u00e1 strava a pravideln\u00e1 fyzick\u00e1 aktivita. V\u00e1\u0161 lek\u00e1r bude sledova\u0165 v\u00e1\u0161 pokrok po 4 t\u00fd\u017ed\u0148och, aby zabezpe\u010dil aspo\u0148 2 kg \u00fabytok hmotnosti. Ak tento cie\u013e nie je splnen\u00fd alebo ak op\u00e4\u0165 priberiete 3 kg alebo viac, lie\u010dba m\u00f4\u017ee by\u0165 preru\u0161en\u00e1. Recenzie pou\u017e\u00edvate\u013eov na f\u00f3rach o chudnut\u00ed zd\u00f4raz\u0148uj\u00fa d\u00f4le\u017eitos\u0165 kombin\u00e1cie Tekko Sibutram\u00ednu s cvi\u010den\u00edm na udr\u017eanie v\u00fdsledkov, \u010d\u00edm pod\u010diarkuj\u00fa jeho \u00falohu v \u0161trukt\u00farovanom mana\u017emente hmotnosti.<\/p>\n<h2>D\u00f4le\u017eit\u00e9 \u00favahy pri pou\u017e\u00edvan\u00ed Tekko Sibutram\u00ednu<\/h2>\n<p>Tekko Sibutram\u00edn je siln\u00fd n\u00e1stroj na chudnutie, ale nie je vhodn\u00fd pre ka\u017ed\u00e9ho. Je kontraindikovan\u00fd pre osoby s anamn\u00e9zou kardiovaskul\u00e1rnych ochoren\u00ed, nekontrolovanou hypertenziou, poruchami pr\u00edjmu potravy alebo t\u00fdmi, ktor\u00ed u\u017e\u00edvaj\u00fa inhib\u00edtory monoaminooxid\u00e1zy (MAOI) kv\u00f4li riziku seroton\u00ednov\u00e9ho syndr\u00f3mu. <strong>V\u017edy sa pora\u010fte so svoj\u00edm poskytovate\u013eom zdravotnej starostlivosti pred za\u010dat\u00edm u\u017e\u00edvania Tekko Sibutram\u00ednu, aby ste sa uistili, \u017ee je bezpe\u010dn\u00fd pre va\u0161e zdravotn\u00e9 potreby.<\/strong> Liek bol v roku 2010 stiahnut\u00fd z mnoh\u00fdch trhov kv\u00f4li kardiovaskul\u00e1rnym rizik\u00e1m, ale zost\u00e1va dostupn\u00fd v niektor\u00fdch regi\u00f3noch pod pr\u00edsnym doh\u013eadom.<\/p>\n<p>Be\u017en\u00e9 ved\u013eaj\u0161ie \u00fa\u010dinky zah\u0155\u0148aj\u00fa sucho v \u00fastach, z\u00e1pchu, nespavos\u0165 a mierne zv\u00fd\u0161enie srdcovej frekvencie alebo krvn\u00e9ho tlaku, ktor\u00e9 vy\u017eaduj\u00fa pravideln\u00e9 monitorovanie. V\u00e1\u017ene rizik\u00e1, ako s\u00fa srdcov\u00e9 arytmie alebo m\u0155tvica, s\u00fa zriedkav\u00e9, ale vy\u017eaduj\u00fa okam\u017eit\u00fa lek\u00e1rsku pozornos\u0165. Bioniche Pharma odpor\u00fa\u010da u\u017e\u00edva\u0165 Tekko Sibutram\u00edn raz denne r\u00e1no, s maxim\u00e1lne dvoma 20 mg tabletami, a vyhn\u00fa\u0165 sa d\u00e1vkam neskoro po\u010das d\u0148a, aby sa predi\u0161lo nespavosti. Zodpovedn\u00e9 pou\u017e\u00edvanie pod lek\u00e1rskym doh\u013eadom je k\u013e\u00fa\u010dov\u00e9 na minimaliz\u00e1ciu riz\u00edk.<\/p>\n<h3>Pre\u010do je Tekko Sibutram\u00edn efekt\u00edvny na chudnutie?<\/h3>\n<p>\u00da\u010dinnos\u0165 Tekko Sibutram\u00ednu spo\u010d\u00edva v jeho schopnosti cieli\u0165 na hlavn\u00e9 pr\u00ed\u010diny prejedania. Zv\u00fd\u0161en\u00edm hlad\u00edn seroton\u00ednu a noradrenal\u00ednu podporuje s\u00fdtos\u0165 a zni\u017euje t\u00fa\u017ebu po vysokokalorick\u00fdch potravin\u00e1ch. <strong>Klinick\u00e9 \u0161t\u00fadie ukazuj\u00fa, \u017ee Tekko Sibutram\u00edn m\u00f4\u017ee pom\u00f4c\u0165 75 % pacientov dosiahnu\u0165 aspo\u0148 5 % \u00fabytok hmotnosti pri d\u00e1vke 15 mg, \u010do z neho rob\u00ed spo\u013eahliv\u00fa mo\u017enos\u0165 pre mana\u017ement obezity.<\/strong> Zlep\u0161uje aj metabolick\u00e9 markery, ako je citlivos\u0165 na inzul\u00edn a lipidov\u00e9 profily, najm\u00e4 u pacientov s cukrovkou 2. typu.<\/p>\n<p>\u0160t\u00fadia PRIMAVERA uviedla zn\u00ed\u017eenie obvodu p\u00e1sa, triglyceridov a hlad\u00edn glykohemoglob\u00ednu, \u010d\u00edm zd\u00f4raz\u0148uje \u0161ir\u0161ie zdravotn\u00e9 pr\u00ednosy Tekko Sibutram\u00ednu. Recenzie pou\u017e\u00edvate\u013eov na fitness f\u00f3rach chv\u00e1lia jeho schopnos\u0165 zni\u017eova\u0165 chute na jedlo a podporova\u0165 v\u00fdrazn\u00e9 chudnutie, pri\u010dom niektor\u00ed hl\u00e1sia men\u0161\u00ed obvod p\u00e1sa u\u017e po t\u00fd\u017ed\u0148och. S n\u00e1le\u017eit\u00fdm lek\u00e1rskym doh\u013eadom m\u00f4\u017ee by\u0165 Tekko Sibutram\u00edn transforma\u010dn\u00fdm n\u00e1strojom pre t\u00fdch, ktor\u00ed h\u013eadaj\u00fa udr\u017eate\u013en\u00e9 chudnutie.<\/p>\n<h2>Pre\u010do si vybra\u0165 Tekko Sibutram\u00edn pre va\u0161u cestu chudnutia?<\/h2>\n<p>Tekko Sibutram\u00edn pon\u00faka vedecky overen\u00fd pr\u00edstup k chudnutiu pre t\u00fdch, ktor\u00ed bojuj\u00fa s obezitou. Jeho \u00fa\u010dinn\u00e1 l\u00e1tka, sibutram\u00edn hydrochlorid, potl\u00e1\u010da chu\u0165 do jedla a m\u00f4\u017ee podpori\u0165 metabolizmus, \u010d\u00edm v\u00e1m pom\u00e1ha dosiahnu\u0165 kalorick\u00fd deficit a efekt\u00edvne spa\u013eova\u0165 tuky. <strong>S Tekko Sibutram\u00ednom m\u00f4\u017eete z\u00edska\u0165 kontrolu nad svoj\u00edm hladom a za\u010da\u0165 svoju cestu k \u0161t\u00edhlej\u0161iemu, zdrav\u0161iemu ja.<\/strong> Jeho poves\u0165 vo fitness komunit\u00e1ch a vysoko kvalitn\u00e1 formul\u00e1cia ho robia d\u00f4veryhodnou vo\u013ebou.<\/p>\n<p>Ak ste pripraven\u00ed transformova\u0165 svoje zdravie, pora\u010fte sa so svoj\u00edm poskytovate\u013eom zdravotnej starostlivosti o Tekko Sibutram\u00edne. S n\u00e1le\u017eit\u00fdm lek\u00e1rskym doh\u013eadom, n\u00edzkokalorickou di\u00e9tou a pravideln\u00fdm cvi\u010den\u00edm v\u00e1m Tekko Sibutram\u00edn m\u00f4\u017ee pom\u00f4c\u0165 dosiahnu\u0165 va\u0161e ciele chudnutia a prija\u0165 jasnej\u0161iu, zdrav\u0161iu bud\u00facnos\u0165. Za\u010dnite svoju cestu dnes s Tekko Sibutram\u00ednom a objavte nov\u00fa \u00farove\u0148 sebad\u00f4very!<\/p>\n","protected":false},"excerpt":{"rendered":"<p>Tekko Sibutram\u00edn s <strong>sibutram\u00edn hydrochloridom<\/strong> je siln\u00fd liek na chudnutie, ktor\u00fd potl\u00e1\u010da chu\u0165 do jedla a podporuje spa\u013eovanie tukov. Tekko Sibutram\u00edn v\u00e1m pom\u00e1ha dosiahnu\u0165 kalorick\u00fd deficit pre efekt\u00edvne chudnutie. <strong>Ide\u00e1lny pre t\u00fdch, ktor\u00ed chc\u00fa zhodi\u0165 nadbyto\u010dn\u00fd tuk, Tekko Sibutram\u00edn funguje najlep\u0161ie v kombin\u00e1cii so zdravou stravou a cvi\u010den\u00edm.<\/strong> Za\u010dnite svoju transform\u00e1ciu dnes!<\/p>\n","protected":false},"featured_media":0,"comment_status":"open","ping_status":"closed","template":"","meta":{"_acf_changed":false},"product_brand":[],"product_cat":[40],"product_tag":[],"class_list":{"0":"post-654","1":"product","2":"type-product","3":"status-publish","5":"product_cat-sibutramine-sk","7":"first","8":"instock","9":"shipping-taxable","10":"purchasable","11":"product-type-simple"},"acf":[],"_links":{"self":[{"href":"https:\/\/fatburner.to\/sk\/wp-json\/wp\/v2\/product\/654","targetHints":{"allow":["GET"]}}],"collection":[{"href":"https:\/\/fatburner.to\/sk\/wp-json\/wp\/v2\/product"}],"about":[{"href":"https:\/\/fatburner.to\/sk\/wp-json\/wp\/v2\/types\/product"}],"replies":[{"embeddable":true,"href":"https:\/\/fatburner.to\/sk\/wp-json\/wp\/v2\/comments?post=654"}],"wp:attachment":[{"href":"https:\/\/fatburner.to\/sk\/wp-json\/wp\/v2\/media?parent=654"}],"wp:term":[{"taxonomy":"product_brand","embeddable":true,"href":"https:\/\/fatburner.to\/sk\/wp-json\/wp\/v2\/product_brand?post=654"},{"taxonomy":"product_cat","embeddable":true,"href":"https:\/\/fatburner.to\/sk\/wp-json\/wp\/v2\/product_cat?post=654"},{"taxonomy":"product_tag","embeddable":true,"href":"https:\/\/fatburner.to\/sk\/wp-json\/wp\/v2\/product_tag?post=654"}],"curies":[{"name":"wp","href":"https:\/\/api.w.org\/{rel}","templated":true}]}}