{"id":663,"date":"2025-09-16T17:50:04","date_gmt":"2025-09-16T17:50:04","guid":{"rendered":"https:\/\/fatburner.to\/termek\/bm-clenbuterol-40mg\/"},"modified":"2025-09-19T08:57:18","modified_gmt":"2025-09-19T08:57:18","slug":"bm-clenbuterol-40mg","status":"publish","type":"product","link":"https:\/\/fatburner.to\/sk\/produkt\/bm-clenbuterol-40mg\/","title":{"rendered":"B.M. Pharmaceuticals &#8211; Clenbuterol 40mg"},"content":{"rendered":"<h1>Spiropent: V\u00e1\u0161 sprievodca efekt\u00edvnym chudnut\u00edm s Clenbuterolom 40 mcg od B.M. Pharmaceuticals<\/h1>\n<p>Ste pripraven\u00ed zbavi\u0165 sa nadbyto\u010dn\u00fdch kilogramov a vytvarova\u0165 si \u0161t\u00edhlej\u0161iu, zdrav\u0161iu postavu? Spiropent, vyr\u00e1ban\u00fd spolo\u010dnos\u0165ou B.M. Pharmaceuticals, je v\u00fdkonn\u00fd doplnok na chudnutie obsahuj\u00faci 40 mcg clenbuterol hydrochloridu na tabletu, navrhnut\u00fd tak, aby v\u00e1m pomohol spa\u013eova\u0165 tuky a dosiahnu\u0165 va\u0161e fitness ciele. Zn\u00e1my vo fitness a kulturistick\u00fdch komunit\u00e1ch, Spiropent je oslavovan\u00fd pre svoju schopnos\u0165 podporova\u0165 \u00fabytok tukov pri zachovan\u00ed svalovej hmoty. <strong>So Spiropentom m\u00f4\u017eete podpori\u0165 svoj metabolizmus a ur\u00fdchli\u0165 spa\u013eovanie tukov, \u010d\u00edm \u013eah\u0161ie dosiahnete svoj vysn\u00edvan\u00fd vzh\u013ead.<\/strong> V tomto sprievodcovi presk\u00famame \u00fa\u010dinn\u00fa l\u00e1tku, ako podporuje chudnutie a pre\u010do je Spiropent od B.M. Pharmaceuticals d\u00f4veryhodnou vo\u013ebou, \u010derpaj\u00fac z klinick\u00fdch \u0161t\u00fadi\u00ed, recenzi\u00ed pou\u017e\u00edvate\u013eov na fitness f\u00f3rach a inform\u00e1ci\u00ed od v\u00fdrobcu.<\/p>\n<h2>\u010co je Spiropent a ako podporuje chudnutie?<\/h2>\n<p>Spiropent od B.M. Pharmaceuticals je or\u00e1lny doplnok obsahuj\u00faci clenbuterol hydrochlorid, agonista beta-2 adrenergn\u00fdch receptorov, zn\u00e1my pre svoje termog\u00e9nne a tuk spa\u013euj\u00face vlastnosti. P\u00f4vodne vyvinut\u00fd ako bronchodilat\u00e1tor na lie\u010dbu astmy, Spiropent je \u0161iroko pou\u017e\u00edvan\u00fd nepovolene fitness nad\u0161encami a kulturistami pre svoju schopnos\u0165 podporova\u0165 \u00fabytok tukov. <strong>Spiropent v\u00e1m pom\u00e1ha dosiahnu\u0165 kalorick\u00fd deficit zv\u00fd\u0161en\u00edm metabolick\u00e9ho tempa a potla\u010den\u00edm chuti do jedla, \u010d\u00edm pripravuje cestu pre efekt\u00edvne chudnutie.<\/strong> Je obzvl\u00e1\u0161\u0165 popul\u00e1rny po\u010das f\u00e1z strihania, kde je cie\u013eom zn\u00ed\u017eenie telesn\u00e9ho tuku pri zachovan\u00ed \u0161t\u00edhlej svalovej hmoty, ako je uveden\u00e9 v recenzi\u00e1ch pou\u017e\u00edvate\u013eov na platform\u00e1ch ako Bodybuilding.com.<\/p>\n<p>Clenbuterol hydrochlorid, \u00fa\u010dinn\u00e1 l\u00e1tka, stimuluje beta-2 receptory v tele, \u010d\u00edm sp\u00fa\u0161\u0165a metabolick\u00e9 procesy, ktor\u00e9 zvy\u0161uj\u00fa oxid\u00e1ciu tukov a energetick\u00fd v\u00fddaj. V\u00fdberom Spiropentu sa rozhodujete pre doplnok, ktor\u00fd dop\u013a\u0148a zdrav\u00fa stravu a cvi\u010debn\u00fd re\u017eim, aby v\u00e1m pomohol zbavi\u0165 sa tvrdohlav\u00e9ho tuku. Hoci nie je v Spojen\u00fdch \u0161t\u00e1toch schv\u00e1len\u00fd pre \u013eudsk\u00e9 pou\u017eitie, Spiropent je dostupn\u00fd v niektor\u00fdch regi\u00f3noch na lek\u00e1rske \u00fa\u010dely a pou\u017e\u00edva sa nepovolene na chudnutie pod pr\u00edsnym lek\u00e1rskym doh\u013eadom, ako je zd\u00f4raznen\u00e9 v diskusi\u00e1ch na fitness f\u00f3rach a inform\u00e1ci\u00e1ch od v\u00fdrobcu.<\/p>\n<h3>\u00da\u010dinn\u00e1 l\u00e1tka: clenbuterol hydrochlorid<\/h3>\n<p>\u00da\u010dinnos\u0165 Spiropentu spo\u010d\u00edva v jeho \u00fa\u010dinnej l\u00e1tke, <strong>clenbuterol hydrochloride<\/strong>, sympatomimetickom am\u00edne, ktor\u00fd aktivuje beta-2 adrenergn\u00e9 receptory v tukovom tkanive, kostrovom svale a p\u013e\u00facach. Vyvinut\u00fd v roku 1967 a zaveden\u00fd na lek\u00e1rske pou\u017eitie v roku 1977 ako bronchodilat\u00e1tor na astmu a chronick\u00fa ob\u0161truk\u010dn\u00fa chorobu p\u013e\u00fac (COPD), clenbuterol z\u00edskal sl\u00e1vu pre svoje potenci\u00e1lne vlastnosti spa\u013eovania tukov. <strong>Spiropent vyu\u017e\u00edva termog\u00e9nne vlastnosti clenbuterolu na podporu v\u00e1\u0161ho metabolizmu, \u010d\u00edm v\u00e1m pom\u00e1ha spa\u013eova\u0165 viac kal\u00f3ri\u00ed aj v pokoji.<\/strong> To z neho rob\u00ed ob\u013e\u00faben\u00fd prostriedok pre t\u00fdch, ktor\u00ed chc\u00fa zn\u00ed\u017ei\u0165 telesn\u00fd tuk bez obetovania svalovej hmoty, ako je chv\u00e1len\u00e9 v diskusi\u00e1ch fitness komunity.<\/p>\n<p>V \u0161t\u00fadi\u00e1ch na zvierat\u00e1ch clenbuterol preuk\u00e1zal zn\u00ed\u017eenie tukovej hmoty o 10-15 % pri s\u00fa\u010dasnom zv\u00fd\u0161en\u00ed svalovej hmoty a\u017e o 20 %, proces zn\u00e1my ako reparticionovanie. Spiropent s jeho presnou d\u00e1vkou 40 mcg pon\u00faka spo\u013eahliv\u00fa mo\u017enos\u0165 pre t\u00fdch, ktor\u00ed h\u013eadaj\u00fa tieto v\u00fdhody, hoci mus\u00ed by\u0165 pou\u017e\u00edvan\u00fd zodpovedne kv\u00f4li regula\u010dn\u00fdm obmedzeniam vo viacer\u00fdch krajin\u00e1ch, vr\u00e1tane USA, kde je schv\u00e1len\u00fd len na veterin\u00e1rne pou\u017eitie, ako napr\u00edklad u kon\u00ed na lie\u010dbu ob\u0161trukcie d\u00fdchac\u00edch ciest. Recenzie pou\u017e\u00edvate\u013eov na f\u00f3rach ako AnabolicMinds zd\u00f4raz\u0148uj\u00fa jeho popularitu pre dosiahnutie \u0161t\u00edhlej, definovanej postavy.<\/p>\n<h2>Ako Spiropent podporuje chudnutie?<\/h2>\n<p>Spiropent podporuje \u00fabytok tukov prostredn\u00edctvom viacer\u00fdch mechanizmov, \u010do z neho rob\u00ed v\u00fdnimo\u010dn\u00fd doplnok pre mana\u017ement hmotnosti. Stimul\u00e1ciou beta-2 adrenergn\u00fdch receptorov clenbuterol zvy\u0161uje telesn\u00fa teplotu a metabolick\u00e9 tempo, proces naz\u00fdvan\u00fd termogen\u00e9za. <strong>Tento termog\u00e9nny efekt umo\u017e\u0148uje Spiropentu pom\u00f4c\u0165 v\u00e1m spa\u013eova\u0165 viac kal\u00f3ri\u00ed po\u010das cel\u00e9ho d\u0148a, dokonca aj bez cvi\u010denia.<\/strong> Okrem toho m\u00f4\u017ee clenbuterol potl\u00e1\u010da\u0165 chu\u0165 do jedla, ako uv\u00e1dzaj\u00fa pou\u017e\u00edvatelia na fitness f\u00f3rach, \u010d\u00edm u\u013eah\u010duje dodr\u017eiavanie kaloricky kontrolovanej di\u00e9ty.<\/p>\n<p>Na rozdiel od tradi\u010dn\u00fdch doplnkov na chudnutie, Spiropent m\u00e1 antikatabolick\u00e9 vlastnosti, ktor\u00e9 pom\u00e1haj\u00fa zachova\u0165 \u0161t\u00edhlu svalov\u00fa hmotu po\u010das kalorick\u00e9ho obmedzenia. To z neho rob\u00ed ob\u013e\u00faben\u00fd prostriedok medzi kulturistami po\u010das f\u00e1z strihania, kde je cie\u013eom dosiahnu\u0165 definovan\u00fa postavu. Jeho schopnos\u0165 zlep\u0161i\u0165 dod\u00e1vku kysl\u00edka cez bronchodilat\u00e1ciu zvy\u0161uje v\u00fdkon pri tr\u00e9ningu, \u010do v\u00e1m umo\u017e\u0148uje tr\u00e9nova\u0165 tvrd\u0161ie a spa\u013eova\u0165 viac tuku, ako je uveden\u00e9 v online recenzi\u00e1ch a popisoch v\u00fdrobcu. \u00da\u010dinnos\u0165 Spiropentu je zv\u00fd\u0161en\u00e1 v kombin\u00e1cii s vyv\u00e1\u017eenou stravou a pravideln\u00fdm cvi\u010den\u00edm, ako je zd\u00f4raznen\u00e9 v diskusi\u00e1ch fitness komunity.<\/p>\n<h3>Veda za mechanizmom chudnutia clenbuterolu<\/h3>\n<p>Ke\u010f u\u017e\u00edvate Spiropent, clenbuterol hydrochlorid sa via\u017ee na beta-2 adrenergn\u00e9 receptory v tukovom tkanive a kostrovom svale, \u010d\u00edm aktivuje cesty, ktor\u00e9 zvy\u0161uj\u00fa energetick\u00fd v\u00fddaj. To sp\u00fa\u0161\u0165a uvo\u013e\u0148ovanie cyklick\u00e9ho adenoz\u00ednmonofosf\u00e1tu (cAMP), ktor\u00fd aktivuje prote\u00ednkin\u00e1zu A (PKA) a zvy\u0161uje lipol\u00fdzu \u2013 rozklad ulo\u017een\u00fdch tukov na vo\u013en\u00e9 mastn\u00e9 kyseliny a glycerol. \u0160t\u00fadia z roku 2020 zistila, \u017ee clenbuterol zv\u00fd\u0161il pokojov\u00fd energetick\u00fd v\u00fddaj o 21 % a oxid\u00e1ciu tukov o 39 % u mlad\u00fdch mu\u017eov, \u010d\u00edm uk\u00e1zal svoje siln\u00e9 termog\u00e9nne \u00fa\u010dinky. <strong>Spiropent pres\u00fava zdroj energie v\u00e1\u0161ho tela z uh\u013eohydr\u00e1tov na tukov\u00e9 z\u00e1soby, \u010d\u00edm ur\u00fdch\u013euje \u00fabytok tukov.<\/strong><\/p>\n<p>Clenbuterol stimuluje aj centr\u00e1lny nervov\u00fd syst\u00e9m, \u010d\u00edm zvy\u0161uje bdelos\u0165 a energetick\u00e9 hladiny, \u010do m\u00f4\u017ee zlep\u0161i\u0165 intenzitu a trvanie tr\u00e9ningu. Zlep\u0161en\u00edm dod\u00e1vky kysl\u00edka cez bronchodilat\u00e1ciu Spiropent podporuje lep\u0161iu vytrvalos\u0165 po\u010das kardio a silov\u00fdch tr\u00e9ningov\u00fdch seden\u00ed, ako je uveden\u00e9 v recenzi\u00e1ch pou\u017e\u00edvate\u013eov na fitness f\u00f3rach. Hoci \u0161t\u00fadie na \u013eu\u010foch s\u00fa obmedzen\u00e9, modely na zvierat\u00e1ch uk\u00e1zali v\u00fdrazn\u00fa redukciu tukov a zachovanie svalov, s redukciou tukovej hmoty o 10-15 % u hospod\u00e1rskych zvierat. Spiropent pon\u00faka komplexn\u00fd pr\u00edstup k chudnutiu, kombinuj\u00fac termogen\u00e9zu, potla\u010denie chuti do jedla a zlep\u0161en\u00fd v\u00fdkon pri cvi\u010den\u00ed.<\/p>\n<h4>Ako Spiropent sp\u00fa\u0161\u0165a spa\u013eovanie tukov<\/h4>\n<p>Spiropent podporuje spa\u013eovanie tukov zv\u00fd\u0161en\u00edm v\u00e1\u0161ho baz\u00e1lneho metabolick\u00e9ho tempa (BMR), ktor\u00fd ur\u010duje, ko\u013eko kal\u00f3ri\u00ed va\u0161e telo spa\u013euje v pokoji. Cez termogen\u00e9zu clenbuterol zvy\u0161uje telesn\u00fa teplotu, \u010do sp\u00f4sobuje vy\u0161\u0161\u00ed energetick\u00fd v\u00fddaj. V \u0161t\u00fadi\u00e1ch na zvierat\u00e1ch clenbuterol zn\u00ed\u017eil tukov\u00fa hmotu o 10-15 % a zv\u00fd\u0161il svalov\u00fa hmotu, proces zn\u00e1my ako reparticionovanie. <strong>Tento zv\u00fd\u0161en\u00fd energetick\u00fd v\u00fddaj pom\u00e1ha Spiropentu vytvori\u0165 kalorick\u00fd deficit, k\u013e\u00fa\u010d k udr\u017eate\u013en\u00e9mu chudnutiu.<\/strong> Spr\u00e1vy pou\u017e\u00edvate\u013eov na f\u00f3rach ako Bodybuilding.com nazna\u010duj\u00fa, \u017ee jednotlivci stratili 5-10 kg tuku za jeden mesiac pri spr\u00e1vnom pou\u017eit\u00ed clenbuterolu.<\/p>\n<p>Okrem toho antikatabolick\u00e9 \u00fa\u010dinky clenbuterolu pom\u00e1haj\u00fa zachova\u0165 \u0161t\u00edhlu svalov\u00fa hmotu, \u010do je k\u013e\u00fa\u010dov\u00e9 pre udr\u017eanie vy\u0161\u0161ieho metabolick\u00e9ho tempa po\u010das chudnutia. Spiropent m\u00f4\u017ee aj zn\u00ed\u017ei\u0165 chu\u0165 do jedla, \u010d\u00edm pom\u00e1ha vyhn\u00fa\u0165 sa prejedaniu a udr\u017ea\u0165 kalorick\u00fd deficit. V kombin\u00e1cii s vyv\u00e1\u017eenou, n\u00edzkokalorickou di\u00e9tou a pravideln\u00fdm cvi\u010den\u00edm, ako je kardio alebo silov\u00fd tr\u00e9ning, Spiropent maximalizuje \u00fabytok tukov a podporuje \u0161t\u00edhlu, definovan\u00fa postavu, ako je chv\u00e1len\u00e9 v diskusi\u00e1ch fitness komunity.<\/p>\n<h3>\u00daloha Spiropentu v dlhodobom mana\u017emente hmotnosti<\/h3>\n<p>Udr\u017eanie \u00fabytku hmotnosti je be\u017enou v\u00fdzvou, ale Spiropent podporuje trval\u00fd \u00fabytok tukov cez svoje \u00fa\u010dinky na podporu metabolizmu. V \u0161t\u00fadii na ko\u0148och clenbuterol pri d\u00e1vke 0,8 \u03bcg\/kg dvakr\u00e1t denne zn\u00ed\u017eil telesn\u00fd tuk o 12 % za 21 dn\u00ed, bez v\u00fdrazn\u00e9ho op\u00e4tovn\u00e9ho priberania po\u010das nasleduj\u00facich 21 dn\u00ed. <strong>Spiropent v\u00e1m pom\u00e1ha udr\u017ea\u0165 pokrok zlep\u0161en\u00edm oxid\u00e1cie tukov a podporou zdrav\u00fdch stravovac\u00edch n\u00e1vykov.<\/strong> Jeho antikatabolick\u00e9 vlastnosti zabezpe\u010duj\u00fa zachovanie svalov, \u010do je \u017eivotne d\u00f4le\u017eit\u00e9 pre udr\u017eanie vy\u0161\u0161ieho metabolick\u00e9ho tempa v priebehu \u010dasu, ako je uveden\u00e9 v recenzi\u00e1ch pou\u017e\u00edvate\u013eov.<\/p>\n<p>Na maximaliz\u00e1ciu \u00fa\u010dinnosti sa Spiropent zvy\u010dajne pou\u017e\u00edva v cykloch, ako napr\u00edklad 2 t\u00fd\u017edne u\u017e\u00edvania a 2 t\u00fd\u017edne prest\u00e1vky, aby sa zabr\u00e1nilo desenzibiliz\u00e1cii receptorov, \u010do je be\u017en\u00e1 prax diskutovan\u00e1 na kulturistick\u00fdch f\u00f3rach. Tento cyklick\u00fd pr\u00edstup v kombin\u00e1cii s vyv\u00e1\u017eenou stravou a cvi\u010den\u00edm v\u00e1m pom\u00e1ha dosiahnu\u0165 trval\u00e9 v\u00fdsledky. V\u00e1\u0161 poskytovate\u013e zdravotnej starostlivosti bude sledova\u0165 v\u00e1\u0161 pokrok, aby zabezpe\u010dil bezpe\u010dn\u00e9 pou\u017e\u00edvanie, ke\u010f\u017ee Spiropent nie je v USA schv\u00e1len\u00fd pre \u013eudsk\u00e9 pou\u017eitie a vy\u017eaduje lek\u00e1rsky doh\u013ead.<\/p>\n<h2>D\u00f4le\u017eit\u00e9 \u00favahy pri pou\u017e\u00edvan\u00ed Spiropentu<\/h2>\n<p>Spiropent je v\u00fdkonn\u00fd doplnok na chudnutie, ale prin\u00e1\u0161a v\u00fdznamn\u00e9 \u00favahy. Nie je schv\u00e1len\u00fd pre \u013eudsk\u00e9 pou\u017eitie v Spojen\u00fdch \u0161t\u00e1toch a mnoh\u00fdch in\u00fdch krajin\u00e1ch kv\u00f4li potenci\u00e1lnym ved\u013eaj\u0161\u00edm \u00fa\u010dinkom, vr\u00e1tane zv\u00fd\u0161enej srdcovej frekvencie, trasov a hypokali\u00e9mie. <strong>V\u017edy sa pora\u010fte so svoj\u00edm poskytovate\u013eom zdravotnej starostlivosti pred za\u010dat\u00edm u\u017e\u00edvania Spiropentu, aby ste sa uistili, \u017ee je bezpe\u010dn\u00fd pre v\u00e1\u0161 zdravotn\u00fd profil.<\/strong> Je kontraindikovan\u00fd pre osoby so srdcov\u00fdmi ochoreniami, hypertenziou alebo hypertyre\u00f3zou, ako je zd\u00f4raznen\u00e9 v medic\u00ednskej literat\u00fare a varovaniach pou\u017e\u00edvate\u013eov na f\u00f3rach.<\/p>\n<p>Be\u017en\u00e9 ved\u013eaj\u0161ie \u00fa\u010dinky zah\u0155\u0148aj\u00fa nervozitu, potenie, bolesti hlavy a svalov\u00e9 k\u0155\u010de, ktor\u00e9 s\u00fa \u010dasto z\u00e1visl\u00e9 od d\u00e1vky a m\u00f4\u017eu \u010dasom ust\u00fapi\u0165. V\u00e1\u017ene rizik\u00e1, ako je srdcov\u00e1 hypertrofia alebo arytmie, s\u00fa zriedkav\u00e9, ale vy\u017eaduj\u00fa okam\u017eit\u00fa lek\u00e1rsku pozornos\u0165, ako je uveden\u00e9 v pr\u00edpadov\u00fdch \u0161t\u00fadi\u00e1ch. Spiropent by mal by\u0165 pou\u017e\u00edvan\u00fd v odpor\u00fa\u010danej d\u00e1vke 20-120 mcg denne, zvy\u010dajne v cykloch, aby sa zabr\u00e1nilo vytvoreniu tolerancie, ako radia fitness komunity a pokyny v\u00fdrobcu. Zodpovedn\u00e9 pou\u017e\u00edvanie pod lek\u00e1rskym doh\u013eadom je nevyhnutn\u00e9 na minimaliz\u00e1ciu riz\u00edk.<\/p>\n<h3>Pre\u010do je Spiropent efekt\u00edvny na chudnutie?<\/h3>\n<p>\u00da\u010dinnos\u0165 Spiropentu vypl\u00fdva z jeho schopnosti cieli\u0165 na \u00fabytok tukov cez termogen\u00e9zu a potla\u010denie chuti do jedla. Zv\u00fd\u0161en\u00edm metabolick\u00e9ho tempa o 10-50 % v\u00e1m pom\u00e1ha spa\u013eova\u0165 viac kal\u00f3ri\u00ed aj v pokoji, ako je podporen\u00e9 klinick\u00fdmi \u0161t\u00fadiami. <strong>Spiropent zlep\u0161uje oxid\u00e1ciu tukov, \u010d\u00edm u\u013eah\u010duje dosiahnutie \u0161t\u00edhlej\u0161ej postavy bez straty svalovej hmoty.<\/strong> Jeho bronchodilata\u010dn\u00e9 \u00fa\u010dinky zlep\u0161uj\u00fa dod\u00e1vku kysl\u00edka, \u010d\u00edm zvy\u0161uj\u00fa v\u00fdkon pri tr\u00e9ningu a vytrvalos\u0165, \u010do je v\u00fdhoda \u010dasto spom\u00ednan\u00e1 v recenzi\u00e1ch pou\u017e\u00edvate\u013eov.<\/p>\n<p>Klinick\u00e9 d\u00f4kazy, predov\u0161etk\u00fdm zo \u0161t\u00fadi\u00ed na zvierat\u00e1ch, ukazuj\u00fa schopnos\u0165 clenbuterolu zn\u00ed\u017ei\u0165 tukov\u00fa hmotu a podpori\u0165 svalov\u00fd rast, pri\u010dom \u0161t\u00fadie na \u013eu\u010foch nazna\u010duj\u00fa 21 % zv\u00fd\u0161enie pokojov\u00e9ho energetick\u00e9ho v\u00fddaja. Spiropent m\u00f4\u017ee aj zlep\u0161i\u0165 citlivos\u0165 na inzul\u00edn, \u010d\u00edm podporuje metabolizmus tukov. S n\u00e1le\u017eit\u00fdm lek\u00e1rskym doh\u013eadom je Spiropent v\u0161estrann\u00fdm doplnkom pre t\u00fdch, ktor\u00ed chc\u00fa spa\u013eova\u0165 tuky a zlep\u0161i\u0165 metabolick\u00e9 zdravie, ako je odzrkadlen\u00e9 v diskusi\u00e1ch na fitness f\u00f3rach.<\/p>\n<h2>Pre\u010do si vybra\u0165 Spiropent pre va\u0161u cestu chudnutia?<\/h2>\n<p>Spiropent od B.M. Pharmaceuticals pon\u00faka v\u00fdkonn\u00fd, vedecky podlo\u017een\u00fd pr\u00edstup k chudnutiu pre t\u00fdch, ktor\u00ed s\u00fa odhodlan\u00ed zbavi\u0165 sa nadbyto\u010dn\u00e9ho tuku. Jeho \u00fa\u010dinn\u00e1 l\u00e1tka, clenbuterol hydrochlorid, podporuje spa\u013eovanie tukov cez termogen\u00e9zu a potla\u010denie chuti do jedla, \u010d\u00edm v\u00e1m pom\u00e1ha dosiahnu\u0165 kalorick\u00fd deficit. <strong>So Spiropentom m\u00f4\u017eete ur\u00fdchli\u0165 \u00fabytok tukov pri zachovan\u00ed \u0161t\u00edhlej svalovej hmoty, ide\u00e1lne pre dosiahnutie vytvarovanej postavy.<\/strong> Jeho poves\u0165 vo fitness komunit\u00e1ch a presn\u00e1 d\u00e1vka 40 mcg ho robia d\u00f4veryhodnou vo\u013ebou.<\/p>\n<p>Ste pripraven\u00ed transformova\u0165 svoje telo? Pora\u010fte sa so svoj\u00edm poskytovate\u013eom zdravotnej starostlivosti, aby ste zistili, \u010di je Spiropent pre v\u00e1s vhodn\u00fd. S vyv\u00e1\u017eenou stravou, pravideln\u00fdm cvi\u010den\u00edm a lek\u00e1rskym doh\u013eadom v\u00e1m Spiropent m\u00f4\u017ee pom\u00f4c\u0165 dosiahnu\u0165 va\u0161e ciele chudnutia a prija\u0165 zdrav\u0161ie, sebavedomej\u0161ie ja. Za\u010dnite svoju cestu dnes so Spiropentom a odomknite \u0161t\u00edhlej\u0161iu bud\u00facnos\u0165!<\/p>\n","protected":false},"excerpt":{"rendered":"<p>Spiropent od B.M. Pharmaceuticals s <strong>clenbuterol hydrochloridom<\/strong> je v\u00fdkonn\u00fd doplnok na chudnutie, ktor\u00fd podporuje metabolizmus a spa\u013euje tuky. Spiropent podporuje termogen\u00e9zu a potl\u00e1\u010da chu\u0165 do jedla pre efekt\u00edvne chudnutie. <strong>Ide\u00e1lny pre t\u00fdch, ktor\u00ed chc\u00fa zhodi\u0165 nadbyto\u010dn\u00fd tuk a zachova\u0165 svalov\u00fa hmotu, Spiropent podporuje va\u0161e fitness ciele.<\/strong> Za\u010dnite svoju transform\u00e1ciu dnes!<\/p>\n","protected":false},"featured_media":749,"comment_status":"open","ping_status":"closed","template":"","meta":{"_acf_changed":false},"product_brand":[],"product_cat":[46],"product_tag":[],"class_list":{"0":"post-663","1":"product","2":"type-product","3":"status-publish","4":"has-post-thumbnail","6":"product_cat-clenbuterol-sk","8":"first","9":"instock","10":"shipping-taxable","11":"purchasable","12":"product-type-simple"},"acf":[],"_links":{"self":[{"href":"https:\/\/fatburner.to\/sk\/wp-json\/wp\/v2\/product\/663","targetHints":{"allow":["GET"]}}],"collection":[{"href":"https:\/\/fatburner.to\/sk\/wp-json\/wp\/v2\/product"}],"about":[{"href":"https:\/\/fatburner.to\/sk\/wp-json\/wp\/v2\/types\/product"}],"replies":[{"embeddable":true,"href":"https:\/\/fatburner.to\/sk\/wp-json\/wp\/v2\/comments?post=663"}],"wp:featuredmedia":[{"embeddable":true,"href":"https:\/\/fatburner.to\/sk\/wp-json\/wp\/v2\/media\/749"}],"wp:attachment":[{"href":"https:\/\/fatburner.to\/sk\/wp-json\/wp\/v2\/media?parent=663"}],"wp:term":[{"taxonomy":"product_brand","embeddable":true,"href":"https:\/\/fatburner.to\/sk\/wp-json\/wp\/v2\/product_brand?post=663"},{"taxonomy":"product_cat","embeddable":true,"href":"https:\/\/fatburner.to\/sk\/wp-json\/wp\/v2\/product_cat?post=663"},{"taxonomy":"product_tag","embeddable":true,"href":"https:\/\/fatburner.to\/sk\/wp-json\/wp\/v2\/product_tag?post=663"}],"curies":[{"name":"wp","href":"https:\/\/api.w.org\/{rel}","templated":true}]}}