{"id":684,"date":"2025-09-08T15:59:58","date_gmt":"2025-09-08T15:59:58","guid":{"rendered":"https:\/\/fatburner.to\/termek\/novo-nordisk-ozempic-1-mg\/"},"modified":"2025-09-19T16:43:14","modified_gmt":"2025-09-19T16:43:14","slug":"novo-nordisk-ozempic-1-mg","status":"publish","type":"product","link":"https:\/\/fatburner.to\/sk\/produkt\/novo-nordisk-ozempic-1-mg\/","title":{"rendered":"Ozempic 1 mg"},"content":{"rendered":"<h2>Objedn\u00e1vka Ozempicu: Va\u0161a cesta k chudnutiu s Ozempicom 1 mg od Novo Nordisk<\/h2>\n<p>Ste pripraven\u00ed prevzia\u0165 kontrolu nad svojou hmotnos\u0165ou a zdrav\u00edm? Objedn\u00e1vka Ozempicu pon\u00faka v\u00fdkonn\u00fa, vedecky podlo\u017een\u00fa mo\u017enos\u0165 pre t\u00fdch, ktor\u00ed chc\u00fa zhodi\u0165 nadbyto\u010dn\u00e9 kil\u00e1 a zlep\u0161i\u0165 svoje zdravie. Vyvinut\u00fd spolo\u010dnos\u0165ou Novo Nordisk, d\u00f4veryhodn\u00fdm menom v zdravotn\u00edctve od roku 1923, Ozempic 1 mg je liek na predpis prim\u00e1rne ur\u010den\u00fd na lie\u010dbu cukrovky 2. typu, no z\u00edskal pozornos\u0165 pre svoje v\u00fdznamn\u00e9 v\u00fdhody pri chudnut\u00ed. <strong>S objedn\u00e1vkou Ozempicu z\u00edskate pr\u00edstup k lieku, ktor\u00fd v\u00e1m pom\u00e1ha c\u00edti\u0165 sa s\u00fdtej\u0161\u00edmi, jes\u0165 menej a efekt\u00edvne spa\u013eova\u0165 tuky, v\u0161etko prostredn\u00edctvom praktick\u00e9ho predplnen\u00e9ho pera.<\/strong> V tomto sprievodcovi presk\u00famame, ako Ozempic funguje, jeho \u00fa\u010dinn\u00fa l\u00e1tku a pre\u010do je prelomov\u00fd pre mana\u017ement hmotnosti.<\/p>\n<h2>\u010co je Ozempic a ako podporuje chudnutie?<\/h2>\n<p>Ozempic je injek\u010dn\u00fd liek pod\u00e1van\u00fd raz t\u00fd\u017edenne, ktor\u00fd zmenil \u017eivoty mnoh\u00fdch \u013eud\u00ed podporou chudnutia a zlep\u0161en\u00edm metabolick\u00e9ho zdravia. Vyr\u00e1ban\u00fd spolo\u010dnos\u0165ou Novo Nordisk, Ozempic je schv\u00e1len\u00fd FDA pre dospel\u00fdch s cukrovkou 2. typu na zlep\u0161enie kontroly hladiny cukru v krvi a zn\u00ed\u017eenie rizika z\u00e1va\u017en\u00fdch kardiovaskul\u00e1rnych pr\u00edhod, ako je infarkt alebo m\u0155tvica, u os\u00f4b s diagnostikovanou srdcovou chorobou. <strong>Hoci nie je v\u00fdslovne schv\u00e1len\u00fd na chudnutie, objedn\u00e1vka Ozempicu je popul\u00e1rna medzi t\u00fdmi, ktor\u00ed chc\u00fa zhodi\u0165 nadbyto\u010dn\u00fa hmotnos\u0165, \u0431\u043b\u0430\u0433\u043e\u0434\u0430\u0440\u044f svojej preuk\u00e1zanej schopnosti zni\u017eova\u0165 chu\u0165 do jedla a podporova\u0165 spa\u013eovanie tukov.<\/strong> Je vhodn\u00fd aj pre dospel\u00fdch s chronick\u00fdm ochoren\u00edm obli\u010diek, kde pom\u00e1ha zni\u017eova\u0165 riziko komplik\u00e1ci\u00ed s obli\u010dkami.<\/p>\n<p>\u00da\u010dinn\u00e1 l\u00e1tka v Ozempicu, semaglutid, je agonista receptorov glukag\u00f3nu podobn\u00e9ho peptidu-1 (GLP-1), ktor\u00fd napodob\u0148uje prirodzen\u00fd horm\u00f3n vo va\u0161om tele. Prostredn\u00edctvom objedn\u00e1vky Ozempicu z\u00edskate pr\u00edstup k lieku, ktor\u00fd v kombin\u00e1cii so zdravou stravou a cvi\u010den\u00edm pom\u00e1ha dosiahnu\u0165 udr\u017eate\u013en\u00e9 chudnutie. Jeho jednoduch\u00e9 pou\u017eitie a \u00fa\u010dinnos\u0165 ho robia atrakt\u00edvnou vo\u013ebou pre t\u00fdch, ktor\u00ed s\u00fa odhodlan\u00ed zhodi\u0165 kil\u00e1 a udr\u017ea\u0165 si zdrav\u0161\u00ed \u017eivotn\u00fd \u0161t\u00fdl.<\/p>\n<h3>\u00da\u010dinn\u00e1 l\u00e1tka: semaglutid<\/h3>\n<p>V jadre \u00fa\u010dinnosti Ozempicu le\u017e\u00ed <strong>semaglutid<\/strong>, syntetick\u00e1 verzia horm\u00f3nu GLP-1 produkovan\u00e9ho v \u010drev\u00e1ch. Tento horm\u00f3n reguluje hladinu cukru v krvi, tr\u00e1venie a chu\u0165 do jedla, \u010d\u00edm zohr\u00e1va k\u013e\u00fa\u010dov\u00fa \u00falohu v metabolickom zdrav\u00ed. Ke\u010f si vyberiete objedn\u00e1vku Ozempicu, semaglutid pom\u00e1ha vytv\u00e1ra\u0165 pocit s\u00fdtosti, zni\u017euje hlad a u\u013eah\u010duje dodr\u017eiavanie n\u00edzkokalorickej di\u00e9ty. <strong>Objedn\u00e1vka Ozempicu poskytuje liek, ktor\u00fd vyu\u017e\u00edva jedine\u010dn\u00e9 vlastnosti semaglutidu na podporu chudnutia a zlep\u0161enie celkov\u00e9ho zdravia.<\/strong><\/p>\n<p>Semaglutid bol vyvinut\u00fd spolo\u010dnos\u0165ou Novo Nordisk ako dlh\u0161ie p\u00f4sobiaca alternat\u00edva k skor\u0161\u00edm agonistom receptorov GLP-1, ako je liraglutid. Schv\u00e1len\u00fd FDA v roku 2017 pre cukrovku 2. typu, semaglutid r\u00fdchlo z\u00edskal pozornos\u0165 pre svoj potenci\u00e1l pri chudnut\u00ed, ako uk\u00e1zali klinick\u00e9 \u0161t\u00fadie SUSTAIN. V t\u00fdchto \u0161t\u00fadi\u00e1ch pacienti u\u017e\u00edvaj\u00faci Ozempic 1 mg zaznamenali priemern\u00fd \u00fabytok hmotnosti o 3,5 kg viac ako placebo po\u010das 30 t\u00fd\u017ed\u0148ov, \u010do zd\u00f4raz\u0148uje, pre\u010do je objedn\u00e1vka Ozempicu presved\u010divou vo\u013ebou pre t\u00fdch, ktor\u00ed chc\u00fa spa\u013eova\u0165 tuky.<\/p>\n<h2>Ako Ozempic podporuje chudnutie?<\/h2>\n<p>Jedine\u010dn\u00fd mechanizmus \u00fa\u010dinku Ozempicu ho odli\u0161uje od in\u00fdch rie\u0161en\u00ed na chudnutie. Napodob\u0148ovan\u00edm horm\u00f3nu GLP-1 semaglutid interaguje s receptormi v hypotalame mozgu, ktor\u00fd kontroluje chu\u0165 do jedla a s\u00fdtos\u0165. <strong>T\u00e1to interakcia zni\u017euje hlad, pom\u00e1ha v\u00e1m c\u00edti\u0165 sa spokojn\u00fdmi s men\u0161\u00edmi porciami a potl\u00e1\u010da chute na vysokokalorick\u00e9 potraviny.<\/strong> Objedn\u00e1vka Ozempicu poskytuje n\u00e1stroj, ktor\u00fd pracuje v s\u00falade s prirodzen\u00fdmi syst\u00e9mami v\u00e1\u0161ho tela na podporu udr\u017eate\u013en\u00e9ho chudnutia.<\/p>\n<p>Okrem potla\u010denia chuti do jedla Ozempic spoma\u013euje vypr\u00e1zd\u0148ovanie \u017eal\u00fadka, \u010do znamen\u00e1, \u017ee jedlo zost\u00e1va v \u017eal\u00fadku dlh\u0161ie, \u010d\u00edm zvy\u0161uje pocit s\u00fdtosti. Tento du\u00e1lny \u00fa\u010dinok \u2013 zn\u00ed\u017eenie chuti do jedla a pred\u013a\u017eenie s\u00fdtosti \u2013 rob\u00ed objedn\u00e1vku Ozempicu silnou vo\u013ebou pre t\u00fdch, ktor\u00ed chc\u00fa schudn\u00fa\u0165. Po\u010fme sa hlb\u0161ie ponori\u0165 do vedy za jeho mechanizmom chudnutia.<\/p>\n<h3>Veda za mechanizmom chudnutia Ozempicu<\/h3>\n<p>Ke\u010f si injek\u010dne pod\u00e1te Ozempic, semaglutid sa via\u017ee na receptory GLP-1 v hypotalame, \u010d\u00edm signalizuje v\u00e1\u0161mu mozgu zn\u00ed\u017eenie chuti do jedla a zv\u00fd\u0161enie pocitu s\u00fdtosti. To v\u00e1m pom\u00e1ha konzumova\u0165 menej kal\u00f3ri\u00ed bez pocitu depriv\u00e1cie. Okrem toho semaglutid stimuluje sekr\u00e9ciu inzul\u00ednu a inhibuje uvo\u013e\u0148ovanie glukag\u00f3nu gluk\u00f3zovo z\u00e1visl\u00fdm sp\u00f4sobom, \u010d\u00edm stabilizuje hladiny cukru v krvi a zabra\u0148uje energetick\u00fdm poklesom, ktor\u00e9 m\u00f4\u017eu vies\u0165 k prejedaniu. <strong>Objedn\u00e1vka Ozempicu v\u00e1m umo\u017e\u0148uje udr\u017ea\u0165 kalorick\u00fd deficit, k\u013e\u00fa\u010dov\u00fd faktor udr\u017eate\u013en\u00e9ho chudnutia.<\/strong><\/p>\n<p>Klinick\u00e9 \u0161t\u00fadie, ako napr\u00edklad \u0161t\u00fadia SUSTAIN 1 (NCT02054897), preuk\u00e1zali \u00fa\u010dinnos\u0165 Ozempicu. V 30-t\u00fd\u017ed\u0148ovej \u0161t\u00fadii pacienti u\u017e\u00edvaj\u00faci Ozempic 1 mg stratili v priemere o 3,5 kg viac ako t\u00ed na placebe, pri\u010dom 73 % dosiahlo A1C 7 % alebo menej. Hoci Ozempic nie je schv\u00e1len\u00fd FDA na chudnutie, jeho sestersk\u00fd liek Wegovy pou\u017e\u00edva vy\u0161\u0161iu d\u00e1vku semaglutidu na tento \u00fa\u010del. <strong>S objedn\u00e1vkou Ozempicu m\u00f4\u017eete tieto v\u00fdhody vyu\u017ei\u0165 na podporu va\u0161ej cesty chudnutia v kombin\u00e1cii s di\u00e9tou a cvi\u010den\u00edm.<\/strong><\/p>\n<p>Ozempic zlep\u0161uje aj metabolick\u00e9 zdravotn\u00e9 markery, ako je citlivos\u0165 na inzul\u00edn, \u010do m\u00f4\u017ee zn\u00ed\u017ei\u0165 ukladanie tukov a podpori\u0165 spa\u013eovanie tukov. Stabiliz\u00e1ciou hladiny cukru v krvi Ozempic pom\u00e1ha vyhn\u00fa\u0165 sa v\u00fdkyvom, ktor\u00e9 \u010dasto sp\u00fa\u0161\u0165aj\u00fa chute, \u010d\u00edm u\u013eah\u010duje dodr\u017eiavanie zdrav\u00e9ho stravovacieho pl\u00e1nu. Objedn\u00e1vka Ozempicu je praktick\u00fdm krokom k dosiahnutiu va\u0161ich cie\u013eov chudnutia vedecky podlo\u017een\u00fdm sp\u00f4sobom.<\/p>\n<h4>Ako Ozempic sp\u00fa\u0161\u0165a spa\u013eovanie tukov<\/h4>\n<p>Hoci Ozempic priamo nespaluje tuky, vytv\u00e1ra podmienky, aby to va\u0161e telo urobilo efekt\u00edvne. Zn\u00ed\u017een\u00edm chuti do jedla a podporou s\u00fdtosti v\u00e1m Ozempic pom\u00e1ha konzumova\u0165 menej kal\u00f3ri\u00ed, \u010do vedie k kalorick\u00e9mu deficitu. Ke\u010f va\u0161e telo spotrebuje viac kal\u00f3ri\u00ed, ako pr\u00edjme, za\u010dne spa\u013eova\u0165 ulo\u017een\u00fd tuk na energiu. <strong>Objedn\u00e1vka Ozempicu podporuje tento proces u\u013eah\u010den\u00edm udr\u017eania kalorick\u00e9ho deficitu, najm\u00e4 v kombin\u00e1cii s pravideln\u00fdm cvi\u010den\u00edm a vyv\u00e1\u017eenou stravou.<\/strong><\/p>\n<p>\u00da\u010dinok semaglutidu na citlivos\u0165 na inzul\u00edn zohr\u00e1va \u00falohu aj pri spa\u013eovan\u00ed tukov. Zlep\u0161en\u00edm spracovania gluk\u00f3zy va\u0161\u00edm telom Ozempic zni\u017euje pravdepodobnos\u0165 ukladania nadbyto\u010dn\u00fdch kal\u00f3ri\u00ed ako tuku. V klinick\u00fdch \u0161t\u00fadi\u00e1ch pacienti u\u017e\u00edvaj\u00faci Ozempic zaznamenali v\u00fdrazn\u00e9 zn\u00ed\u017eenie telesnej hmotnosti, pri\u010dom niektor\u00ed stratili a\u017e 6,4 kg po\u010das dlh\u0161\u00edch obdob\u00ed. <strong>Objedn\u00e1vka Ozempicu poskytuje spo\u013eahliv\u00fd n\u00e1stroj na spa\u013eovanie tukov a dosiahnutie zdrav\u0161ieho zlo\u017eenia tela.<\/strong><\/p>\n<h3>\u00daloha Ozempicu v dlhodobom mana\u017emente hmotnosti<\/h3>\n<p>Udr\u017eanie \u00fabytku hmotnosti je \u010dasto n\u00e1ro\u010dnej\u0161ie ako jeho po\u010diato\u010dn\u00e9 dosiahnutie. Ozempic je navrhnut\u00fd na dlhodob\u00e9 pou\u017eitie, pom\u00e1ha v\u00e1m udr\u017ea\u0165 pokrok v priebehu \u010dasu. V klinick\u00fdch \u0161t\u00fadi\u00e1ch pacienti u\u017e\u00edvaj\u00faci Ozempic zaznamenali pokra\u010duj\u00faci \u00fabytok hmotnosti po\u010das 30\u201356 t\u00fd\u017ed\u0148ov, pri\u010dom mnoh\u00ed si udr\u017eali v\u00fdsledky pri pokra\u010duj\u00facej lie\u010dbe. <strong>Objedn\u00e1vka Ozempicu pon\u00faka udr\u017eate\u013en\u00e9 rie\u0161enie pre t\u00fdch, ktor\u00ed s\u00fa odhodlan\u00ed na dlhodob\u00fd mana\u017ement hmotnosti.<\/strong><\/p>\n<p>Ozempic funguje najlep\u0161ie v kombin\u00e1cii so zmenami \u017eivotn\u00e9ho \u0161t\u00fdlu, ako je prijatie v\u00fd\u017eivnej stravy a zv\u00fd\u0161enie fyzickej aktivity. V\u00e1\u0161 poskytovate\u013e zdravotnej starostlivosti bude sledova\u0165 v\u00e1\u0161 pokrok, zvy\u010dajne hodnoti\u0165 v\u00fdsledky po 12\u201316 t\u00fd\u017ed\u0148och pri udr\u017eiavacej d\u00e1vke (1 mg alebo 2 mg t\u00fd\u017edenne). Ak \u00fabytok hmotnosti alebo kontrola hladiny cukru v krvi nie je dostato\u010dn\u00e1, m\u00f4\u017eu upravi\u0165 v\u00e1\u0161 pl\u00e1n. Objedn\u00e1vka Ozempicu podporuje komplexn\u00fd pr\u00edstup k mana\u017ementu hmotnosti, pom\u00e1ha v\u00e1m vybudova\u0165 n\u00e1vyky pre trval\u00fd \u00faspech.<\/p>\n<h2>Pohodlie predplnen\u00e9ho pera Ozempicu<\/h2>\n<p>Objedn\u00e1vka Ozempicu v\u00e1m poskytuje pr\u00edstup k <strong>Ozempic FlexTouch Peru<\/strong>, predplnen\u00e9mu peru na jedno pou\u017eitie, ktor\u00e9 rob\u00ed t\u00fd\u017edenn\u00e9 injekcie jednoduch\u00fdmi a pohodln\u00fdmi. Ka\u017ed\u00e9 pero obsahuje roztok semaglutidu 1,34 mg\/ml, ktor\u00fd dod\u00e1va d\u00e1vky 0,25 mg, 0,5 mg alebo 1 mg, s mo\u017enos\u0165ou 2 mg pre niektor\u00fdch pacientov. <strong>Ozempic FlexTouch Pero je navrhnut\u00e9 pre jednoduch\u00e9 pou\u017eitie, \u010d\u00edm je objedn\u00e1vka Ozempicu praktickou vo\u013ebou pre zanepr\u00e1zdnen\u00fdch \u013eud\u00ed.<\/strong> Jeho prenosnos\u0165 a jednoduch\u00fd dizajn zabezpe\u010duj\u00fa, \u017ee si m\u00f4\u017eete udr\u017ea\u0165 pl\u00e1n lie\u010dby kdeko\u013evek a kedyko\u013evek.<\/p>\n<h3>Ako pou\u017e\u00edva\u0165 predplnen\u00e9 pero Ozempicu<\/h3>\n<p>Ozempic FlexTouch Pero je u\u017e\u00edvate\u013esky pr\u00edvetiv\u00e9, aj pre t\u00fdch, ktor\u00ed s\u00fa nov\u00ed pri injek\u010dn\u00fdch liekoch. Je navrhnut\u00e9 na subkut\u00e1nnu injekciu pod ko\u017eu brucha, stehna alebo ramena a m\u00f4\u017ee by\u0165 podan\u00e9 raz t\u00fd\u017edenne, s jedlom alebo bez jedla. <strong>Objedn\u00e1vka Ozempicu zjednodu\u0161uje va\u0161u rutinu s perom, ktor\u00e9 nevy\u017eaduje mie\u0161anie ani meranie, \u010d\u00edm zabezpe\u010duje presn\u00e9 d\u00e1vkovanie pri ka\u017edom pou\u017eit\u00ed.<\/strong> Pero je dod\u00e1van\u00e9 s ihlami NovoFine Plus 32G 4 mm, ktor\u00e9 patria k najten\u0161\u00edm dostupn\u00fdm, minimalizuj\u00facim nepohodlie.<\/p>\n<p>Na pou\u017eitie pera pripevnite nov\u00fa ihlu, nastavte predp\u00edsan\u00fa d\u00e1vku a aplikujte injekciu. Proces trv\u00e1 sekundy a \u010d\u00edry, bezfarebn\u00fd roztok pera by mal by\u0165 pred pou\u017eit\u00edm skontrolovan\u00fd. Za\u010dnite s 0,25 mg t\u00fd\u017edenne po\u010das \u0161tyroch t\u00fd\u017ed\u0148ov, potom zv\u00fd\u0161te na 0,5 mg alebo 1 mg pod\u013ea pokynov v\u00e1\u0161ho lek\u00e1ra, aby ste minimalizovali ved\u013eaj\u0161ie \u00fa\u010dinky, ako je nevo\u013enos\u0165. Novo Nordisk pon\u00faka podporu prostredn\u00edctvom hor\u00facej linky Ozempicu (1-888-693-6742) a online zdrojov, aby v\u00e1s sprev\u00e1dzal. Objedn\u00e1vka Ozempicu zabezpe\u010duje, \u017ee m\u00e1te n\u00e1stroje a podporu pre sebavedom\u00e9 pod\u00e1vanie.<\/p>\n<h4>Pre\u010do je predplnen\u00e9 pero prelomov\u00e9<\/h4>\n<p>Ozempic FlexTouch Pero revolu\u010dne men\u00ed mana\u017ement hmotnosti svojou jednoduchos\u0165ou a prenosnos\u0165ou. Jeho kompaktn\u00fd dizajn sa \u013eahko zmest\u00ed do vrecka alebo ta\u0161ky, umo\u017e\u0148uj\u00fac diskr\u00e9tne injekcie na cest\u00e1ch. V\u00fdber d\u00e1vky a jemn\u00e9 ihly pera robia injekcie r\u00fdchlymi a takmer bezbolestn\u00fdmi, podporuj\u00fac dodr\u017eiavanie. <strong>Objedn\u00e1vka Ozempicu s FlexTouch Perom eliminuje zlo\u017eitos\u0165 tradi\u010dn\u00fdch lie\u010debn\u00fdch postupov, umo\u017e\u0148uj\u00fac v\u00e1m s\u00fastredi\u0165 sa na va\u0161u cestu chudnutia.<\/strong><\/p>\n<p>Odolnos\u0165 pera umo\u017e\u0148uje skladovanie pri izbovej teplote a\u017e 56 dn\u00ed po prvom pou\u017eit\u00ed, \u010do zvy\u0161uje jeho pohodlie. Ka\u017ed\u00e9 pero dod\u00e1va \u0161tyri d\u00e1vky a Novo Nordisk zah\u0155\u0148a jednorazov\u00e9 ihly v ka\u017edom balen\u00ed. <strong>Objedn\u00e1vka Ozempicu poskytuje bezprobl\u00e9mov\u00e9 rie\u0161enie, ktor\u00e9 v\u00e1m umo\u017e\u0148uje zosta\u0165 konzistentn\u00fdm s va\u0161ou lie\u010dbou.<\/strong><\/p>\n<h2>Kto m\u00f4\u017ee profitova\u0165 z objedn\u00e1vky Ozempicu?<\/h2>\n<p>Objedn\u00e1vka Ozempicu je ide\u00e1lna pre dospel\u00fdch s cukrovkou 2. typu, ktor\u00ed chc\u00fa zlep\u0161i\u0165 kontrolu hladiny cukru v krvi a schudn\u00fa\u0165, najm\u00e4 pre t\u00fdch s ochoreniami s\u00favisiacimi s hmotnos\u0165ou, ako s\u00fa srdcov\u00e9 choroby alebo chronick\u00e9 ochorenie obli\u010diek. Hoci nie je schv\u00e1len\u00fd FDA na chudnutie, jeho v\u00fdhody ho robia popul\u00e1rnou vo\u013ebou pre t\u00fdch, ktor\u00ed bojuj\u00fa s obezitou alebo nadv\u00e1hou. <strong>Objedn\u00e1vka Ozempicu pon\u00faka osved\u010den\u00fd liek pre jednotlivcov odhodlan\u00fdch transformova\u0165 svoje zdravie prostredn\u00edctvom di\u00e9ty, cvi\u010denia a lek\u00e1rskej podpory.<\/strong><\/p>\n<p>Ozempic nie je vhodn\u00fd pre ka\u017ed\u00e9ho. Je kontraindikovan\u00fd pre osoby s osobnou alebo rodinnou anamn\u00e9zou medul\u00e1rneho karcin\u00f3mu \u0161t\u00edtnej \u017e\u013eazy (MTC), syndr\u00f3mom mnohopo\u010detnej endokrinnej neopl\u00e1zie typu 2 (MEN 2) alebo precitlivenos\u0165ou na semaglutid. Be\u017en\u00e9 ved\u013eaj\u0161ie \u00fa\u010dinky zah\u0155\u0148aj\u00fa nevo\u013enos\u0165, vracanie a hna\u010dku, ktor\u00e9 s\u00fa zvy\u010dajne mierne a \u010dasom ustupuj\u00fa. Pora\u010fte sa so svoj\u00edm lek\u00e1rom, aby ste sa uistili, \u017ee objedn\u00e1vka Ozempicu je pre v\u00e1s vhodn\u00e1.<\/p>\n<h3>Potenci\u00e1lne ved\u013eaj\u0161ie \u00fa\u010dinky a \u00favahy<\/h3>\n<p>Ako ka\u017ed\u00fd liek, aj Ozempic m\u00f4\u017ee sp\u00f4sobi\u0165 ved\u013eaj\u0161ie \u00fa\u010dinky, pri\u010dom naj\u010dastej\u0161ie s\u00fa nevo\u013enos\u0165, vracanie, hna\u010dka a z\u00e1pcha, ktor\u00e9 postihuj\u00fa viac ako 5 % pou\u017e\u00edvate\u013eov. Tieto s\u00fa zvy\u010dajne mierne a kr\u00e1tkodob\u00e9. V\u00e1\u017ene rizik\u00e1, ako je pankreatit\u00edda alebo n\u00e1dory \u0161t\u00edtnej \u017e\u013eazy, s\u00fa zriedkav\u00e9, ale vy\u017eaduj\u00fa okam\u017eit\u00fa pozornos\u0165. <strong>V\u00e1\u0161 poskytovate\u013e zdravotnej starostlivosti bude sledova\u0165 va\u0161e zdravie, aby zabezpe\u010dil, \u017ee objedn\u00e1vka Ozempicu je bezpe\u010dn\u00e1 a efekt\u00edvna pre va\u0161e potreby.<\/strong><\/p>\n<p>Kv\u00f4li vysok\u00e9mu dopytu m\u00f4\u017ee by\u0165 dostupnos\u0165 Ozempicu ob\u010das obmedzen\u00e1. Novo Nordisk rie\u0161i tieto nedostatky, ale v pr\u00edpade potreby diskutujte o alternat\u00edvach so svoj\u00edm lek\u00e1rom. Objedn\u00e1vka Ozempicu cez d\u00f4veryhodn\u00e9 platformy ako NovoCare zabezpe\u010duje pr\u00edstup k autentick\u00e9mu lieku.<\/p>\n<h2>Pre\u010do si vybra\u0165 objedn\u00e1vku Ozempicu na chudnutie?<\/h2>\n<p>Objedn\u00e1vka Ozempicu pon\u00faka vedecky podlo\u017een\u00e9 rie\u0161enie pre t\u00fdch, ktor\u00ed s\u00fa pripraven\u00ed schudn\u00fa\u0165 a zlep\u0161i\u0165 svoje zdravie. V\u010faka schopnosti semaglutidu zni\u017eova\u0165 chu\u0165 do jedla a podporova\u0165 spa\u013eovanie tukov v\u00e1m Ozempic pom\u00e1ha dosiahnu\u0165 zmyslupln\u00e9 v\u00fdsledky. Ozempic FlexTouch Pero rob\u00ed t\u00fd\u017edenn\u00e9 injekcie jednoduch\u00fdmi a prisp\u00f4sob\u00ed sa ak\u00e9muko\u013evek \u017eivotn\u00e9mu \u0161t\u00fdlu. <strong>Kombin\u00e1ciou objedn\u00e1vky Ozempicu so zdravou stravou a cvi\u010den\u00edm m\u00f4\u017eete odomkn\u00fa\u0165 zdrav\u0161ie, sebavedomej\u0161ie ja.<\/strong><\/p>\n<p>Pora\u010fte sa so svoj\u00edm poskytovate\u013eom zdravotnej starostlivosti o objedn\u00e1vke Ozempicu e\u0161te dnes. S odbornos\u0165ou Novo Nordisk a komplexn\u00fdm pl\u00e1nom mana\u017ementu hmotnosti ste o krok bli\u017e\u0161ie k dosiahnutiu va\u0161ich cie\u013eov chudnutia a \u017eivotu pln\u00e9mu vitality a zdravia.<\/p>\n","protected":false},"excerpt":{"rendered":"<p>Die Bestellung von Ozempic bietet eine leistungsstarke L\u00f6sung f\u00fcr Gewichtsverlust und die Behandlung von Typ-2-Diabetes von Novo Nordisk. Mit <strong>Semaglutid<\/strong> reduziert es den Appetit und f\u00f6rdert die Fettverbrennung, um nachhaltige Ergebnisse zu erzielen. Der <strong>Ozempic FlexTouch Pen<\/strong> vereinfacht w\u00f6chentliche Injektionen und passt m\u00fchelos in Ihren Alltag. Starten Sie noch heute mit der Bestellung von Ozempic, um Ihre Gesundheit mit einem wissenschaftlich fundierten Ansatz zu transformieren.<\/p>\n","protected":false},"featured_media":682,"comment_status":"open","ping_status":"closed","template":"","meta":{"_acf_changed":false},"product_brand":[52],"product_cat":[39],"product_tag":[],"class_list":{"0":"post-684","1":"product","2":"type-product","3":"status-publish","4":"has-post-thumbnail","6":"product_brand-novo-nordisk","7":"product_cat-semaglutide-sk","9":"first","10":"instock","11":"shipping-taxable","12":"purchasable","13":"product-type-simple"},"acf":[],"_links":{"self":[{"href":"https:\/\/fatburner.to\/sk\/wp-json\/wp\/v2\/product\/684","targetHints":{"allow":["GET"]}}],"collection":[{"href":"https:\/\/fatburner.to\/sk\/wp-json\/wp\/v2\/product"}],"about":[{"href":"https:\/\/fatburner.to\/sk\/wp-json\/wp\/v2\/types\/product"}],"replies":[{"embeddable":true,"href":"https:\/\/fatburner.to\/sk\/wp-json\/wp\/v2\/comments?post=684"}],"wp:featuredmedia":[{"embeddable":true,"href":"https:\/\/fatburner.to\/sk\/wp-json\/wp\/v2\/media\/682"}],"wp:attachment":[{"href":"https:\/\/fatburner.to\/sk\/wp-json\/wp\/v2\/media?parent=684"}],"wp:term":[{"taxonomy":"product_brand","embeddable":true,"href":"https:\/\/fatburner.to\/sk\/wp-json\/wp\/v2\/product_brand?post=684"},{"taxonomy":"product_cat","embeddable":true,"href":"https:\/\/fatburner.to\/sk\/wp-json\/wp\/v2\/product_cat?post=684"},{"taxonomy":"product_tag","embeddable":true,"href":"https:\/\/fatburner.to\/sk\/wp-json\/wp\/v2\/product_tag?post=684"}],"curies":[{"name":"wp","href":"https:\/\/api.w.org\/{rel}","templated":true}]}}